{"id":78040,"date":"2024-05-01T23:58:47","date_gmt":"2024-05-01T21:58:47","guid":{"rendered":"https:\/\/staging6.peach-pump.com\/products\/damske-kratke-leginy-cerne\/"},"modified":"2025-10-31T14:09:05","modified_gmt":"2025-10-31T12:09:05","slug":"damske-kratke-leginy-cerne","status":"publish","type":"product","link":"https:\/\/staging6.peach-pump.com\/cs\/products\/damske-kratke-leginy-cerne\/","title":{"rendered":"\u010cern\u00e9 d\u00e1msk\u00e9 kr\u00e1tk\u00e9 leg\u00edny s tvaruj\u00edc\u00edm efektem Peach Pump"},"content":{"rendered":"<p>Sportovn\u00ed d\u00e1msk\u00e9 kr\u00e1tk\u00e9 leg\u00edny typu biker shorts v \u010dern\u00e9 barv\u011b vytvo\u0159en\u00e9 z beze\u0161v\u00e9, elastick\u00e9 a p\u0159\u00edjemn\u00e9 tkaniny. Tento model postavu dokonale tvaruje, je vybaven \u0161irok\u00fdm \u017eebrovan\u00fdm d\u00edlem v pase s n\u00e1pisem Peach Pump, kter\u00fd pas jemn\u011b stahuje . Tkanina leg\u00edn zakr\u00fdv\u00e1 problematick\u00e9 partie, odv\u00e1d\u00ed vlhkost od t\u011bla a je vybavena prvky, kter\u00e9 tvaruj\u00ed broskvov\u00fd zade\u010dek pro kr\u00e1snou a p\u016fvabnou siluetu. V tomto modelu se budete c\u00edtit pohodln\u011b a sebejist\u011b. Leg\u00edny lze sladit s poprs\u00edm ve stejn\u00e9m vzoru nebo si m\u016f\u017eete z na\u0161e \u0161irok\u00e9 kolekce bundi\u010dek, sportovn\u00edch podprsenek a dopl\u0148k\u016f vytvo\u0159it sv\u016fj vlastn\u00ed sportovn\u00ed outfit, kter\u00fd bude v\u00fdrazn\u00fd a odli\u0161n\u00fd.<\/p>\n<ul>\n<li>Vysok\u00fd pas<\/li>\n<li>Beze\u0161v\u00e1 tkanina<\/li>\n<li>Zved\u00e1, vytvaruje, zakr\u00fdv\u00e1 probl\u00e9mov\u00e9 oblasti<\/li>\n<li>\u017debrovan\u00fd d\u00edl v pase, kter\u00fd pas obep\u00edn\u00e1<\/li>\n<li>Broskvov\u00fd efekt<\/li>\n<li>Tepeln\u00fd potisk loga Peach Pump vp\u0159edu<\/li>\n<li>Bez \u0161vu v p\u0159edn\u00ed \u010d\u00e1sti<\/li>\n<li>Tepeln\u00fd potisk loga Peach Pump na zadn\u00ed stran\u011b leg\u00edn<\/li>\n<li>N\u00e1pis Peach Pump na p\u00e1sku<\/li>\n<li>Materi\u00e1l odv\u00e1d\u011bj\u00edc\u00ed vlhkost od t\u011bla<\/li>\n<\/ul>\n<p>Slo\u017een\u00ed: 80 % polyester, 20 % elastan<\/p>\n<p>Leg\u00edny lze pr\u00e1t na 30 stup\u0148\u016f, neb\u011blit a ne\u010distit chemicky.<\/p>\n<p>Modelka na fotografii m\u011b\u0159\u00ed 178 cm, v\u00e1\u017e\u00ed 54 kg a m\u00e1 na sob\u011b velikost S.<\/p>\n<p>Pro v\u00fdb\u011br p\u0159esn\u00e9 velikosti pros\u00edm pou\u017eijte tabulek.<\/p>\n","protected":false},"excerpt":{"rendered":"<p>Sportovn\u00ed d\u00e1msk\u00e9 kr\u00e1tk\u00e9 leg\u00edny typu biker shorts v \u010dern\u00e9 barv\u011b vytvo\u0159en\u00e9 z beze\u0161v\u00e9, elastick\u00e9 a p\u0159\u00edjemn\u00e9 tkaniny. Tento model postavu dokonale tvaruje, je vybaven \u0161irok\u00fdm \u017eebrovan\u00fdm d\u00edlem v pase s n\u00e1pisem Peach Pump, kter\u00fd pas jemn\u011b stahuje . Tkanina leg\u00edn zakr\u00fdv\u00e1 problematick\u00e9 partie, odv\u00e1d\u00ed vlhkost od t\u011bla a je vybavena prvky, kter\u00e9 tvaruj\u00ed broskvov\u00fd zade\u010dek [&hellip;]<\/p>\n","protected":false},"featured_media":75717,"comment_status":"open","ping_status":"closed","template":"","meta":[],"product_brand":[],"product_cat":[197,137],"product_tag":[],"class_list":{"0":"post-78040","1":"product","2":"type-product","3":"status-publish","4":"has-post-thumbnail","6":"product_cat-kratke-leginy","7":"product_cat-damske-sportovni-leginy","8":"pa_cviat-cerna","9":"pa_razmer-l-cs","10":"pa_razmer-m-cs","11":"pa_razmer-s-cs-2","12":"inventories-world","13":"inventories-uk","15":"first","16":"instock","17":"taxable","18":"shipping-taxable","19":"purchasable","20":"product-type-variable"},"_links":{"self":[{"href":"https:\/\/staging6.peach-pump.com\/en\/wp-json\/wp\/v2\/product\/78040","targetHints":{"allow":["GET"]}}],"collection":[{"href":"https:\/\/staging6.peach-pump.com\/en\/wp-json\/wp\/v2\/product"}],"about":[{"href":"https:\/\/staging6.peach-pump.com\/en\/wp-json\/wp\/v2\/types\/product"}],"replies":[{"embeddable":true,"href":"https:\/\/staging6.peach-pump.com\/en\/wp-json\/wp\/v2\/comments?post=78040"}],"version-history":[{"count":0,"href":"https:\/\/staging6.peach-pump.com\/en\/wp-json\/wp\/v2\/product\/78040\/revisions"}],"wp:featuredmedia":[{"embeddable":true,"href":"https:\/\/staging6.peach-pump.com\/en\/wp-json\/wp\/v2\/media\/75717"}],"wp:attachment":[{"href":"https:\/\/staging6.peach-pump.com\/en\/wp-json\/wp\/v2\/media?parent=78040"}],"wp:term":[{"taxonomy":"product_brand","embeddable":true,"href":"https:\/\/staging6.peach-pump.com\/en\/wp-json\/wp\/v2\/product_brand?post=78040"},{"taxonomy":"product_cat","embeddable":true,"href":"https:\/\/staging6.peach-pump.com\/en\/wp-json\/wp\/v2\/product_cat?post=78040"},{"taxonomy":"product_tag","embeddable":true,"href":"https:\/\/staging6.peach-pump.com\/en\/wp-json\/wp\/v2\/product_tag?post=78040"}],"curies":[{"name":"wp","href":"https:\/\/api.w.org\/{rel}","templated":true}]}}