{"id":78056,"date":"2024-05-01T23:27:01","date_gmt":"2024-05-01T21:27:01","guid":{"rendered":"https:\/\/staging6.peach-pump.com\/products\/sportovni-podprsenka-s-vycpavkami-ruzova\/"},"modified":"2025-11-10T16:59:05","modified_gmt":"2025-11-10T14:59:05","slug":"sportovni-podprsenka-s-vycpavkami-ruzova","status":"publish","type":"product","link":"https:\/\/staging6.peach-pump.com\/cs\/products\/sportovni-podprsenka-s-vycpavkami-ruzova\/","title":{"rendered":"Beze\u0161v\u00e1 sv\u011btle r\u016f\u017eov\u00e1 sportovn\u00ed podprsenka s vycp\u00e1vkami"},"content":{"rendered":"<p>Beze\u0161v\u00e1 r\u016f\u017eov\u00e1 sportovn\u00ed podprsenka s vyj\u00edmateln\u00fdmi vycp\u00e1vkami a nastaviteln\u00fdmi ram\u00ednky. Model je vyroben z m\u011bkk\u00e9, velmi pru\u017en\u00e9 a prody\u0161n\u00e9 tkaniny, kter\u00e1 odv\u00e1d\u00ed vlhkost od t\u011bla. Podprsenku lze nosit i pod oble\u010den\u00edm, jej\u00ed design je nen\u00e1padn\u00fd a v n\u00ed budete m\u00edt pocit pohodl\u00ed a volnosti pohybu. Je k dispozici v r\u016fzn\u00fdch barv\u00e1ch, lze ji sladit s leg\u00ednami stejn\u00e9 nebo jin\u00e9 barvy. Viz sekci Sportovn\u00ed sety.<\/p>\n<ul>\n<li> Vycp\u00e1vky, vyj\u00edmateln\u00e9<\/li>\n<li> Push-Up efekt<\/li>\n<li> Nastaviteln\u00e1 ram\u00ednka<\/li>\n<li> Velk\u00e1 pru\u017enost<\/li>\n<li> Tepeln\u00fd potisk loga Peach Pump na boku podprsenky<\/li>\n<li> Technologie odv\u00e1d\u011bn\u00ed vlhkosti z t\u011bla<\/li>\n<\/ul>\n<p>Slo\u017een\u00ed: 80 % polyester, 20 % elastan<\/p>\n<p>Podprsenku lze pr\u00e1t na 30 stup\u0148\u016f, nepou\u017e\u00edvat b\u011blidla a ne\u010distit chemicky.<\/p>\n<p>Modelka na fotografii m\u011b\u0159\u00ed 178 cm, v\u00e1\u017e\u00ed 54 kg a m\u00e1 na sob\u011b velikost S.<\/p>\n<p>Pro v\u00fdb\u011br p\u0159esn\u00e9 velikosti pros\u00edm pou\u017eijte tabulek.<\/p>\n<p><a href=\"https:\/\/staging6.peach-pump.com\/wp-content\/uploads\/2024\/04\/7ACDDC23-3BB3-4220-B273-C079DABBAC53-800x800.png\"><img loading=\"lazy\" decoding=\"async\" class=\"alignnone wp-image-72618 \" src=\"https:\/\/staging6.peach-pump.com\/wp-content\/uploads\/2024\/04\/7ACDDC23-3BB3-4220-B273-C079DABBAC53-800x800.png\" alt=\"Tabulka velikost\u00ed podprsenky Peach Pump\" width=\"529\" height=\"529\" srcset=\"https:\/\/staging6.peach-pump.com\/wp-content\/uploads\/2024\/04\/7ACDDC23-3BB3-4220-B273-C079DABBAC53-800x800.png 800w, https:\/\/staging6.peach-pump.com\/wp-content\/uploads\/2024\/04\/7ACDDC23-3BB3-4220-B273-C079DABBAC53-480x480.png 480w, https:\/\/staging6.peach-pump.com\/wp-content\/uploads\/2024\/04\/7ACDDC23-3BB3-4220-B273-C079DABBAC53-1000x1000.png 1000w, https:\/\/staging6.peach-pump.com\/wp-content\/uploads\/2024\/04\/7ACDDC23-3BB3-4220-B273-C079DABBAC53-300x300.png 300w, https:\/\/staging6.peach-pump.com\/wp-content\/uploads\/2024\/04\/7ACDDC23-3BB3-4220-B273-C079DABBAC53-150x150.png 150w, https:\/\/staging6.peach-pump.com\/wp-content\/uploads\/2024\/04\/7ACDDC23-3BB3-4220-B273-C079DABBAC53-768x768.png 768w, https:\/\/staging6.peach-pump.com\/wp-content\/uploads\/2024\/04\/7ACDDC23-3BB3-4220-B273-C079DABBAC53-990x990.png 990w, https:\/\/staging6.peach-pump.com\/wp-content\/uploads\/2024\/04\/7ACDDC23-3BB3-4220-B273-C079DABBAC53-441x441.png 441w, https:\/\/staging6.peach-pump.com\/wp-content\/uploads\/2024\/04\/7ACDDC23-3BB3-4220-B273-C079DABBAC53-100x100.png 100w, https:\/\/staging6.peach-pump.com\/wp-content\/uploads\/2024\/04\/7ACDDC23-3BB3-4220-B273-C079DABBAC53-64x64.png 64w, https:\/\/staging6.peach-pump.com\/wp-content\/uploads\/2024\/04\/7ACDDC23-3BB3-4220-B273-C079DABBAC53.png 1080w\" sizes=\"auto, (max-width: 529px) 100vw, 529px\" \/><\/a><\/p>\n","protected":false},"excerpt":{"rendered":"<p>Beze\u0161v\u00e1 r\u016f\u017eov\u00e1 sportovn\u00ed podprsenka s vyj\u00edmateln\u00fdmi vycp\u00e1vkami a nastaviteln\u00fdmi ram\u00ednky. Model je vyroben z m\u011bkk\u00e9, velmi pru\u017en\u00e9 a prody\u0161n\u00e9 tkaniny, kter\u00e1 odv\u00e1d\u00ed vlhkost od t\u011bla. Podprsenku lze nosit i pod oble\u010den\u00edm, jej\u00ed design je nen\u00e1padn\u00fd a v n\u00ed budete m\u00edt pocit pohodl\u00ed a volnosti pohybu. Je k dispozici v r\u016fzn\u00fdch barv\u00e1ch, lze ji sladit s [&hellip;]<\/p>\n","protected":false},"featured_media":75592,"comment_status":"open","ping_status":"closed","template":"","meta":[],"product_brand":[],"product_cat":[346],"product_tag":[],"class_list":{"0":"post-78056","1":"product","2":"type-product","3":"status-publish","4":"has-post-thumbnail","6":"product_cat-damske-podprsenky-sportovni-fitness","7":"pa_cviat-ruzovy","8":"pa_razmer-m-cs","9":"pa_razmer-s-cs-2","10":"inventories-world","11":"inventories-uk","13":"first","14":"instock","15":"taxable","16":"shipping-taxable","17":"purchasable","18":"product-type-variable"},"_links":{"self":[{"href":"https:\/\/staging6.peach-pump.com\/en\/wp-json\/wp\/v2\/product\/78056","targetHints":{"allow":["GET"]}}],"collection":[{"href":"https:\/\/staging6.peach-pump.com\/en\/wp-json\/wp\/v2\/product"}],"about":[{"href":"https:\/\/staging6.peach-pump.com\/en\/wp-json\/wp\/v2\/types\/product"}],"replies":[{"embeddable":true,"href":"https:\/\/staging6.peach-pump.com\/en\/wp-json\/wp\/v2\/comments?post=78056"}],"version-history":[{"count":0,"href":"https:\/\/staging6.peach-pump.com\/en\/wp-json\/wp\/v2\/product\/78056\/revisions"}],"wp:featuredmedia":[{"embeddable":true,"href":"https:\/\/staging6.peach-pump.com\/en\/wp-json\/wp\/v2\/media\/75592"}],"wp:attachment":[{"href":"https:\/\/staging6.peach-pump.com\/en\/wp-json\/wp\/v2\/media?parent=78056"}],"wp:term":[{"taxonomy":"product_brand","embeddable":true,"href":"https:\/\/staging6.peach-pump.com\/en\/wp-json\/wp\/v2\/product_brand?post=78056"},{"taxonomy":"product_cat","embeddable":true,"href":"https:\/\/staging6.peach-pump.com\/en\/wp-json\/wp\/v2\/product_cat?post=78056"},{"taxonomy":"product_tag","embeddable":true,"href":"https:\/\/staging6.peach-pump.com\/en\/wp-json\/wp\/v2\/product_tag?post=78056"}],"curies":[{"name":"wp","href":"https:\/\/api.w.org\/{rel}","templated":true}]}}