{"id":78361,"date":"2024-05-14T21:38:58","date_gmt":"2024-05-14T19:38:58","guid":{"rendered":"https:\/\/staging6.peach-pump.com\/products\/zatezove-mozolniky-ruzove\/"},"modified":"2025-07-15T13:59:42","modified_gmt":"2025-07-15T11:59:42","slug":"zatezove-mozolniky-ruzove","status":"publish","type":"product","link":"https:\/\/staging6.peach-pump.com\/cs\/products\/zatezove-mozolniky-ruzove\/","title":{"rendered":"D\u00e1msk\u00e9 z\u00e1t\u011b\u017eov\u00e9 mozoln\u00edky r\u016f\u017eov\u00e9 barvy"},"content":{"rendered":"<p>Pohodln\u00e9 d\u00e1msk\u00e9 z\u00e1t\u011b\u017eov\u00e9 mozoln\u00edky r\u016f\u017eov\u00e9 barvy, ur\u010den\u00e9 pro lep\u0161\u00ed \u00fachop p\u0159i prov\u00e1d\u011bn\u00ed ur\u010dit\u00fdch cvik\u016f nebo tr\u00e9nink\u016f v posilovn\u011b a crossfitov\u00e9 t\u011blocvi\u010dn\u011b. Lze je pou\u017e\u00edvat p\u0159i p\u0159\u00edtaz\u00edch, mrtv\u00fdch taz\u00edch a dal\u0161\u00edch cvic\u00edch a jejich horn\u00ed \u010d\u00e1st lze pou\u017e\u00edt i k ochran\u011b dlan\u011b. Maj\u00ed ko\u017een\u00fd svr\u0161ek a z\u00e1p\u011bstn\u00edky, kter\u00e9 pevn\u011b fixuj\u00ed \u00fachop.<\/p>\n<ul>\n<li>Ko\u017een\u00fd svr\u0161ek pro lep\u0161\u00ed \u00fachop b\u011bhem tr\u00e9ninku<\/li>\n<li>Z\u00e1p\u011bstn\u00edky na pevn\u00fd such\u00fd zip<\/li>\n<li>Gumov\u00e9 logo<\/li>\n<li>Neoprenov\u00e9 podlo\u017eky<\/li>\n<li>\u00dalo\u017en\u00e1 ta\u0161ka<\/li>\n<\/ul>\n<p>Slo\u017een\u00ed: k\u016f\u017ee, guma, neopren<\/p>\n<p>Univerz\u00e1ln\u00ed velikost<\/p>\n","protected":false},"excerpt":{"rendered":"<p>Pohodln\u00e9 d\u00e1msk\u00e9 z\u00e1t\u011b\u017eov\u00e9 mozoln\u00edky r\u016f\u017eov\u00e9 barvy, ur\u010den\u00e9 pro lep\u0161\u00ed \u00fachop p\u0159i prov\u00e1d\u011bn\u00ed ur\u010dit\u00fdch cvik\u016f nebo tr\u00e9nink\u016f v posilovn\u011b a crossfitov\u00e9 t\u011blocvi\u010dn\u011b. Lze je pou\u017e\u00edvat p\u0159i p\u0159\u00edtaz\u00edch, mrtv\u00fdch taz\u00edch a dal\u0161\u00edch cvic\u00edch a jejich horn\u00ed \u010d\u00e1st lze pou\u017e\u00edt i k ochran\u011b dlan\u011b. Maj\u00ed ko\u017een\u00fd svr\u0161ek a z\u00e1p\u011bstn\u00edky, kter\u00e9 pevn\u011b fixuj\u00ed \u00fachop. Ko\u017een\u00fd svr\u0161ek pro lep\u0161\u00ed \u00fachop [&hellip;]<\/p>\n","protected":false},"featured_media":77911,"comment_status":"open","ping_status":"closed","template":"","meta":[],"product_brand":[],"product_cat":[791],"product_tag":[],"class_list":{"0":"post-78361","1":"product","2":"type-product","3":"status-publish","4":"has-post-thumbnail","6":"product_cat-doplnky","7":"pa_cviat-ruzovy","8":"pa_razmer-jedna-velikost","9":"inventories-world","10":"inventories-uk","12":"first","13":"instock","14":"taxable","15":"shipping-taxable","16":"purchasable","17":"product-type-variable"},"_links":{"self":[{"href":"https:\/\/staging6.peach-pump.com\/cs\/wp-json\/wp\/v2\/product\/78361","targetHints":{"allow":["GET"]}}],"collection":[{"href":"https:\/\/staging6.peach-pump.com\/cs\/wp-json\/wp\/v2\/product"}],"about":[{"href":"https:\/\/staging6.peach-pump.com\/cs\/wp-json\/wp\/v2\/types\/product"}],"replies":[{"embeddable":true,"href":"https:\/\/staging6.peach-pump.com\/cs\/wp-json\/wp\/v2\/comments?post=78361"}],"version-history":[{"count":0,"href":"https:\/\/staging6.peach-pump.com\/cs\/wp-json\/wp\/v2\/product\/78361\/revisions"}],"wp:featuredmedia":[{"embeddable":true,"href":"https:\/\/staging6.peach-pump.com\/cs\/wp-json\/wp\/v2\/media\/77911"}],"wp:attachment":[{"href":"https:\/\/staging6.peach-pump.com\/cs\/wp-json\/wp\/v2\/media?parent=78361"}],"wp:term":[{"taxonomy":"product_brand","embeddable":true,"href":"https:\/\/staging6.peach-pump.com\/cs\/wp-json\/wp\/v2\/product_brand?post=78361"},{"taxonomy":"product_cat","embeddable":true,"href":"https:\/\/staging6.peach-pump.com\/cs\/wp-json\/wp\/v2\/product_cat?post=78361"},{"taxonomy":"product_tag","embeddable":true,"href":"https:\/\/staging6.peach-pump.com\/cs\/wp-json\/wp\/v2\/product_tag?post=78361"}],"curies":[{"name":"wp","href":"https:\/\/api.w.org\/{rel}","templated":true}]}}