{"id":78374,"date":"2024-05-14T21:29:52","date_gmt":"2024-05-14T19:29:52","guid":{"rendered":"https:\/\/staging6.peach-pump.com\/products\/bily-zkraceny-top-mikina\/"},"modified":"2025-10-14T12:52:08","modified_gmt":"2025-10-14T10:52:08","slug":"bily-zkraceny-top-mikina","status":"publish","type":"product","link":"https:\/\/staging6.peach-pump.com\/cs\/products\/bily-zkraceny-top-mikina\/","title":{"rendered":"B\u00edl\u00e1 crop top mikina s jemnou v\u00fd\u0161ivkou"},"content":{"rendered":"<p>Sportovn\u00ed b\u00edl\u00e1 mikina se \u0161irok\u00fdmi ruk\u00e1vy ze 100% bavlny. Tento m\u00f3dn\u00ed model sportovn\u00ed mikiny m\u00e1 na jednom rameni rozparek , efektn\u00ed 3D v\u00fd\u0161ivku s m\u011bkk\u00fdmi nad\u00fdchan\u00fdmi p\u00edsmeny. Lze ji nosit p\u0159es sportovn\u00ed oble\u010den\u00ed v t\u011blocvi\u010dn\u011b nebo na proch\u00e1zce. Pohodl\u00ed a volnost pohybu.<\/p>\n<ul>\n<li>Rozparek na rameni<\/li>\n<li>Efektivn\u00ed 3D v\u00fd\u0161ivka jemn\u00fdmi p\u00edsmeny<\/li>\n<li>Zkr\u00e1cen\u00fd top<\/li>\n<li>\u0160irok\u00e9 ruk\u00e1vy<\/li>\n<li>Univerz\u00e1ln\u00ed velikost<\/li>\n<\/ul>\n<p>100% bavlna<\/p>\n<p>Mikinu lze pr\u00e1t na 30 stup\u0148\u016f, nepou\u017e\u00edvat b\u011blidla a ne\u010distit chemicky.<\/p>\n<p>Modelka na obr\u00e1zku m\u011b\u0159\u00ed 178 cm a v\u00e1\u017e\u00ed 54 kg.<\/p>\n<p>&nbsp;<\/p>\n","protected":false},"excerpt":{"rendered":"<p>Sportovn\u00ed b\u00edl\u00e1 mikina se \u0161irok\u00fdmi ruk\u00e1vy ze 100% bavlny. Tento m\u00f3dn\u00ed model sportovn\u00ed mikiny m\u00e1 na jednom rameni rozparek , efektn\u00ed 3D v\u00fd\u0161ivku s m\u011bkk\u00fdmi nad\u00fdchan\u00fdmi p\u00edsmeny. Lze ji nosit p\u0159es sportovn\u00ed oble\u010den\u00ed v t\u011blocvi\u010dn\u011b nebo na proch\u00e1zce. Pohodl\u00ed a volnost pohybu. Rozparek na rameni Efektivn\u00ed 3D v\u00fd\u0161ivka jemn\u00fdmi p\u00edsmeny Zkr\u00e1cen\u00fd top \u0160irok\u00e9 ruk\u00e1vy Univerz\u00e1ln\u00ed [&hellip;]<\/p>\n","protected":false},"featured_media":77887,"comment_status":"open","ping_status":"closed","template":"","meta":[],"product_brand":[],"product_cat":[1118,345],"product_tag":[],"class_list":{"0":"post-78374","1":"product","2":"type-product","3":"status-publish","4":"has-post-thumbnail","6":"product_cat-damske-mikiny-s-kapuci","7":"product_cat-damske-sportovni-topy-tilko","8":"pa_cviat-bily-cs","9":"pa_razmer-jedna-velikost","10":"inventories-world","11":"inventories-uk","13":"first","14":"instock","15":"taxable","16":"shipping-taxable","17":"purchasable","18":"product-type-variable"},"_links":{"self":[{"href":"https:\/\/staging6.peach-pump.com\/cs\/wp-json\/wp\/v2\/product\/78374","targetHints":{"allow":["GET"]}}],"collection":[{"href":"https:\/\/staging6.peach-pump.com\/cs\/wp-json\/wp\/v2\/product"}],"about":[{"href":"https:\/\/staging6.peach-pump.com\/cs\/wp-json\/wp\/v2\/types\/product"}],"replies":[{"embeddable":true,"href":"https:\/\/staging6.peach-pump.com\/cs\/wp-json\/wp\/v2\/comments?post=78374"}],"version-history":[{"count":0,"href":"https:\/\/staging6.peach-pump.com\/cs\/wp-json\/wp\/v2\/product\/78374\/revisions"}],"wp:featuredmedia":[{"embeddable":true,"href":"https:\/\/staging6.peach-pump.com\/cs\/wp-json\/wp\/v2\/media\/77887"}],"wp:attachment":[{"href":"https:\/\/staging6.peach-pump.com\/cs\/wp-json\/wp\/v2\/media?parent=78374"}],"wp:term":[{"taxonomy":"product_brand","embeddable":true,"href":"https:\/\/staging6.peach-pump.com\/cs\/wp-json\/wp\/v2\/product_brand?post=78374"},{"taxonomy":"product_cat","embeddable":true,"href":"https:\/\/staging6.peach-pump.com\/cs\/wp-json\/wp\/v2\/product_cat?post=78374"},{"taxonomy":"product_tag","embeddable":true,"href":"https:\/\/staging6.peach-pump.com\/cs\/wp-json\/wp\/v2\/product_tag?post=78374"}],"curies":[{"name":"wp","href":"https:\/\/api.w.org\/{rel}","templated":true}]}}