{"id":81840,"date":"2024-06-25T11:30:50","date_gmt":"2024-06-25T09:30:50","guid":{"rendered":"https:\/\/staging6.peach-pump.com\/products\/podprsenka-s-napisy-cerna-sportovni\/"},"modified":"2025-11-05T21:00:47","modified_gmt":"2025-11-05T19:00:47","slug":"podprsenka-s-napisy-cerna-sportovni","status":"publish","type":"product","link":"https:\/\/staging6.peach-pump.com\/cs\/products\/podprsenka-s-napisy-cerna-sportovni\/","title":{"rendered":"\u010cern\u00e1 sportovn\u00ed podprsenka s n\u00e1pisem Peach Pump X"},"content":{"rendered":"<p>\u010cern\u00e1 sportovn\u00ed podprsenka s n\u00e1pisy a vyj\u00edmateln\u00fdmi vycp\u00e1vkami se Super Push-Up efektem Toto podprsenka X m\u00e1 p\u0159ek\u0159\u00ed\u017een\u00e1 z\u00e1da s n\u00e1pisem Peach Pump a nastaviteln\u00e1 ram\u00ednka. Tkanina je mimo\u0159\u00e1dn\u011b m\u011bkk\u00e1 a pru\u017en\u00e1, odv\u00e1d\u00ed vlhkost od t\u011bla , m\u00e1 \u0161irokou gumu pod prsy a zadn\u00ed v\u00edcestup\u0148ov\u00e9 zap\u00edn\u00e1n\u00ed. Model se hod\u00ed na b\u011bh, j\u00f3gu, fitness, pilates a jak\u00fdkoli druh sportu nebo na ka\u017edodenn\u00ed aktivity, poskytuje porps\u00ed oporu a v n\u00ed se budete c\u00edtit pohodln\u011b a bezpe\u010dn\u011b.<\/p>\n<ul>\n<li>Vyj\u00edmateln\u00e9 vycp\u00e1vky<\/li>\n<li>Push-Up efekt<\/li>\n<li>K\u0159\u00ed\u017eov\u00e1 z\u00e1da s nastaviteln\u00fdmi popruhy a n\u00e1pisem Peach Pump<\/li>\n<li>Pru\u017en\u00fd lem pod prsy s t\u0159\u00ed\u0159ad\u00fdm zap\u00edn\u00e1n\u00edm<\/li>\n<li>Tepeln\u00fd potisk loga Peach Pump<\/li>\n<li>Tkanina, kter\u00e1 odv\u00e1d\u00ed vlhkost od t\u011bla<\/li>\n<\/ul>\n<p>Slo\u017een\u00ed: 70 % polyester, 30 % elastan<\/p>\n<p>Podprsenku lze pr\u00e1t na 30 stup\u0148\u016f, nepou\u017e\u00edvat b\u011blidla a ne\u010distit chemicky.<\/p>\n<p>Modelka na fotografii m\u011b\u0159\u00ed 167 m, v\u00e1\u017e\u00ed 53 kg a m\u00e1 na sob\u011b velikost S.<\/p>\n<p>Pro v\u00fdb\u011br p\u0159esn\u00e9 velikosti pros\u00edm pou\u017eijte tabulek.<\/p>\n<p><a href=\"https:\/\/staging6.peach-pump.com\/wp-content\/uploads\/2024\/06\/Sport-Bras-Peach-Pump-size-chart-800x800.jpg\"><img loading=\"lazy\" decoding=\"async\" class=\"alignnone wp-image-80917 \" src=\"https:\/\/staging6.peach-pump.com\/wp-content\/uploads\/2024\/06\/Sport-Bras-Peach-Pump-size-chart-800x800.jpg\" alt=\"\" width=\"511\" height=\"511\" srcset=\"https:\/\/staging6.peach-pump.com\/wp-content\/uploads\/2024\/06\/Sport-Bras-Peach-Pump-size-chart-800x800.jpg 800w, https:\/\/staging6.peach-pump.com\/wp-content\/uploads\/2024\/06\/Sport-Bras-Peach-Pump-size-chart-480x480.jpg 480w, https:\/\/staging6.peach-pump.com\/wp-content\/uploads\/2024\/06\/Sport-Bras-Peach-Pump-size-chart-1000x1000.jpg 1000w, https:\/\/staging6.peach-pump.com\/wp-content\/uploads\/2024\/06\/Sport-Bras-Peach-Pump-size-chart-300x300.jpg 300w, https:\/\/staging6.peach-pump.com\/wp-content\/uploads\/2024\/06\/Sport-Bras-Peach-Pump-size-chart-150x150.jpg 150w, https:\/\/staging6.peach-pump.com\/wp-content\/uploads\/2024\/06\/Sport-Bras-Peach-Pump-size-chart-768x768.jpg 768w, https:\/\/staging6.peach-pump.com\/wp-content\/uploads\/2024\/06\/Sport-Bras-Peach-Pump-size-chart-990x990.jpg 990w, https:\/\/staging6.peach-pump.com\/wp-content\/uploads\/2024\/06\/Sport-Bras-Peach-Pump-size-chart-441x441.jpg 441w, https:\/\/staging6.peach-pump.com\/wp-content\/uploads\/2024\/06\/Sport-Bras-Peach-Pump-size-chart-100x100.jpg 100w, https:\/\/staging6.peach-pump.com\/wp-content\/uploads\/2024\/06\/Sport-Bras-Peach-Pump-size-chart-64x64.jpg 64w, https:\/\/staging6.peach-pump.com\/wp-content\/uploads\/2024\/06\/Sport-Bras-Peach-Pump-size-chart.jpg 1080w\" sizes=\"auto, (max-width: 511px) 100vw, 511px\" \/><\/a><\/p>\n","protected":false},"excerpt":{"rendered":"<p>\u010cern\u00e1 sportovn\u00ed podprsenka s n\u00e1pisy a vyj\u00edmateln\u00fdmi vycp\u00e1vkami se Super Push-Up efektem Toto podprsenka X m\u00e1 p\u0159ek\u0159\u00ed\u017een\u00e1 z\u00e1da s n\u00e1pisem Peach Pump a nastaviteln\u00e1 ram\u00ednka. Tkanina je mimo\u0159\u00e1dn\u011b m\u011bkk\u00e1 a pru\u017en\u00e1, odv\u00e1d\u00ed vlhkost od t\u011bla , m\u00e1 \u0161irokou gumu pod prsy a zadn\u00ed v\u00edcestup\u0148ov\u00e9 zap\u00edn\u00e1n\u00ed. Model se hod\u00ed na b\u011bh, j\u00f3gu, fitness, pilates a jak\u00fdkoli [&hellip;]<\/p>\n","protected":false},"featured_media":81688,"comment_status":"open","ping_status":"closed","template":"","meta":[],"product_brand":[],"product_cat":[346],"product_tag":[],"class_list":{"0":"post-81840","1":"product","2":"type-product","3":"status-publish","4":"has-post-thumbnail","6":"product_cat-damske-podprsenky-sportovni-fitness","7":"pa_cviat-cerna","8":"pa_razmer-l-cs","9":"pa_razmer-m-cs","10":"pa_razmer-s-cs-2","11":"inventories-world","12":"inventories-uk","14":"first","15":"instock","16":"taxable","17":"shipping-taxable","18":"purchasable","19":"product-type-variable"},"_links":{"self":[{"href":"https:\/\/staging6.peach-pump.com\/en\/wp-json\/wp\/v2\/product\/81840","targetHints":{"allow":["GET"]}}],"collection":[{"href":"https:\/\/staging6.peach-pump.com\/en\/wp-json\/wp\/v2\/product"}],"about":[{"href":"https:\/\/staging6.peach-pump.com\/en\/wp-json\/wp\/v2\/types\/product"}],"replies":[{"embeddable":true,"href":"https:\/\/staging6.peach-pump.com\/en\/wp-json\/wp\/v2\/comments?post=81840"}],"version-history":[{"count":0,"href":"https:\/\/staging6.peach-pump.com\/en\/wp-json\/wp\/v2\/product\/81840\/revisions"}],"wp:featuredmedia":[{"embeddable":true,"href":"https:\/\/staging6.peach-pump.com\/en\/wp-json\/wp\/v2\/media\/81688"}],"wp:attachment":[{"href":"https:\/\/staging6.peach-pump.com\/en\/wp-json\/wp\/v2\/media?parent=81840"}],"wp:term":[{"taxonomy":"product_brand","embeddable":true,"href":"https:\/\/staging6.peach-pump.com\/en\/wp-json\/wp\/v2\/product_brand?post=81840"},{"taxonomy":"product_cat","embeddable":true,"href":"https:\/\/staging6.peach-pump.com\/en\/wp-json\/wp\/v2\/product_cat?post=81840"},{"taxonomy":"product_tag","embeddable":true,"href":"https:\/\/staging6.peach-pump.com\/en\/wp-json\/wp\/v2\/product_tag?post=81840"}],"curies":[{"name":"wp","href":"https:\/\/api.w.org\/{rel}","templated":true}]}}