{"id":82385,"date":"2024-06-25T12:31:20","date_gmt":"2024-06-25T10:31:20","guid":{"rendered":"https:\/\/staging6.peach-pump.com\/products\/cerne-leginy-s-rozsirenou-nohavici-tvarujici\/"},"modified":"2025-11-07T00:13:16","modified_gmt":"2025-11-06T22:13:16","slug":"cerne-leginy-s-rozsirenou-nohavici-tvarujici","status":"publish","type":"product","link":"https:\/\/staging6.peach-pump.com\/cs\/products\/cerne-leginy-s-rozsirenou-nohavici-tvarujici\/","title":{"rendered":"\u010cern\u00e9 leg\u00edny s roz\u0161\u00ed\u0159enou nohavic\u00ed s tvaruj\u00edc\u00edm efektem"},"content":{"rendered":"<p>Beze\u0161v\u00e9 \u010dern\u00e9 leg\u00edny s roz\u0161\u00ed\u0159enou nohavic\u00ed s tvaruj\u00edc\u00edm a zvedaj\u00edc\u00edm efektem Peach Pump. Tento model postavu vytvaruje, prodlu\u017euje nohy a stahuje pas. Velmi m\u00f3dn\u00ed a efektn\u00ed na tuto sez\u00f3nu. M\u016f\u017eete jej kombinovat s podprsenkou z na\u0161\u00ed nov\u00e9 kolekce. Tkanina leg\u00edn je prody\u0161n\u00e1, velmi pru\u017en\u00e1 a odv\u00e1d\u00ed vlhkost od t\u011bla, tak\u017ee v\u00e1m poskytne naprostou volnost pohybu a vy se budete c\u00edtit sebev\u011bdom\u011b a sexy. Hod\u00ed se na tr\u00e9nink nebo proch\u00e1zku v parku.<\/p>\n<ul>\n<li>\u0160irok\u00e1 nohavice typu Charleston<\/li>\n<li>Beze \u0161vu vp\u0159edu<\/li>\n<li>Tvaruj\u00ed a zakr\u00fdvaj\u00ed probl\u00e9mov\u00e9 oblasti<\/li>\n<li>Pru\u017en\u00e1 tkanina<\/li>\n<li>Broskvov\u00fd efekt<\/li>\n<li>Tepeln\u00fd potisk loga Peach Pump na zadn\u00ed stran\u011b leg\u00edn<\/li>\n<li>N\u00e1pis Peach Pump vp\u0159edu<\/li>\n<li>Tkanina, kter\u00e1 odv\u00e1d\u00ed vlhkost od t\u011bla<\/li>\n<li>Zaj\u00edmav\u00fd design<\/li>\n<li>Vysok\u00fd pas<\/li>\n<\/ul>\n<p>Slo\u017een\u00ed: 80 % polyester, 20 % elastan.<\/p>\n<p>Modelka 1: na obr\u00e1zku m\u011b\u0159\u00ed 167 cm, v\u00e1\u017e\u00ed 52 kg a m\u00e1 na sob\u011b velikost S.<\/p>\n<p>Modelka 2: na obr\u00e1zku m\u011b\u0159\u00ed 178 cm, v\u00e1\u017e\u00ed 56 kg a m\u00e1 na sob\u011b velikost M.<\/p>\n<p>Leg\u00edny lze pr\u00e1t na 30 stup\u0148\u016f, nepou\u017e\u00edvat b\u011blidla a ne\u010distit chemicky.<\/p>\n<p>Pro v\u00fdb\u011br p\u0159esn\u00e9 velikosti pros\u00edm pou\u017eijte tabulek.<\/p>\n<p>&nbsp;<\/p>\n","protected":false},"excerpt":{"rendered":"<p>Beze\u0161v\u00e9 \u010dern\u00e9 leg\u00edny s roz\u0161\u00ed\u0159enou nohavic\u00ed s tvaruj\u00edc\u00edm a zvedaj\u00edc\u00edm efektem Peach Pump. Tento model postavu vytvaruje, prodlu\u017euje nohy a stahuje pas. Velmi m\u00f3dn\u00ed a efektn\u00ed na tuto sez\u00f3nu. M\u016f\u017eete jej kombinovat s podprsenkou z na\u0161\u00ed nov\u00e9 kolekce. Tkanina leg\u00edn je prody\u0161n\u00e1, velmi pru\u017en\u00e1 a odv\u00e1d\u00ed vlhkost od t\u011bla, tak\u017ee v\u00e1m poskytne naprostou volnost pohybu [&hellip;]<\/p>\n","protected":false},"featured_media":81890,"comment_status":"open","ping_status":"closed","template":"","meta":[],"product_brand":[],"product_cat":[296,137],"product_tag":[],"class_list":{"0":"post-82385","1":"product","2":"type-product","3":"status-publish","4":"has-post-thumbnail","6":"product_cat-damske-leginy-dlouhe","7":"product_cat-damske-sportovni-leginy","8":"pa_cviat-cerna","9":"pa_razmer-l-cs","10":"pa_razmer-m-cs","11":"pa_razmer-s-cs-2","12":"inventories-world","13":"inventories-uk","15":"first","16":"instock","17":"taxable","18":"shipping-taxable","19":"purchasable","20":"product-type-variable"},"_links":{"self":[{"href":"https:\/\/staging6.peach-pump.com\/en\/wp-json\/wp\/v2\/product\/82385","targetHints":{"allow":["GET"]}}],"collection":[{"href":"https:\/\/staging6.peach-pump.com\/en\/wp-json\/wp\/v2\/product"}],"about":[{"href":"https:\/\/staging6.peach-pump.com\/en\/wp-json\/wp\/v2\/types\/product"}],"replies":[{"embeddable":true,"href":"https:\/\/staging6.peach-pump.com\/en\/wp-json\/wp\/v2\/comments?post=82385"}],"version-history":[{"count":0,"href":"https:\/\/staging6.peach-pump.com\/en\/wp-json\/wp\/v2\/product\/82385\/revisions"}],"wp:featuredmedia":[{"embeddable":true,"href":"https:\/\/staging6.peach-pump.com\/en\/wp-json\/wp\/v2\/media\/81890"}],"wp:attachment":[{"href":"https:\/\/staging6.peach-pump.com\/en\/wp-json\/wp\/v2\/media?parent=82385"}],"wp:term":[{"taxonomy":"product_brand","embeddable":true,"href":"https:\/\/staging6.peach-pump.com\/en\/wp-json\/wp\/v2\/product_brand?post=82385"},{"taxonomy":"product_cat","embeddable":true,"href":"https:\/\/staging6.peach-pump.com\/en\/wp-json\/wp\/v2\/product_cat?post=82385"},{"taxonomy":"product_tag","embeddable":true,"href":"https:\/\/staging6.peach-pump.com\/en\/wp-json\/wp\/v2\/product_tag?post=82385"}],"curies":[{"name":"wp","href":"https:\/\/api.w.org\/{rel}","templated":true}]}}