{"id":83821,"date":"2024-06-25T10:54:57","date_gmt":"2024-06-25T08:54:57","guid":{"rendered":"https:\/\/staging6.peach-pump.com\/products\/bila-podprsenka-s-vycpavkami-napisy\/"},"modified":"2025-11-09T19:40:13","modified_gmt":"2025-11-09T17:40:13","slug":"bila-podprsenka-s-vycpavkami-napisy","status":"publish","type":"product","link":"https:\/\/staging6.peach-pump.com\/cs\/products\/bila-podprsenka-s-vycpavkami-napisy\/","title":{"rendered":"B\u00edl\u00e1 podprsenka s vycp\u00e1vkami s n\u00e1pisem Peach Pump Y"},"content":{"rendered":"<p>Sportovn\u00ed b\u00edl\u00e1 podprsenka s vycp\u00e1vkami se Super Push-Up efektem, kter\u00e9 lze vyjmout. Tento model m\u00e1 vp\u0159edu n\u00e1pis Peach Pump ve tvaru p\u00edsmene Y a p\u0159ek\u0159\u00ed\u017een\u00e1 z\u00e1da s nastaviteln\u00fdmi ram\u00ednky. Tkanina je mimo\u0159\u00e1dn\u011b m\u011bkk\u00e1 a pru\u017en\u00e1, odv\u00e1d\u00ed vlhkost od t\u011bla , podprsenka m\u00e1 \u0161irokou gumu pod prsy a zadn\u00ed t\u0159\u00ed\u0159adn\u00e9 zap\u00edn\u00e1n\u00ed. Model se hod\u00ed na b\u011bh, j\u00f3gu, fitness, pilates a jak\u00fdkoli druh sportu nebo ka\u017edodenn\u00ed aktivity, poskytuje poprs\u00ed oporu a v n\u011bm se budete c\u00edtit pohodln\u011b a bezpe\u010dn\u011b.<\/p>\n<ul>\n<li>Vyj\u00edmateln\u00e9 vycp\u00e1vky<\/li>\n<li>Push-Up efekt<\/li>\n<li>P\u0159ek\u0159\u00ed\u017een\u00e1 z\u00e1da s nastaviteln\u00fdmi ram\u00ednky<\/li>\n<li>Pru\u017en\u00fd lem pod prsy s t\u0159\u00ed\u0159adn\u00fdm zap\u00edn\u00e1n\u00edm<\/li>\n<li>Tepeln\u00fd potisk loga Peach Pump<\/li>\n<li>n\u00e1pis Peach Pump ve tvaru Y vp\u0159edu<\/li>\n<li>Tkanina, kter\u00e1 odv\u00e1d\u00ed vlhkost od t\u011bla<\/li>\n<\/ul>\n<p>Slo\u017een\u00ed: 70 % polyester, 30 % elastan<\/p>\n<p>Podprsenku lze pr\u00e1t na 30 stup\u0148\u016f, nepou\u017e\u00edvat b\u011blidla a ne\u010distit chemicky.<\/p>\n<p>Modelka na fotografii m\u011b\u0159\u00ed 167 m, v\u00e1\u017e\u00ed 53 kg a m\u00e1 na sob\u011b velikost S.<\/p>\n<p>Pro v\u00fdb\u011br p\u0159esn\u00e9 velikosti pros\u00edm pou\u017eijte tabulek.<\/p>\n<p><a href=\"https:\/\/staging6.peach-pump.com\/wp-content\/uploads\/2024\/06\/Sport-Bras-Peach-Pump-size-chart-800x800.jpg\"><img loading=\"lazy\" decoding=\"async\" class=\"alignnone wp-image-80917 \" src=\"https:\/\/staging6.peach-pump.com\/wp-content\/uploads\/2024\/06\/Sport-Bras-Peach-Pump-size-chart-800x800.jpg\" alt=\"\" width=\"514\" height=\"514\" srcset=\"https:\/\/staging6.peach-pump.com\/wp-content\/uploads\/2024\/06\/Sport-Bras-Peach-Pump-size-chart-800x800.jpg 800w, https:\/\/staging6.peach-pump.com\/wp-content\/uploads\/2024\/06\/Sport-Bras-Peach-Pump-size-chart-480x480.jpg 480w, https:\/\/staging6.peach-pump.com\/wp-content\/uploads\/2024\/06\/Sport-Bras-Peach-Pump-size-chart-1000x1000.jpg 1000w, https:\/\/staging6.peach-pump.com\/wp-content\/uploads\/2024\/06\/Sport-Bras-Peach-Pump-size-chart-300x300.jpg 300w, https:\/\/staging6.peach-pump.com\/wp-content\/uploads\/2024\/06\/Sport-Bras-Peach-Pump-size-chart-150x150.jpg 150w, https:\/\/staging6.peach-pump.com\/wp-content\/uploads\/2024\/06\/Sport-Bras-Peach-Pump-size-chart-768x768.jpg 768w, https:\/\/staging6.peach-pump.com\/wp-content\/uploads\/2024\/06\/Sport-Bras-Peach-Pump-size-chart-990x990.jpg 990w, https:\/\/staging6.peach-pump.com\/wp-content\/uploads\/2024\/06\/Sport-Bras-Peach-Pump-size-chart-441x441.jpg 441w, https:\/\/staging6.peach-pump.com\/wp-content\/uploads\/2024\/06\/Sport-Bras-Peach-Pump-size-chart-100x100.jpg 100w, https:\/\/staging6.peach-pump.com\/wp-content\/uploads\/2024\/06\/Sport-Bras-Peach-Pump-size-chart-64x64.jpg 64w, https:\/\/staging6.peach-pump.com\/wp-content\/uploads\/2024\/06\/Sport-Bras-Peach-Pump-size-chart.jpg 1080w\" sizes=\"auto, (max-width: 514px) 100vw, 514px\" \/><\/a><\/p>\n","protected":false},"excerpt":{"rendered":"<p>Sportovn\u00ed b\u00edl\u00e1 podprsenka s vycp\u00e1vkami se Super Push-Up efektem, kter\u00e9 lze vyjmout. Tento model m\u00e1 vp\u0159edu n\u00e1pis Peach Pump ve tvaru p\u00edsmene Y a p\u0159ek\u0159\u00ed\u017een\u00e1 z\u00e1da s nastaviteln\u00fdmi ram\u00ednky. Tkanina je mimo\u0159\u00e1dn\u011b m\u011bkk\u00e1 a pru\u017en\u00e1, odv\u00e1d\u00ed vlhkost od t\u011bla , podprsenka m\u00e1 \u0161irokou gumu pod prsy a zadn\u00ed t\u0159\u00ed\u0159adn\u00e9 zap\u00edn\u00e1n\u00ed. Model se hod\u00ed na b\u011bh, [&hellip;]<\/p>\n","protected":false},"featured_media":83474,"comment_status":"open","ping_status":"closed","template":"","meta":[],"product_brand":[],"product_cat":[346],"product_tag":[],"class_list":{"0":"post-83821","1":"product","2":"type-product","3":"status-publish","4":"has-post-thumbnail","6":"product_cat-damske-podprsenky-sportovni-fitness","7":"pa_cviat-bily-cs","8":"pa_razmer-l-cs","9":"pa_razmer-m-cs","10":"pa_razmer-s-cs-2","11":"inventories-world","12":"inventories-uk","14":"first","15":"instock","16":"taxable","17":"shipping-taxable","18":"purchasable","19":"product-type-variable"},"_links":{"self":[{"href":"https:\/\/staging6.peach-pump.com\/cs\/wp-json\/wp\/v2\/product\/83821","targetHints":{"allow":["GET"]}}],"collection":[{"href":"https:\/\/staging6.peach-pump.com\/cs\/wp-json\/wp\/v2\/product"}],"about":[{"href":"https:\/\/staging6.peach-pump.com\/cs\/wp-json\/wp\/v2\/types\/product"}],"replies":[{"embeddable":true,"href":"https:\/\/staging6.peach-pump.com\/cs\/wp-json\/wp\/v2\/comments?post=83821"}],"version-history":[{"count":0,"href":"https:\/\/staging6.peach-pump.com\/cs\/wp-json\/wp\/v2\/product\/83821\/revisions"}],"wp:featuredmedia":[{"embeddable":true,"href":"https:\/\/staging6.peach-pump.com\/cs\/wp-json\/wp\/v2\/media\/83474"}],"wp:attachment":[{"href":"https:\/\/staging6.peach-pump.com\/cs\/wp-json\/wp\/v2\/media?parent=83821"}],"wp:term":[{"taxonomy":"product_brand","embeddable":true,"href":"https:\/\/staging6.peach-pump.com\/cs\/wp-json\/wp\/v2\/product_brand?post=83821"},{"taxonomy":"product_cat","embeddable":true,"href":"https:\/\/staging6.peach-pump.com\/cs\/wp-json\/wp\/v2\/product_cat?post=83821"},{"taxonomy":"product_tag","embeddable":true,"href":"https:\/\/staging6.peach-pump.com\/cs\/wp-json\/wp\/v2\/product_tag?post=83821"}],"curies":[{"name":"wp","href":"https:\/\/api.w.org\/{rel}","templated":true}]}}