{"id":85038,"date":"2024-07-16T11:26:43","date_gmt":"2024-07-16T09:26:43","guid":{"rendered":"https:\/\/staging6.peach-pump.com\/products\/kratke-leginy-bezove-tvarujici\/"},"modified":"2025-10-14T10:46:42","modified_gmt":"2025-10-14T08:46:42","slug":"kratke-leginy-bezove-tvarujici","status":"publish","type":"product","link":"https:\/\/staging6.peach-pump.com\/cs\/products\/kratke-leginy-bezove-tvarujici\/","title":{"rendered":"B\u00e9\u017eov\u00e9 d\u00e1msk\u00e9 kr\u00e1tk\u00e9 leg\u00edny s tvaruj\u00edc\u00edm efektem Peach Pump"},"content":{"rendered":"<p>Sportovn\u00ed d\u00e1msk\u00e9 kr\u00e1tk\u00e9 leg\u00edny typu biker shorts v b\u00e9\u017eov\u00e9 barv\u011b vytvo\u0159en\u00e9 z beze\u0161v\u00e9, elastick\u00e9 a m\u011bkk\u00e9 tkaniny. Tento model postavu dokonale tvaruje, je vybaven \u0161irok\u00fdm \u017eebrovan\u00fdm d\u00edlem v pase s n\u00e1pisem Peach Pump, kter\u00fd pas jemn\u011b stahuje. Tkanina leg\u00edn zakr\u00fdv\u00e1 probl\u00e9mov\u00e9 partie, odv\u00e1d\u00ed vlhkost od t\u011bla. Leg\u00edny jsou vybaveny prvky, kter\u00e9 tvaruj\u00ed broskvov\u00fd zade\u010dek pro kr\u00e1snou a p\u016fvabnou siluetu. V tomto modelu se budete c\u00edtit pohodln\u011b a sebejist\u011b. Leg\u00edny lze sladit s podprsenkou stejn\u00e9ho vzoru nebo si m\u016f\u017eete z na\u0161\u00ed \u0161irok\u00e9 kolekce bundi\u010dek, sportovn\u00edch podprsenek a dopl\u0148k\u016f vytvo\u0159it sv\u016fj vlastn\u00ed sportovn\u00ed outfit, kter\u00fd bude v\u00fdrazn\u00fd a odli\u0161n\u00fd.<\/p>\n<ul>\n<li>Vysok\u00fd pas<\/li>\n<li>Beze\u0161v\u00e1 tkanina<\/li>\n<li>Zvedaj\u00edc\u00ed, tvaruj\u00edc\u00ed , zakr\u00fdvaj\u00ed probl\u00e9mov\u00e9 oblasti<\/li>\n<li>\u017debrovan\u00fd d\u00edl v pase, kter\u00fd pas obep\u00edn\u00e1<\/li>\n<li>Broskvov\u00fd efekt<\/li>\n<li>Tepeln\u00fd potisk loga Peach Pump vp\u0159edu<\/li>\n<li>Bez \u0161vu v p\u0159edn\u00ed \u010d\u00e1sti<\/li>\n<li>Tepeln\u00fd potisk loga Peach Pump na zadn\u00ed stran\u011b leg\u00edn<\/li>\n<li>N\u00e1pis Peach Pump na p\u00e1sku<\/li>\n<li>Materi\u00e1l odv\u00e1d\u011bj\u00edc\u00ed vlhkost od t\u011bla<\/li>\n<\/ul>\n<p>Slo\u017een\u00ed: 80 % polyester, 20 % elastan<\/p>\n<p>Leg\u00edny lze pr\u00e1t na 30 stup\u0148\u016f, neb\u011blit a ne\u010distit chemicky.<\/p>\n<p>Modelka na obr\u00e1zku je 168 cm vysok\u00e1, v\u00e1\u017e\u00ed 52 kg a p\u00f3zuje ve velikosti S.<\/p>\n<p>Pro v\u00fdb\u011br p\u0159esn\u00e9 velikosti pros\u00edm pou\u017eijte tabulek.<\/p>\n<p>&nbsp;<\/p>\n<p><a href=\"https:\/\/staging6.peach-pump.com\/wp-content\/uploads\/2024\/06\/Elastic-models-Peach-Pump-size-chart.jpg\"><img loading=\"lazy\" decoding=\"async\" class=\"alignnone wp-image-80867 \" src=\"https:\/\/staging6.peach-pump.com\/wp-content\/uploads\/2024\/06\/Elastic-models-Peach-Pump-size-chart.jpg\" alt=\"\" width=\"722\" height=\"542\" srcset=\"https:\/\/staging6.peach-pump.com\/wp-content\/uploads\/2024\/06\/Elastic-models-Peach-Pump-size-chart.jpg 1024w, https:\/\/staging6.peach-pump.com\/wp-content\/uploads\/2024\/06\/Elastic-models-Peach-Pump-size-chart-480x360.jpg 480w, https:\/\/staging6.peach-pump.com\/wp-content\/uploads\/2024\/06\/Elastic-models-Peach-Pump-size-chart-1000x750.jpg 1000w, https:\/\/staging6.peach-pump.com\/wp-content\/uploads\/2024\/06\/Elastic-models-Peach-Pump-size-chart-400x300.jpg 400w, https:\/\/staging6.peach-pump.com\/wp-content\/uploads\/2024\/06\/Elastic-models-Peach-Pump-size-chart-768x576.jpg 768w, https:\/\/staging6.peach-pump.com\/wp-content\/uploads\/2024\/06\/Elastic-models-Peach-Pump-size-chart-990x743.jpg 990w, https:\/\/staging6.peach-pump.com\/wp-content\/uploads\/2024\/06\/Elastic-models-Peach-Pump-size-chart-441x331.jpg 441w, https:\/\/staging6.peach-pump.com\/wp-content\/uploads\/2024\/06\/Elastic-models-Peach-Pump-size-chart-150x113.jpg 150w, https:\/\/staging6.peach-pump.com\/wp-content\/uploads\/2024\/06\/Elastic-models-Peach-Pump-size-chart-64x48.jpg 64w\" sizes=\"auto, (max-width: 722px) 100vw, 722px\" \/><\/a><\/p>\n<p>&nbsp;<\/p>\n","protected":false},"excerpt":{"rendered":"<p>Sportovn\u00ed d\u00e1msk\u00e9 kr\u00e1tk\u00e9 leg\u00edny typu biker shorts v b\u00e9\u017eov\u00e9 barv\u011b vytvo\u0159en\u00e9 z beze\u0161v\u00e9, elastick\u00e9 a m\u011bkk\u00e9 tkaniny. Tento model postavu dokonale tvaruje, je vybaven \u0161irok\u00fdm \u017eebrovan\u00fdm d\u00edlem v pase s n\u00e1pisem Peach Pump, kter\u00fd pas jemn\u011b stahuje. Tkanina leg\u00edn zakr\u00fdv\u00e1 probl\u00e9mov\u00e9 partie, odv\u00e1d\u00ed vlhkost od t\u011bla. Leg\u00edny jsou vybaveny prvky, kter\u00e9 tvaruj\u00ed broskvov\u00fd zade\u010dek pro [&hellip;]<\/p>\n","protected":false},"featured_media":83910,"comment_status":"open","ping_status":"closed","template":"","meta":[],"product_brand":[],"product_cat":[197,137],"product_tag":[],"class_list":{"0":"post-85038","1":"product","2":"type-product","3":"status-publish","4":"has-post-thumbnail","6":"product_cat-kratke-leginy","7":"product_cat-damske-sportovni-leginy","8":"pa_cviat-bezove","9":"pa_razmer-m-cs","10":"pa_razmer-s-cs-2","11":"inventories-world","12":"inventories-uk","14":"first","15":"instock","16":"taxable","17":"shipping-taxable","18":"purchasable","19":"product-type-variable"},"_links":{"self":[{"href":"https:\/\/staging6.peach-pump.com\/cs\/wp-json\/wp\/v2\/product\/85038","targetHints":{"allow":["GET"]}}],"collection":[{"href":"https:\/\/staging6.peach-pump.com\/cs\/wp-json\/wp\/v2\/product"}],"about":[{"href":"https:\/\/staging6.peach-pump.com\/cs\/wp-json\/wp\/v2\/types\/product"}],"replies":[{"embeddable":true,"href":"https:\/\/staging6.peach-pump.com\/cs\/wp-json\/wp\/v2\/comments?post=85038"}],"version-history":[{"count":0,"href":"https:\/\/staging6.peach-pump.com\/cs\/wp-json\/wp\/v2\/product\/85038\/revisions"}],"wp:featuredmedia":[{"embeddable":true,"href":"https:\/\/staging6.peach-pump.com\/cs\/wp-json\/wp\/v2\/media\/83910"}],"wp:attachment":[{"href":"https:\/\/staging6.peach-pump.com\/cs\/wp-json\/wp\/v2\/media?parent=85038"}],"wp:term":[{"taxonomy":"product_brand","embeddable":true,"href":"https:\/\/staging6.peach-pump.com\/cs\/wp-json\/wp\/v2\/product_brand?post=85038"},{"taxonomy":"product_cat","embeddable":true,"href":"https:\/\/staging6.peach-pump.com\/cs\/wp-json\/wp\/v2\/product_cat?post=85038"},{"taxonomy":"product_tag","embeddable":true,"href":"https:\/\/staging6.peach-pump.com\/cs\/wp-json\/wp\/v2\/product_tag?post=85038"}],"curies":[{"name":"wp","href":"https:\/\/api.w.org\/{rel}","templated":true}]}}