{"id":87473,"date":"2024-08-27T23:03:11","date_gmt":"2024-08-27T21:03:11","guid":{"rendered":"https:\/\/staging6.peach-pump.com\/products\/cerna-sportovni-souprava-bile-prosivani\/"},"modified":"2025-08-03T16:41:39","modified_gmt":"2025-08-03T14:41:39","slug":"cerna-sportovni-souprava-bile-prosivani","status":"publish","type":"product","link":"https:\/\/staging6.peach-pump.com\/cs\/products\/cerna-sportovni-souprava-bile-prosivani\/","title":{"rendered":"\u010cern\u00e1 sportovn\u00ed souprava s b\u00edl\u00fdm pro\u0161\u00edv\u00e1n\u00edm"},"content":{"rendered":"<p>D\u00e1msk\u00e1 \u010dern\u00e1 sportovn\u00ed souprava s b\u00edl\u00fdm pro\u0161\u00edv\u00e1n\u00edm. Souprava se skl\u00e1d\u00e1 ze sportovn\u00ed podprsenky s b\u00edl\u00fdmi ram\u00ednky a vyj\u00edmateln\u00fdmi vycp\u00e1vkami s push-up efektem (na p\u0159edn\u00ed stran\u011b podprsenky je tepeln\u00fd potisk loga Peach Pump) a z kr\u00e1tk\u00fdch leg\u00edn typu Booty shorts s b\u00edl\u00fdm pro\u0161\u00edv\u00e1n\u00edm. Tento model leg\u00edn je velmi elastick\u00fd, kr\u00e1sn\u011b postavu tvaruje a je vyroben z l\u00e1tky, kter\u00e1 nezadr\u017euje vlhkost. Je m\u00edrn\u00fd broskvov\u00fd efekt na zade\u010dek. Je to skv\u011bl\u00fd n\u00e1vrh, v n\u011bm\u017e se budete c\u00edtit kr\u00e1sn\u00e1 a sexy.    <\/p>\n<p>Podprsenka:<\/p>\n<ul>\n<li> Vycp\u00e1vky, vyj\u00edmateln\u00e9<\/li>\n<li> Push-Up efekt<\/li>\n<li> Velk\u00e1 pru\u017enost<\/li>\n<li> Tepeln\u00fd potisk loga Peach Pump v p\u0159edn\u00ed \u010d\u00e1sti podprsenky<\/li>\n<li> Tkanina, kter\u00e1 odv\u00e1d\u00ed vlhkost od t\u011bla<\/li>\n<\/ul>\n<p>Leg\u00edny:<\/p>\n<ul>\n<li>Zvedaj\u00ed, vytvaruj\u00ed, zakr\u00fdvaj\u00ed probl\u00e9mov\u00e9 oblasti<\/li>\n<li>Bez \u0161vu v p\u0159edn\u00ed \u010d\u00e1sti<\/li>\n<li>Tepeln\u00fd potisk loga Peach Pump na zadn\u00ed stran\u011b leg\u00edn<\/li>\n<li>Tepeln\u00fd potisk loga na boku leg\u00edn<\/li>\n<li>Tkanina, kter\u00e1 nezadr\u017euje vlhkost v t\u011ble<\/li>\n<\/ul>\n<p>Slo\u017een\u00ed: 80 % polyester, 20 % elastan<\/p>\n<p>Kl\u00edn lze pr\u00e1t na 30 stup\u0148\u016f, p\u0159i pran\u00ed se doporu\u010duje obr\u00e1cen\u00fd postup , nepou\u017e\u00edvejte pros\u00edm b\u011blidla ani chemick\u00e9 \u010di\u0161t\u011bn\u00ed. Modelka na obr\u00e1zku m\u011b\u0159\u00ed 180 cm, v\u00e1\u017e\u00ed 56 kg a p\u00f3zuje ve velikosti M.<\/p>\n<p>Pro v\u00fdb\u011br p\u0159esn\u00e9 velikosti pros\u00edm pou\u017eijte tabulek.<\/p>\n<p>&nbsp;<\/p>\n<p>&nbsp;<\/p>\n","protected":false},"excerpt":{"rendered":"<p>D\u00e1msk\u00e1 \u010dern\u00e1 sportovn\u00ed souprava s b\u00edl\u00fdm pro\u0161\u00edv\u00e1n\u00edm. Souprava se skl\u00e1d\u00e1 ze sportovn\u00ed podprsenky s b\u00edl\u00fdmi ram\u00ednky a vyj\u00edmateln\u00fdmi vycp\u00e1vkami s push-up efektem (na p\u0159edn\u00ed stran\u011b podprsenky je tepeln\u00fd potisk loga Peach Pump) a z kr\u00e1tk\u00fdch leg\u00edn typu Booty shorts s b\u00edl\u00fdm pro\u0161\u00edv\u00e1n\u00edm. Tento model leg\u00edn je velmi elastick\u00fd, kr\u00e1sn\u011b postavu tvaruje a je vyroben z [&hellip;]<\/p>\n","protected":false},"featured_media":87165,"comment_status":"open","ping_status":"closed","template":"","meta":[],"product_brand":[],"product_cat":[347,348],"product_tag":[],"class_list":{"0":"post-87473","1":"product","2":"type-product","3":"status-publish","4":"has-post-thumbnail","6":"product_cat-damske-sportovni-outfity","7":"product_cat-kratke-sportovni-outfity-leginy","8":"pa_cviat-cerna","9":"inventories-world","10":"inventories-uk","12":"first","13":"instock","14":"virtual","15":"taxable","16":"purchasable","17":"product-type-yith_bundle"},"_links":{"self":[{"href":"https:\/\/staging6.peach-pump.com\/cs\/wp-json\/wp\/v2\/product\/87473","targetHints":{"allow":["GET"]}}],"collection":[{"href":"https:\/\/staging6.peach-pump.com\/cs\/wp-json\/wp\/v2\/product"}],"about":[{"href":"https:\/\/staging6.peach-pump.com\/cs\/wp-json\/wp\/v2\/types\/product"}],"replies":[{"embeddable":true,"href":"https:\/\/staging6.peach-pump.com\/cs\/wp-json\/wp\/v2\/comments?post=87473"}],"version-history":[{"count":0,"href":"https:\/\/staging6.peach-pump.com\/cs\/wp-json\/wp\/v2\/product\/87473\/revisions"}],"wp:featuredmedia":[{"embeddable":true,"href":"https:\/\/staging6.peach-pump.com\/cs\/wp-json\/wp\/v2\/media\/87165"}],"wp:attachment":[{"href":"https:\/\/staging6.peach-pump.com\/cs\/wp-json\/wp\/v2\/media?parent=87473"}],"wp:term":[{"taxonomy":"product_brand","embeddable":true,"href":"https:\/\/staging6.peach-pump.com\/cs\/wp-json\/wp\/v2\/product_brand?post=87473"},{"taxonomy":"product_cat","embeddable":true,"href":"https:\/\/staging6.peach-pump.com\/cs\/wp-json\/wp\/v2\/product_cat?post=87473"},{"taxonomy":"product_tag","embeddable":true,"href":"https:\/\/staging6.peach-pump.com\/cs\/wp-json\/wp\/v2\/product_tag?post=87473"}],"curies":[{"name":"wp","href":"https:\/\/api.w.org\/{rel}","templated":true}]}}