{"id":87485,"date":"2024-08-27T21:55:46","date_gmt":"2024-08-27T19:55:46","guid":{"rendered":"https:\/\/staging6.peach-pump.com\/products\/cerne-kratke-leginy-bile-prosivani\/"},"modified":"2025-10-22T16:35:15","modified_gmt":"2025-10-22T14:35:15","slug":"cerne-kratke-leginy-bile-prosivani","status":"publish","type":"product","link":"https:\/\/staging6.peach-pump.com\/cs\/products\/cerne-kratke-leginy-bile-prosivani\/","title":{"rendered":"\u010cern\u00e9 kr\u00e1tk\u00e9 leg\u00edny s b\u00edl\u00fdm pro\u0161\u00edv\u00e1n\u00edm"},"content":{"rendered":"<p>\u010cern\u00e9 kr\u00e1tk\u00e9 leg\u00edny typu Booty shorts s b\u00edl\u00fdm pro\u0161\u00edv\u00e1n\u00edm. Tento model leg\u00edn m\u00e1 skv\u011blou elasticitu, kr\u00e1sn\u011b postavu vytvaruje a je vyroben z l\u00e1tky, kter\u00e1 nezadr\u017euje vlhkost v t\u011ble. Je m\u00edrn\u00fd broskvov\u00fd efekt na zade\u010dek.   Lze kombinovat s podprsenkou stejn\u00e9ho vzoru, viz sekci Sportovn\u00ed sety s kr\u00e1tk\u00fdmi leg\u00ednami.<\/p>\n<ul>\n<li>Zvedaj\u00ed, vytvaruj\u00ed, zakr\u00fdvaj\u00ed probl\u00e9mov\u00e9 oblasti<\/li>\n<li>Bez \u0161vu vp\u0159edu<\/li>\n<li>Tepeln\u00fd potisk loga Peach Pump na zadn\u00ed stran\u011b leg\u00edn<\/li>\n<li>Tepeln\u00fd potisk loga na boku leg\u00edn<\/li>\n<li>Tkanina, kter\u00e1 nezadr\u017euje vlhkost v t\u011ble<\/li>\n<\/ul>\n<p>Slo\u017een\u00ed: 80 % polyester, 20 % elastan<\/p>\n<p>Kl\u00edn lze pr\u00e1t na 30 stup\u0148\u016f, p\u0159i pran\u00ed se doporu\u010duje obr\u00e1cen\u00fd postup , nepou\u017e\u00edvejte pros\u00edm b\u011blidla ani chemick\u00e9 \u010di\u0161t\u011bn\u00ed. Modelka na obr\u00e1zku m\u011b\u0159\u00ed 180 cm, v\u00e1\u017e\u00ed 56 kg a p\u00f3zuje ve velikosti M.<\/p>\n<p>Pro v\u00fdb\u011br p\u0159esn\u00e9 velikosti pros\u00edm pou\u017eijte tabulek.<\/p>\n<p>&nbsp;<\/p>\n<p><a href=\"https:\/\/staging6.peach-pump.com\/wp-content\/uploads\/2024\/06\/Elastic-models-Peach-Pump-size-chart.jpg\"><img loading=\"lazy\" decoding=\"async\" class=\"alignnone wp-image-80867 \" src=\"https:\/\/staging6.peach-pump.com\/wp-content\/uploads\/2024\/06\/Elastic-models-Peach-Pump-size-chart.jpg\" alt=\"\" width=\"675\" height=\"506\" srcset=\"https:\/\/staging6.peach-pump.com\/wp-content\/uploads\/2024\/06\/Elastic-models-Peach-Pump-size-chart.jpg 1024w, https:\/\/staging6.peach-pump.com\/wp-content\/uploads\/2024\/06\/Elastic-models-Peach-Pump-size-chart-480x360.jpg 480w, https:\/\/staging6.peach-pump.com\/wp-content\/uploads\/2024\/06\/Elastic-models-Peach-Pump-size-chart-1000x750.jpg 1000w, https:\/\/staging6.peach-pump.com\/wp-content\/uploads\/2024\/06\/Elastic-models-Peach-Pump-size-chart-400x300.jpg 400w, https:\/\/staging6.peach-pump.com\/wp-content\/uploads\/2024\/06\/Elastic-models-Peach-Pump-size-chart-768x576.jpg 768w, https:\/\/staging6.peach-pump.com\/wp-content\/uploads\/2024\/06\/Elastic-models-Peach-Pump-size-chart-990x743.jpg 990w, https:\/\/staging6.peach-pump.com\/wp-content\/uploads\/2024\/06\/Elastic-models-Peach-Pump-size-chart-441x331.jpg 441w, https:\/\/staging6.peach-pump.com\/wp-content\/uploads\/2024\/06\/Elastic-models-Peach-Pump-size-chart-150x113.jpg 150w, https:\/\/staging6.peach-pump.com\/wp-content\/uploads\/2024\/06\/Elastic-models-Peach-Pump-size-chart-64x48.jpg 64w\" sizes=\"auto, (max-width: 675px) 100vw, 675px\" \/><\/a><\/p>\n","protected":false},"excerpt":{"rendered":"<p>\u010cern\u00e9 kr\u00e1tk\u00e9 leg\u00edny typu Booty shorts s b\u00edl\u00fdm pro\u0161\u00edv\u00e1n\u00edm. Tento model leg\u00edn m\u00e1 skv\u011blou elasticitu, kr\u00e1sn\u011b postavu vytvaruje a je vyroben z l\u00e1tky, kter\u00e1 nezadr\u017euje vlhkost v t\u011ble. Je m\u00edrn\u00fd broskvov\u00fd efekt na zade\u010dek. Lze kombinovat s podprsenkou stejn\u00e9ho vzoru, viz sekci Sportovn\u00ed sety s kr\u00e1tk\u00fdmi leg\u00ednami. Zvedaj\u00ed, vytvaruj\u00ed, zakr\u00fdvaj\u00ed probl\u00e9mov\u00e9 oblasti Bez \u0161vu vp\u0159edu [&hellip;]<\/p>\n","protected":false},"featured_media":86984,"comment_status":"open","ping_status":"closed","template":"","meta":[],"product_brand":[],"product_cat":[197,137],"product_tag":[],"class_list":{"0":"post-87485","1":"product","2":"type-product","3":"status-publish","4":"has-post-thumbnail","6":"product_cat-kratke-leginy","7":"product_cat-damske-sportovni-leginy","8":"pa_cviat-cerna","9":"pa_razmer-l-cs","10":"pa_razmer-m-cs","11":"pa_razmer-s-cs-2","12":"inventories-world","13":"inventories-uk","15":"first","16":"instock","17":"taxable","18":"shipping-taxable","19":"purchasable","20":"product-type-variable"},"_links":{"self":[{"href":"https:\/\/staging6.peach-pump.com\/cs\/wp-json\/wp\/v2\/product\/87485","targetHints":{"allow":["GET"]}}],"collection":[{"href":"https:\/\/staging6.peach-pump.com\/cs\/wp-json\/wp\/v2\/product"}],"about":[{"href":"https:\/\/staging6.peach-pump.com\/cs\/wp-json\/wp\/v2\/types\/product"}],"replies":[{"embeddable":true,"href":"https:\/\/staging6.peach-pump.com\/cs\/wp-json\/wp\/v2\/comments?post=87485"}],"version-history":[{"count":0,"href":"https:\/\/staging6.peach-pump.com\/cs\/wp-json\/wp\/v2\/product\/87485\/revisions"}],"wp:featuredmedia":[{"embeddable":true,"href":"https:\/\/staging6.peach-pump.com\/cs\/wp-json\/wp\/v2\/media\/86984"}],"wp:attachment":[{"href":"https:\/\/staging6.peach-pump.com\/cs\/wp-json\/wp\/v2\/media?parent=87485"}],"wp:term":[{"taxonomy":"product_brand","embeddable":true,"href":"https:\/\/staging6.peach-pump.com\/cs\/wp-json\/wp\/v2\/product_brand?post=87485"},{"taxonomy":"product_cat","embeddable":true,"href":"https:\/\/staging6.peach-pump.com\/cs\/wp-json\/wp\/v2\/product_cat?post=87485"},{"taxonomy":"product_tag","embeddable":true,"href":"https:\/\/staging6.peach-pump.com\/cs\/wp-json\/wp\/v2\/product_tag?post=87485"}],"curies":[{"name":"wp","href":"https:\/\/api.w.org\/{rel}","templated":true}]}}