{"id":87489,"date":"2024-08-27T21:49:21","date_gmt":"2024-08-27T19:49:21","guid":{"rendered":"https:\/\/staging6.peach-pump.com\/products\/cerna-podprsenka-bila-raminka\/"},"modified":"2025-10-26T23:06:28","modified_gmt":"2025-10-26T21:06:28","slug":"cerna-podprsenka-bila-raminka","status":"publish","type":"product","link":"https:\/\/staging6.peach-pump.com\/cs\/products\/cerna-podprsenka-bila-raminka\/","title":{"rendered":"\u010cern\u00e1 podprsenka s b\u00edl\u00fdmi ram\u00ednky"},"content":{"rendered":"<p>\u010cern\u00e1 podprsenka s b\u00edl\u00fdmi ram\u00ednky a vycp\u00e1vkami s push-up efektem. Tento model je vyroben z pru\u017en\u00e9, prody\u0161n\u00e9 tkaniny, kter\u00e1 odv\u00e1d\u00ed vlhkost od t\u011bla a poskytuje naprostou volnost pohybu b\u011bhem tr\u00e9ninku. Vycp\u00e1vky podprsenky jsou vyj\u00edmateln\u00e9; vp\u0159edu je tepeln\u00fd potisk loga Peach Pump. Lze kombinovat s kr\u00e1tk\u00fdmi leg\u00ednami stejn\u00e9ho vzoru nebo jednobarevn\u00fdmi dlouh\u00fdmi leg\u00ednami. Je to skv\u011bl\u00fd n\u00e1vrh, d\u00edky kter\u00e9mu se budete c\u00edtit kr\u00e1sn\u00e1 a sexy.   <\/p>\n<p>Podprsenka:<\/p>\n<ul>\n<li> Vycp\u00e1vky, vyj\u00edmateln\u00e9<\/li>\n<li> Push-Up efekt<\/li>\n<li> Velk\u00e1 pru\u017enost<\/li>\n<li> Tepeln\u00fd potisk loga Peach Pump v p\u0159edn\u00ed \u010d\u00e1sti podprsenky<\/li>\n<li> Tkanina, kter\u00e1 odv\u00e1d\u00ed vlhkost od t\u011bla<\/li>\n<\/ul>\n<p>Slo\u017een\u00ed: 80 % polyester, 20 % elastan<\/p>\n<p>Bustier lze pr\u00e1t p\u0159i teplot\u00e1ch do 30 stup\u0148\u016f, p\u0159i pran\u00ed doporu\u010dujeme obr\u00e1tit, nepou\u017e\u00edvejte pros\u00edm b\u011blidla ani chemick\u00e9 \u010di\u0161t\u011bn\u00ed. Modelka na obr\u00e1zku m\u011b\u0159\u00ed 180 cm, v\u00e1\u017e\u00ed 56 kg a p\u00f3zuje s poprs\u00edm velikosti S.<\/p>\n<p>Pro v\u00fdb\u011br p\u0159esn\u00e9 velikosti pros\u00edm pou\u017eijte tabulek.<\/p>\n<p><a href=\"https:\/\/staging6.peach-pump.com\/wp-content\/uploads\/2024\/06\/Sport-Bras-Peach-Pump-size-chart-800x800.jpg\"><img loading=\"lazy\" decoding=\"async\" class=\"alignnone wp-image-80917 \" src=\"https:\/\/staging6.peach-pump.com\/wp-content\/uploads\/2024\/06\/Sport-Bras-Peach-Pump-size-chart-800x800.jpg\" alt=\"\" width=\"561\" height=\"561\" srcset=\"https:\/\/staging6.peach-pump.com\/wp-content\/uploads\/2024\/06\/Sport-Bras-Peach-Pump-size-chart-800x800.jpg 800w, https:\/\/staging6.peach-pump.com\/wp-content\/uploads\/2024\/06\/Sport-Bras-Peach-Pump-size-chart-480x480.jpg 480w, https:\/\/staging6.peach-pump.com\/wp-content\/uploads\/2024\/06\/Sport-Bras-Peach-Pump-size-chart-1000x1000.jpg 1000w, https:\/\/staging6.peach-pump.com\/wp-content\/uploads\/2024\/06\/Sport-Bras-Peach-Pump-size-chart-300x300.jpg 300w, https:\/\/staging6.peach-pump.com\/wp-content\/uploads\/2024\/06\/Sport-Bras-Peach-Pump-size-chart-150x150.jpg 150w, https:\/\/staging6.peach-pump.com\/wp-content\/uploads\/2024\/06\/Sport-Bras-Peach-Pump-size-chart-768x768.jpg 768w, https:\/\/staging6.peach-pump.com\/wp-content\/uploads\/2024\/06\/Sport-Bras-Peach-Pump-size-chart-990x990.jpg 990w, https:\/\/staging6.peach-pump.com\/wp-content\/uploads\/2024\/06\/Sport-Bras-Peach-Pump-size-chart-441x441.jpg 441w, https:\/\/staging6.peach-pump.com\/wp-content\/uploads\/2024\/06\/Sport-Bras-Peach-Pump-size-chart-100x100.jpg 100w, https:\/\/staging6.peach-pump.com\/wp-content\/uploads\/2024\/06\/Sport-Bras-Peach-Pump-size-chart-64x64.jpg 64w, https:\/\/staging6.peach-pump.com\/wp-content\/uploads\/2024\/06\/Sport-Bras-Peach-Pump-size-chart.jpg 1080w\" sizes=\"auto, (max-width: 561px) 100vw, 561px\" \/><\/a><\/p>\n","protected":false},"excerpt":{"rendered":"<p>\u010cern\u00e1 podprsenka s b\u00edl\u00fdmi ram\u00ednky a vycp\u00e1vkami s push-up efektem. Tento model je vyroben z pru\u017en\u00e9, prody\u0161n\u00e9 tkaniny, kter\u00e1 odv\u00e1d\u00ed vlhkost od t\u011bla a poskytuje naprostou volnost pohybu b\u011bhem tr\u00e9ninku. Vycp\u00e1vky podprsenky jsou vyj\u00edmateln\u00e9; vp\u0159edu je tepeln\u00fd potisk loga Peach Pump. Lze kombinovat s kr\u00e1tk\u00fdmi leg\u00ednami stejn\u00e9ho vzoru nebo jednobarevn\u00fdmi dlouh\u00fdmi leg\u00ednami. Je to skv\u011bl\u00fd [&hellip;]<\/p>\n","protected":false},"featured_media":86940,"comment_status":"open","ping_status":"closed","template":"","meta":[],"product_brand":[],"product_cat":[346],"product_tag":[],"class_list":{"0":"post-87489","1":"product","2":"type-product","3":"status-publish","4":"has-post-thumbnail","6":"product_cat-damske-podprsenky-sportovni-fitness","7":"pa_cviat-cerna","8":"pa_razmer-l-cs","9":"pa_razmer-m-cs","10":"pa_razmer-s-cs-2","11":"inventories-world","12":"inventories-uk","14":"first","15":"instock","16":"taxable","17":"shipping-taxable","18":"purchasable","19":"product-type-variable"},"_links":{"self":[{"href":"https:\/\/staging6.peach-pump.com\/cs\/wp-json\/wp\/v2\/product\/87489","targetHints":{"allow":["GET"]}}],"collection":[{"href":"https:\/\/staging6.peach-pump.com\/cs\/wp-json\/wp\/v2\/product"}],"about":[{"href":"https:\/\/staging6.peach-pump.com\/cs\/wp-json\/wp\/v2\/types\/product"}],"replies":[{"embeddable":true,"href":"https:\/\/staging6.peach-pump.com\/cs\/wp-json\/wp\/v2\/comments?post=87489"}],"version-history":[{"count":0,"href":"https:\/\/staging6.peach-pump.com\/cs\/wp-json\/wp\/v2\/product\/87489\/revisions"}],"wp:featuredmedia":[{"embeddable":true,"href":"https:\/\/staging6.peach-pump.com\/cs\/wp-json\/wp\/v2\/media\/86940"}],"wp:attachment":[{"href":"https:\/\/staging6.peach-pump.com\/cs\/wp-json\/wp\/v2\/media?parent=87489"}],"wp:term":[{"taxonomy":"product_brand","embeddable":true,"href":"https:\/\/staging6.peach-pump.com\/cs\/wp-json\/wp\/v2\/product_brand?post=87489"},{"taxonomy":"product_cat","embeddable":true,"href":"https:\/\/staging6.peach-pump.com\/cs\/wp-json\/wp\/v2\/product_cat?post=87489"},{"taxonomy":"product_tag","embeddable":true,"href":"https:\/\/staging6.peach-pump.com\/cs\/wp-json\/wp\/v2\/product_tag?post=87489"}],"curies":[{"name":"wp","href":"https:\/\/api.w.org\/{rel}","templated":true}]}}