{"id":90621,"date":"2024-10-11T16:31:48","date_gmt":"2024-10-11T14:31:48","guid":{"rendered":"https:\/\/staging6.peach-pump.com\/products\/ksiltovka-bezova\/"},"modified":"2025-10-18T12:58:24","modified_gmt":"2025-10-18T10:58:24","slug":"ksiltovka-bezova","status":"publish","type":"product","link":"https:\/\/staging6.peach-pump.com\/cs\/products\/ksiltovka-bezova\/","title":{"rendered":"B\u00e9\u017eov\u00e1 \u010depice s k\u0161iltem Peach Pump"},"content":{"rendered":"<p>Kombinujte sv\u00e9 obl\u00edben\u00e9 leg\u00edny a podprsenky s b\u00e9\u017eovou \u010depic\u00ed s k\u0161iltem Peach Pump. V hork\u00fdch letn\u00edch m\u011bs\u00edc\u00edch bude dokonal\u00fdm dopl\u0148kem va\u0161eho outfitu a z\u00e1rove\u0148 ochr\u00e1n\u00ed v\u00e1\u0161 obli\u010dej p\u0159ed ostr\u00fdm sluncem. K\u0161iltovka se vyzna\u010duje efektn\u00edm vy\u0161\u00edvan\u00fdm trojrozm\u011brn\u00fdm r\u016f\u017eov\u00fdm logem s \u0161ed\u00fdm lemov\u00e1n\u00edm a motiva\u010dn\u00edm sloganem : Sexy, Strong, Savage. \u010cepice je jedn\u00e9 velikosti, nastavuje se pomoc\u00ed kovov\u00e9 spony, k\u0161ilt je ohnut\u00fd. Bu\u010fte stylov\u00e1 a jedine\u010dn\u00e1 t\u00edmto dokonal\u00fdm dopl\u0148kem Va\u0161eho sportovn\u00edho outfitu.<\/p>\n","protected":false},"excerpt":{"rendered":"<p>Kombinujte sv\u00e9 obl\u00edben\u00e9 leg\u00edny a podprsenky s b\u00e9\u017eovou \u010depic\u00ed s k\u0161iltem Peach Pump. V hork\u00fdch letn\u00edch m\u011bs\u00edc\u00edch bude dokonal\u00fdm dopl\u0148kem va\u0161eho outfitu a z\u00e1rove\u0148 ochr\u00e1n\u00ed v\u00e1\u0161 obli\u010dej p\u0159ed ostr\u00fdm sluncem. K\u0161iltovka se vyzna\u010duje efektn\u00edm vy\u0161\u00edvan\u00fdm trojrozm\u011brn\u00fdm r\u016f\u017eov\u00fdm logem s \u0161ed\u00fdm lemov\u00e1n\u00edm a motiva\u010dn\u00edm sloganem : Sexy, Strong, Savage. \u010cepice je jedn\u00e9 velikosti, nastavuje se pomoc\u00ed [&hellip;]<\/p>\n","protected":false},"featured_media":90372,"comment_status":"open","ping_status":"closed","template":"","meta":[],"product_brand":[],"product_cat":[791],"product_tag":[],"class_list":{"0":"post-90621","1":"product","2":"type-product","3":"status-publish","4":"has-post-thumbnail","6":"product_cat-doplnky","7":"pa_cviat-bezove","8":"pa_razmer-jedna-velikost","9":"inventories-world","10":"inventories-uk","12":"first","13":"instock","14":"taxable","15":"shipping-taxable","16":"purchasable","17":"product-type-variable"},"_links":{"self":[{"href":"https:\/\/staging6.peach-pump.com\/cs\/wp-json\/wp\/v2\/product\/90621","targetHints":{"allow":["GET"]}}],"collection":[{"href":"https:\/\/staging6.peach-pump.com\/cs\/wp-json\/wp\/v2\/product"}],"about":[{"href":"https:\/\/staging6.peach-pump.com\/cs\/wp-json\/wp\/v2\/types\/product"}],"replies":[{"embeddable":true,"href":"https:\/\/staging6.peach-pump.com\/cs\/wp-json\/wp\/v2\/comments?post=90621"}],"version-history":[{"count":0,"href":"https:\/\/staging6.peach-pump.com\/cs\/wp-json\/wp\/v2\/product\/90621\/revisions"}],"wp:featuredmedia":[{"embeddable":true,"href":"https:\/\/staging6.peach-pump.com\/cs\/wp-json\/wp\/v2\/media\/90372"}],"wp:attachment":[{"href":"https:\/\/staging6.peach-pump.com\/cs\/wp-json\/wp\/v2\/media?parent=90621"}],"wp:term":[{"taxonomy":"product_brand","embeddable":true,"href":"https:\/\/staging6.peach-pump.com\/cs\/wp-json\/wp\/v2\/product_brand?post=90621"},{"taxonomy":"product_cat","embeddable":true,"href":"https:\/\/staging6.peach-pump.com\/cs\/wp-json\/wp\/v2\/product_cat?post=90621"},{"taxonomy":"product_tag","embeddable":true,"href":"https:\/\/staging6.peach-pump.com\/cs\/wp-json\/wp\/v2\/product_tag?post=90621"}],"curies":[{"name":"wp","href":"https:\/\/api.w.org\/{rel}","templated":true}]}}