{"id":90628,"date":"2024-10-11T16:54:50","date_gmt":"2024-10-11T14:54:50","guid":{"rendered":"https:\/\/staging6.peach-pump.com\/products\/sportovni-overal-hnedy-bezesvy\/"},"modified":"2025-11-09T16:02:35","modified_gmt":"2025-11-09T14:02:35","slug":"sportovni-overal-hnedy-bezesvy","status":"publish","type":"product","link":"https:\/\/staging6.peach-pump.com\/cs\/products\/sportovni-overal-hnedy-bezesvy\/","title":{"rendered":"Tmav\u011b hn\u011bd\u00fd beze\u0161v\u00fd sportovn\u00ed overal"},"content":{"rendered":"<p>Hn\u011bd\u00fd sportovn\u00ed overal z beze\u0161v\u00e9 elastick\u00e9 l\u00e1tky, kter\u00e1 k t\u011blu p\u0159il\u00e9h\u00e1 dokonale. Model je vybaven nastaviteln\u00fdmi ram\u00ednky vzadu, vys\u0161\u00edm pasem vzadu, co\u017e poskytuje pohodl\u00ed p\u0159i cvi\u010den\u00ed. Jsou vycp\u00e1vky typu push-up, kter\u00e9 poskytuj\u00ed poprs\u00ed oporu i bez podprsenky. Pas overalu je ze \u017eebrovan\u00e9 l\u00e1tky, kter\u00e1 stahuje a modeluje. Leg\u00edny se vyzna\u010duj\u00ed broskvov\u00fdm efektem a perfektn\u011b postavu vytvaruj\u00ed. Je k dispozici v dal\u0161\u00edch dvou barv\u00e1ch, kter\u00e9 jsou aktu\u00e1ln\u00ed na tuto sez\u00f3nu.     <\/p>\n<ul>\n<li>Beze\u0161v\u00e1 tkanina<\/li>\n<li>Nastaviteln\u00e1 ram\u00ednka<\/li>\n<li>Vycp\u00e1vky typu push-up<\/li>\n<li>\u017debrovan\u00fd pas, stahuje a vytvaruje.<\/li>\n<li>Broskvov\u00fd efekt<\/li>\n<li>Tepeln\u00fd potisk loga Peach Pump na boku overalu a vzadu<\/li>\n<\/ul>\n<p>Slo\u017een\u00ed: 80 % polyester, 20 % elastan.<\/p>\n<p>Modelka na obr\u00e1zku m\u011b\u0159\u00ed 164 cm, v\u00e1\u017e\u00ed 52 kg a p\u00f3zuje ve velikosti S.<\/p>\n<p>Kombin\u00e9zu lze pr\u00e1t p\u0159i teplot\u011b do 30 stup\u0148\u016f , pros\u00edm, neb\u011blit ani ne\u010distit chemicky.<\/p>\n<p>Pro v\u00fdb\u011br p\u0159esn\u00e9 velikosti pros\u00edm pou\u017eijte tabulek.<\/p>\n<p>&nbsp;<\/p>\n","protected":false},"excerpt":{"rendered":"<p>Hn\u011bd\u00fd sportovn\u00ed overal z beze\u0161v\u00e9 elastick\u00e9 l\u00e1tky, kter\u00e1 k t\u011blu p\u0159il\u00e9h\u00e1 dokonale. Model je vybaven nastaviteln\u00fdmi ram\u00ednky vzadu, vys\u0161\u00edm pasem vzadu, co\u017e poskytuje pohodl\u00ed p\u0159i cvi\u010den\u00ed. Jsou vycp\u00e1vky typu push-up, kter\u00e9 poskytuj\u00ed poprs\u00ed oporu i bez podprsenky. Pas overalu je ze \u017eebrovan\u00e9 l\u00e1tky, kter\u00e1 stahuje a modeluje. Leg\u00edny se vyzna\u010duj\u00ed broskvov\u00fdm efektem a perfektn\u011b postavu [&hellip;]<\/p>\n","protected":false},"featured_media":90481,"comment_status":"open","ping_status":"closed","template":"","meta":[],"product_brand":[],"product_cat":[347,1125,349],"product_tag":[],"class_list":{"0":"post-90628","1":"product","2":"type-product","3":"status-publish","4":"has-post-thumbnail","6":"product_cat-damske-sportovni-outfity","7":"product_cat-sportovni-damske-overaly","8":"product_cat-sportovni-outfity-s-leginami","9":"pa_cviat-hneda","10":"pa_razmer-l-cs","11":"pa_razmer-m-cs","12":"pa_razmer-s-cs-2","13":"inventories-world","14":"inventories-uk","16":"first","17":"instock","18":"taxable","19":"shipping-taxable","20":"purchasable","21":"product-type-variable"},"_links":{"self":[{"href":"https:\/\/staging6.peach-pump.com\/cs\/wp-json\/wp\/v2\/product\/90628","targetHints":{"allow":["GET"]}}],"collection":[{"href":"https:\/\/staging6.peach-pump.com\/cs\/wp-json\/wp\/v2\/product"}],"about":[{"href":"https:\/\/staging6.peach-pump.com\/cs\/wp-json\/wp\/v2\/types\/product"}],"replies":[{"embeddable":true,"href":"https:\/\/staging6.peach-pump.com\/cs\/wp-json\/wp\/v2\/comments?post=90628"}],"version-history":[{"count":0,"href":"https:\/\/staging6.peach-pump.com\/cs\/wp-json\/wp\/v2\/product\/90628\/revisions"}],"wp:featuredmedia":[{"embeddable":true,"href":"https:\/\/staging6.peach-pump.com\/cs\/wp-json\/wp\/v2\/media\/90481"}],"wp:attachment":[{"href":"https:\/\/staging6.peach-pump.com\/cs\/wp-json\/wp\/v2\/media?parent=90628"}],"wp:term":[{"taxonomy":"product_brand","embeddable":true,"href":"https:\/\/staging6.peach-pump.com\/cs\/wp-json\/wp\/v2\/product_brand?post=90628"},{"taxonomy":"product_cat","embeddable":true,"href":"https:\/\/staging6.peach-pump.com\/cs\/wp-json\/wp\/v2\/product_cat?post=90628"},{"taxonomy":"product_tag","embeddable":true,"href":"https:\/\/staging6.peach-pump.com\/cs\/wp-json\/wp\/v2\/product_tag?post=90628"}],"curies":[{"name":"wp","href":"https:\/\/api.w.org\/{rel}","templated":true}]}}