{"id":93900,"date":"2024-11-03T07:49:51","date_gmt":"2024-11-03T05:49:51","guid":{"rendered":"https:\/\/staging6.peach-pump.com\/products\/hneda-souprava-leginy-a-podprsenka\/"},"modified":"2025-10-10T10:44:48","modified_gmt":"2025-10-10T08:44:48","slug":"hneda-souprava-leginy-a-podprsenka","status":"publish","type":"product","link":"https:\/\/staging6.peach-pump.com\/cs\/products\/hneda-souprava-leginy-a-podprsenka\/","title":{"rendered":"Hn\u011bd\u00e1 souprava &#8211; leg\u00edny a podprsenka s hlubok\u00fdm v\u00fdst\u0159ihem do V"},"content":{"rendered":"<p>Beze\u0161v\u00e1 hn\u011bd\u00e1 souprava, leg\u00edny a podprsenka s hlubok\u00fdm v\u00fdst\u0159ihem do V. Souprava je vytvo\u0159ena z beze\u0161v\u00e9, pru\u017en\u00e9 tkaniny p\u0159\u00edjemn\u00e9 na dotek. Tento model dokonale tvaruje postavu, je vybaven ni\u017e\u0161\u00edm pasem a \u017eebrovan\u00fdm p\u00e1skem. Materi\u00e1l leg\u00edn zakr\u00fdv\u00e1 problematick\u00e9 partie, odv\u00e1d\u00ed vlhkost od t\u011bla a tvaruje broskvov\u00fd zade\u010dek pro kr\u00e1snou a p\u016fvabnou siluetu. Podprsenka se vyzna\u010duje sexy v\u00e9\u010dkov\u00fdm v\u00fdst\u0159ihem, nastaviteln\u00fdmi ram\u00ednky, vycp\u00e1vkami s push-up efektem, kter\u00e9 lze libovoln\u011b vyjmout, lze ji nosit i pod oble\u010den\u00edm, jej\u00ed proveden\u00ed je nen\u00e1padn\u00e9 a budete m\u00edt pocit pohodl\u00ed a volnosti pohybu.     Sportovn\u00ed soupravu lze kombinovat s dopl\u0148kem &#8211; kloboukem a bundou stejn\u00e9 zna\u010dky, kter\u00fd dokonale dopln\u00ed v\u00e1\u0161 Peach Pump vzhled.<\/p>\n<p>Podprsenka:<\/p>\n<ul>\n<li>hlubok\u00fd v\u00fdst\u0159ih do V<\/li>\n<li>Vycp\u00e1vky, vyj\u00edmateln\u00e9<\/li>\n<li> Push-Up efekt<\/li>\n<li> Nastaviteln\u00e1 ram\u00ednka<\/li>\n<li> Velk\u00e1 pru\u017enost<\/li>\n<li> Tepeln\u00fd potisk loga Peach Pump na boku podprsenky<\/li>\n<li> Technologie odv\u00e1d\u011bn\u00ed vlhkosti z t\u011bla<\/li>\n<\/ul>\n<p>Leg\u00edny:<\/p>\n<ul>\n<li>Pr\u016fm\u011brn\u00e1 velikost pasu<\/li>\n<li>Beze\u0161v\u00e1 tkanina<\/li>\n<li>Zvedaj\u00ed, vytvaruj\u00ed, zakr\u00fdvaj\u00ed probl\u00e9mov\u00e9 oblasti<\/li>\n<li>\u017debrovan\u00fd d\u00edl v pase, kter\u00fd pas obep\u00edn\u00e1<\/li>\n<li>Broskvov\u00fd efekt<\/li>\n<li>Bez \u0161vu v p\u0159edn\u00ed \u010d\u00e1sti<\/li>\n<li>Tepeln\u00fd potisk loga Peach Pump na zadn\u00ed stran\u011b leg\u00edn<\/li>\n<li>Materi\u00e1l odv\u00e1d\u011bj\u00edc\u00ed vlhkost od t\u011bla<\/li>\n<\/ul>\n<p>Slo\u017een\u00ed: 80 % polyester, 20 % elastan<\/p>\n<p>Soupravu lze pr\u00e1t na 30 stup\u0148\u016f, nepou\u017e\u00edvat b\u011blidla a ne\u010distit chemicky.<\/p>\n<p>Modelka na fotografii m\u011b\u0159\u00ed 163 cm, v\u00e1\u017e\u00ed 51 kg a m\u00e1 na sob\u011b leg\u00edny velikosti S a podprsenku velikosti S.<\/p>\n<p>Pro v\u00fdb\u011br p\u0159esn\u00e9 velikosti pros\u00edm pou\u017eijte tabulek.<\/p>\n","protected":false},"excerpt":{"rendered":"<p>Beze\u0161v\u00e1 hn\u011bd\u00e1 souprava, leg\u00edny a podprsenka s hlubok\u00fdm v\u00fdst\u0159ihem do V. Souprava je vytvo\u0159ena z beze\u0161v\u00e9, pru\u017en\u00e9 tkaniny p\u0159\u00edjemn\u00e9 na dotek. Tento model dokonale tvaruje postavu, je vybaven ni\u017e\u0161\u00edm pasem a \u017eebrovan\u00fdm p\u00e1skem. Materi\u00e1l leg\u00edn zakr\u00fdv\u00e1 problematick\u00e9 partie, odv\u00e1d\u00ed vlhkost od t\u011bla a tvaruje broskvov\u00fd zade\u010dek pro kr\u00e1snou a p\u016fvabnou siluetu. Podprsenka se vyzna\u010duje sexy [&hellip;]<\/p>\n","protected":false},"featured_media":92893,"comment_status":"open","ping_status":"closed","template":"","meta":[],"product_brand":[],"product_cat":[347,349],"product_tag":[],"class_list":{"0":"post-93900","1":"product","2":"type-product","3":"status-publish","4":"has-post-thumbnail","6":"product_cat-damske-sportovni-outfity","7":"product_cat-sportovni-outfity-s-leginami","8":"pa_cviat-hneda","9":"inventories-world","10":"inventories-uk","12":"first","13":"instock","14":"virtual","15":"taxable","16":"purchasable","17":"product-type-yith_bundle"},"_links":{"self":[{"href":"https:\/\/staging6.peach-pump.com\/cs\/wp-json\/wp\/v2\/product\/93900","targetHints":{"allow":["GET"]}}],"collection":[{"href":"https:\/\/staging6.peach-pump.com\/cs\/wp-json\/wp\/v2\/product"}],"about":[{"href":"https:\/\/staging6.peach-pump.com\/cs\/wp-json\/wp\/v2\/types\/product"}],"replies":[{"embeddable":true,"href":"https:\/\/staging6.peach-pump.com\/cs\/wp-json\/wp\/v2\/comments?post=93900"}],"version-history":[{"count":0,"href":"https:\/\/staging6.peach-pump.com\/cs\/wp-json\/wp\/v2\/product\/93900\/revisions"}],"wp:featuredmedia":[{"embeddable":true,"href":"https:\/\/staging6.peach-pump.com\/cs\/wp-json\/wp\/v2\/media\/92893"}],"wp:attachment":[{"href":"https:\/\/staging6.peach-pump.com\/cs\/wp-json\/wp\/v2\/media?parent=93900"}],"wp:term":[{"taxonomy":"product_brand","embeddable":true,"href":"https:\/\/staging6.peach-pump.com\/cs\/wp-json\/wp\/v2\/product_brand?post=93900"},{"taxonomy":"product_cat","embeddable":true,"href":"https:\/\/staging6.peach-pump.com\/cs\/wp-json\/wp\/v2\/product_cat?post=93900"},{"taxonomy":"product_tag","embeddable":true,"href":"https:\/\/staging6.peach-pump.com\/cs\/wp-json\/wp\/v2\/product_tag?post=93900"}],"curies":[{"name":"wp","href":"https:\/\/api.w.org\/{rel}","templated":true}]}}