{"id":93914,"date":"2024-11-02T23:04:57","date_gmt":"2024-11-02T21:04:57","guid":{"rendered":"https:\/\/staging6.peach-pump.com\/products\/modroseda-podprsenka-vystrih-do-v\/"},"modified":"2025-11-05T09:31:43","modified_gmt":"2025-11-05T07:31:43","slug":"modroseda-podprsenka-vystrih-do-v","status":"publish","type":"product","link":"https:\/\/staging6.peach-pump.com\/cs\/products\/modroseda-podprsenka-vystrih-do-v\/","title":{"rendered":"Beze\u0161v\u00e1 modro\u0161ed\u00e1 podprsenka s hlubok\u00fdm v\u00fdst\u0159ihem do V"},"content":{"rendered":"<p>Beze\u0161v\u00e1, sportovn\u00ed, modro\u0161ed\u00e1 podprsenka s hlubok\u00fdm v\u00fdst\u0159ihem do V , vyj\u00edmateln\u00fdmi vycp\u00e1vkami a nastaviteln\u00fdmi ram\u00ednky. Model je vyroben z m\u011bkk\u00e9, velmi pru\u017en\u00e9 a prody\u0161n\u00e9 tkaniny, kter\u00e1 odv\u00e1d\u00ed vlhkost od t\u011bla. Podprsenku lze nosit i pod oble\u010den\u00edm, jej\u00ed design je nen\u00e1padn\u00fd a v n\u00ed budete m\u00edt pocit pohodl\u00ed a volnosti pohybu. Je k dispozici v r\u016fzn\u00fdch barv\u00e1ch, lze ji sladit s leg\u00ednami stejn\u00e9 nebo jin\u00e9 barvy. Viz sekci Sportovn\u00ed sety.<\/p>\n<ul>\n<li> Vycp\u00e1vky, vyj\u00edmateln\u00e9<\/li>\n<li> Push-Up efekt<\/li>\n<li> Nastaviteln\u00e1 ram\u00ednka<\/li>\n<li> Velk\u00e1 pru\u017enost<\/li>\n<li> Tepeln\u00fd potisk loga Peach Pump na boku podprsenky<\/li>\n<li> Technologie odv\u00e1d\u011bn\u00ed vlhkosti z t\u011bla<\/li>\n<\/ul>\n<p>Slo\u017een\u00ed: 80 % polyester, 20 % elastan<\/p>\n<p>Podprsenku lze pr\u00e1t na 30 stup\u0148\u016f, nepou\u017e\u00edvat b\u011blidla a ne\u010distit chemicky.<\/p>\n<p>Modelka na obr\u00e1zku m\u011b\u0159\u00ed 165 cm, v\u00e1\u017e\u00ed 51 kg a m\u00e1 na sob\u011b velikost S.<\/p>\n<p>Pro v\u00fdb\u011br p\u0159esn\u00e9 velikosti pros\u00edm pou\u017eijte tabulek.<\/p>\n","protected":false},"excerpt":{"rendered":"<p>Beze\u0161v\u00e1, sportovn\u00ed, modro\u0161ed\u00e1 podprsenka s hlubok\u00fdm v\u00fdst\u0159ihem do V , vyj\u00edmateln\u00fdmi vycp\u00e1vkami a nastaviteln\u00fdmi ram\u00ednky. Model je vyroben z m\u011bkk\u00e9, velmi pru\u017en\u00e9 a prody\u0161n\u00e9 tkaniny, kter\u00e1 odv\u00e1d\u00ed vlhkost od t\u011bla. Podprsenku lze nosit i pod oble\u010den\u00edm, jej\u00ed design je nen\u00e1padn\u00fd a v n\u00ed budete m\u00edt pocit pohodl\u00ed a volnosti pohybu. Je k dispozici v r\u016fzn\u00fdch [&hellip;]<\/p>\n","protected":false},"featured_media":92578,"comment_status":"open","ping_status":"closed","template":"","meta":[],"product_brand":[],"product_cat":[346],"product_tag":[],"class_list":{"0":"post-93914","1":"product","2":"type-product","3":"status-publish","4":"has-post-thumbnail","6":"product_cat-damske-podprsenky-sportovni-fitness","7":"pa_cviat-modra","8":"pa_razmer-l-cs","9":"pa_razmer-m-cs","10":"pa_razmer-s-cs-2","11":"inventories-world","12":"inventories-uk","14":"first","15":"instock","16":"taxable","17":"shipping-taxable","18":"purchasable","19":"product-type-variable"},"_links":{"self":[{"href":"https:\/\/staging6.peach-pump.com\/en\/wp-json\/wp\/v2\/product\/93914","targetHints":{"allow":["GET"]}}],"collection":[{"href":"https:\/\/staging6.peach-pump.com\/en\/wp-json\/wp\/v2\/product"}],"about":[{"href":"https:\/\/staging6.peach-pump.com\/en\/wp-json\/wp\/v2\/types\/product"}],"replies":[{"embeddable":true,"href":"https:\/\/staging6.peach-pump.com\/en\/wp-json\/wp\/v2\/comments?post=93914"}],"version-history":[{"count":0,"href":"https:\/\/staging6.peach-pump.com\/en\/wp-json\/wp\/v2\/product\/93914\/revisions"}],"wp:featuredmedia":[{"embeddable":true,"href":"https:\/\/staging6.peach-pump.com\/en\/wp-json\/wp\/v2\/media\/92578"}],"wp:attachment":[{"href":"https:\/\/staging6.peach-pump.com\/en\/wp-json\/wp\/v2\/media?parent=93914"}],"wp:term":[{"taxonomy":"product_brand","embeddable":true,"href":"https:\/\/staging6.peach-pump.com\/en\/wp-json\/wp\/v2\/product_brand?post=93914"},{"taxonomy":"product_cat","embeddable":true,"href":"https:\/\/staging6.peach-pump.com\/en\/wp-json\/wp\/v2\/product_cat?post=93914"},{"taxonomy":"product_tag","embeddable":true,"href":"https:\/\/staging6.peach-pump.com\/en\/wp-json\/wp\/v2\/product_tag?post=93914"}],"curies":[{"name":"wp","href":"https:\/\/api.w.org\/{rel}","templated":true}]}}