{"id":93939,"date":"2024-11-02T22:31:18","date_gmt":"2024-11-02T20:31:18","guid":{"rendered":"https:\/\/staging6.peach-pump.com\/products\/cerne-bezesve-leginy-nizky-pas\/"},"modified":"2025-11-10T19:57:24","modified_gmt":"2025-11-10T17:57:24","slug":"cerne-bezesve-leginy-nizky-pas","status":"publish","type":"product","link":"https:\/\/staging6.peach-pump.com\/cs\/products\/cerne-bezesve-leginy-nizky-pas\/","title":{"rendered":"\u010cern\u00e9 beze\u0161v\u00e9 leg\u00edny s n\u00edzk\u00fdm pasem"},"content":{"rendered":"<p>\u010cern\u00e9 beze\u0161v\u00e9 leg\u00edny vytvo\u0159en\u00e9 z pevn\u00e9 , beze\u0161v\u00e9, pru\u017en\u00e9 a m\u011bkk\u00e9 tkaniny. Tento model dokonale postavu tvaruje, vyzna\u010duje se ni\u017e\u0161\u00edm pasem. L\u00e1tka leg\u00edn zakr\u00fdv\u00e1 probl\u00e9mov\u00e9 partie, odv\u00e1d\u00ed vlhkost od t\u011bla a tvaruje broskvov\u00fd zade\u010dek pro kr\u00e1snou a p\u016fvabnou siluetu.   V tomto modelu se budete c\u00edtit pohodln\u011b a sebejist\u011b. Leg\u00edny lze sladit s podprsenkou stejn\u00e9ho vzoru nebo si m\u016f\u017eete z na\u0161\u00ed \u0161irok\u00e9 kolekce bundi\u010dek, sportovn\u00edch podprsenek a dopl\u0148k\u016f vytvo\u0159it sv\u016fj vlastn\u00ed sportovn\u00ed outfit, kter\u00fd bude v\u00fdrazn\u00fd a odli\u0161n\u00fd.<\/p>\n<ul>\n<li>N\u00edzk\u00fd pas<\/li>\n<li>Beze\u0161v\u00e1 tkanina<\/li>\n<li>Zvedaj\u00ed, vytvaruj\u00ed, zakr\u00fdvaj\u00ed probl\u00e9mov\u00e9 oblasti<\/li>\n<li>\u017debrovan\u00fd d\u00edl v pase, kter\u00fd pas obep\u00edn\u00e1<\/li>\n<li>Broskvov\u00fd efekt<\/li>\n<li>Bez \u0161vu vp\u0159edu<\/li>\n<li>Tepeln\u00fd potisk loga Peach Pump na zadn\u00ed stran\u011b leg\u00edn<\/li>\n<li>Logo Peach Pump na stehn\u011b<\/li>\n<li>Materi\u00e1l odv\u00e1d\u011bj\u00edc\u00ed vlhkost od t\u011bla<\/li>\n<\/ul>\n<p>Slo\u017een\u00ed: 80 % polyester, 20 % elastan<\/p>\n<p>Leg\u00edny lze pr\u00e1t na 30 stup\u0148\u016f, neb\u011blit a ne\u010distit chemicky.<\/p>\n<p>Modelka na obr\u00e1zku je 162 cm vysok\u00e1, v\u00e1\u017e\u00ed 51 kg a m\u00e1 na sob\u011b velikost S.<\/p>\n<p>Pro v\u00fdb\u011br p\u0159esn\u00e9 velikosti pros\u00edm pou\u017eijte tabulek.<\/p>\n","protected":false},"excerpt":{"rendered":"<p>\u010cern\u00e9 beze\u0161v\u00e9 leg\u00edny vytvo\u0159en\u00e9 z pevn\u00e9 , beze\u0161v\u00e9, pru\u017en\u00e9 a m\u011bkk\u00e9 tkaniny. Tento model dokonale postavu tvaruje, vyzna\u010duje se ni\u017e\u0161\u00edm pasem. L\u00e1tka leg\u00edn zakr\u00fdv\u00e1 probl\u00e9mov\u00e9 partie, odv\u00e1d\u00ed vlhkost od t\u011bla a tvaruje broskvov\u00fd zade\u010dek pro kr\u00e1snou a p\u016fvabnou siluetu. V tomto modelu se budete c\u00edtit pohodln\u011b a sebejist\u011b. Leg\u00edny lze sladit s podprsenkou stejn\u00e9ho vzoru [&hellip;]<\/p>\n","protected":false},"featured_media":92398,"comment_status":"open","ping_status":"closed","template":"","meta":[],"product_brand":[],"product_cat":[296,137],"product_tag":[],"class_list":{"0":"post-93939","1":"product","2":"type-product","3":"status-publish","4":"has-post-thumbnail","6":"product_cat-damske-leginy-dlouhe","7":"product_cat-damske-sportovni-leginy","8":"pa_cviat-cervene","9":"pa_razmer-l-cs","10":"pa_razmer-m-cs","11":"pa_razmer-s-cs-2","12":"pa_razmer-xl-cs","13":"inventories-world","14":"inventories-uk","16":"first","17":"instock","18":"taxable","19":"shipping-taxable","20":"purchasable","21":"product-type-variable"},"_links":{"self":[{"href":"https:\/\/staging6.peach-pump.com\/cs\/wp-json\/wp\/v2\/product\/93939","targetHints":{"allow":["GET"]}}],"collection":[{"href":"https:\/\/staging6.peach-pump.com\/cs\/wp-json\/wp\/v2\/product"}],"about":[{"href":"https:\/\/staging6.peach-pump.com\/cs\/wp-json\/wp\/v2\/types\/product"}],"replies":[{"embeddable":true,"href":"https:\/\/staging6.peach-pump.com\/cs\/wp-json\/wp\/v2\/comments?post=93939"}],"version-history":[{"count":0,"href":"https:\/\/staging6.peach-pump.com\/cs\/wp-json\/wp\/v2\/product\/93939\/revisions"}],"wp:featuredmedia":[{"embeddable":true,"href":"https:\/\/staging6.peach-pump.com\/cs\/wp-json\/wp\/v2\/media\/92398"}],"wp:attachment":[{"href":"https:\/\/staging6.peach-pump.com\/cs\/wp-json\/wp\/v2\/media?parent=93939"}],"wp:term":[{"taxonomy":"product_brand","embeddable":true,"href":"https:\/\/staging6.peach-pump.com\/cs\/wp-json\/wp\/v2\/product_brand?post=93939"},{"taxonomy":"product_cat","embeddable":true,"href":"https:\/\/staging6.peach-pump.com\/cs\/wp-json\/wp\/v2\/product_cat?post=93939"},{"taxonomy":"product_tag","embeddable":true,"href":"https:\/\/staging6.peach-pump.com\/cs\/wp-json\/wp\/v2\/product_tag?post=93939"}],"curies":[{"name":"wp","href":"https:\/\/api.w.org\/{rel}","templated":true}]}}