{"id":96559,"date":"2024-11-17T20:13:42","date_gmt":"2024-11-17T18:13:42","guid":{"rendered":"https:\/\/staging6.peach-pump.com\/products\/bily-sportovni-top-typu-rolak\/"},"modified":"2025-10-31T12:51:00","modified_gmt":"2025-10-31T10:51:00","slug":"bily-sportovni-top-typu-rolak","status":"publish","type":"product","link":"https:\/\/staging6.peach-pump.com\/cs\/products\/bily-sportovni-top-typu-rolak\/","title":{"rendered":"B\u00edl\u00fd sportovn\u00ed rol\u00e1k"},"content":{"rendered":"<p>B\u00edl\u00fd sporotvn\u00ed rol\u00e1k s kr\u00e1tk\u00fdmi ruk\u00e1vy na t\u011ble. Top je vyroben z velmi jemn\u00e9 a pru\u017en\u00e9 tkaniny, kter\u00e1 nezadr\u017euje vlhkost v t\u011ble. M\u00e1 efektn\u00ed st\u0159ih, kter\u00fd opticky pas ze\u0161tihluje, na p\u0159edn\u00ed spodn\u00ed stran\u011b topu je tepeln\u00fd potisk loga Peach Pump. Model je vhodn\u00fd na fitness, b\u011bh\u00e1n\u00ed, aerobn\u00ed cvi\u010den\u00ed nebo proch\u00e1zku v parku. Lehk\u00e1 tkanina topu t\u011blo hlad\u00ed a vytv\u00e1\u0159\u00edpocit naprost\u00e9 volnosti pohybu. Skv\u011ble se kombinuje se v\u0161emi leg\u00ednami na\u0161\u00ed zna\u010dky a pro\u010d ne s d\u017e\u00ednami.     <\/p>\n<ul>\n<li>Jemn\u00e1 tkanina<\/li>\n<li>Velk\u00e1 pru\u017enost<\/li>\n<li>P\u0159il\u00e9hav\u00fd st\u0159ih<\/li>\n<li>Tepeln\u00fd potisk loga Peach Pump na p\u0159edn\u00ed spodn\u00ed stran\u011b topu<\/li>\n<li>Tkanina, kter\u00e1 odv\u00e1d\u00ed pot od t\u011bla<\/li>\n<\/ul>\n<p>Slo\u017een\u00ed: spandex a polyester<\/p>\n<p>Top lze pr\u00e1t na 30 stup\u0148\u016f, neb\u011blit, nesu\u0161it v su\u0161i\u010dce, ne\u010distit chemicky.<\/p>\n<p>Modelka na obr\u00e1zku je vysok\u00e1 170 cm, v\u00e1\u017e\u00ed 54 kg a p\u00f3zuje ve velikosti S.<\/p>\n<p>Pro v\u00fdb\u011br p\u0159esn\u00e9 velikosti pros\u00edm pou\u017eijte tabulek.<\/p>\n<p>&nbsp;<\/p>\n","protected":false},"excerpt":{"rendered":"<p>B\u00edl\u00fd sporotvn\u00ed rol\u00e1k s kr\u00e1tk\u00fdmi ruk\u00e1vy na t\u011ble. Top je vyroben z velmi jemn\u00e9 a pru\u017en\u00e9 tkaniny, kter\u00e1 nezadr\u017euje vlhkost v t\u011ble. M\u00e1 efektn\u00ed st\u0159ih, kter\u00fd opticky pas ze\u0161tihluje, na p\u0159edn\u00ed spodn\u00ed stran\u011b topu je tepeln\u00fd potisk loga Peach Pump. Model je vhodn\u00fd na fitness, b\u011bh\u00e1n\u00ed, aerobn\u00ed cvi\u010den\u00ed nebo proch\u00e1zku v parku. Lehk\u00e1 tkanina topu [&hellip;]<\/p>\n","protected":false},"featured_media":95495,"comment_status":"open","ping_status":"closed","template":"","meta":[],"product_brand":[],"product_cat":[345],"product_tag":[],"class_list":{"0":"post-96559","1":"product","2":"type-product","3":"status-publish","4":"has-post-thumbnail","6":"product_cat-damske-sportovni-topy-tilko","7":"pa_cviat-bily-cs","8":"pa_razmer-l-cs","9":"pa_razmer-m-cs","10":"pa_razmer-s-cs-2","11":"inventories-world","12":"inventories-uk","14":"first","15":"instock","16":"taxable","17":"shipping-taxable","18":"purchasable","19":"product-type-variable"},"_links":{"self":[{"href":"https:\/\/staging6.peach-pump.com\/en\/wp-json\/wp\/v2\/product\/96559","targetHints":{"allow":["GET"]}}],"collection":[{"href":"https:\/\/staging6.peach-pump.com\/en\/wp-json\/wp\/v2\/product"}],"about":[{"href":"https:\/\/staging6.peach-pump.com\/en\/wp-json\/wp\/v2\/types\/product"}],"replies":[{"embeddable":true,"href":"https:\/\/staging6.peach-pump.com\/en\/wp-json\/wp\/v2\/comments?post=96559"}],"version-history":[{"count":0,"href":"https:\/\/staging6.peach-pump.com\/en\/wp-json\/wp\/v2\/product\/96559\/revisions"}],"wp:featuredmedia":[{"embeddable":true,"href":"https:\/\/staging6.peach-pump.com\/en\/wp-json\/wp\/v2\/media\/95495"}],"wp:attachment":[{"href":"https:\/\/staging6.peach-pump.com\/en\/wp-json\/wp\/v2\/media?parent=96559"}],"wp:term":[{"taxonomy":"product_brand","embeddable":true,"href":"https:\/\/staging6.peach-pump.com\/en\/wp-json\/wp\/v2\/product_brand?post=96559"},{"taxonomy":"product_cat","embeddable":true,"href":"https:\/\/staging6.peach-pump.com\/en\/wp-json\/wp\/v2\/product_cat?post=96559"},{"taxonomy":"product_tag","embeddable":true,"href":"https:\/\/staging6.peach-pump.com\/en\/wp-json\/wp\/v2\/product_tag?post=96559"}],"curies":[{"name":"wp","href":"https:\/\/api.w.org\/{rel}","templated":true}]}}