{"id":96580,"date":"2024-11-17T21:01:08","date_gmt":"2024-11-17T19:01:08","guid":{"rendered":"https:\/\/staging6.peach-pump.com\/products\/tmave-modre-sportovni-leginy-jednobarevne\/"},"modified":"2025-11-10T19:13:32","modified_gmt":"2025-11-10T17:13:32","slug":"tmave-modre-sportovni-leginy-jednobarevne","status":"publish","type":"product","link":"https:\/\/staging6.peach-pump.com\/cs\/products\/tmave-modre-sportovni-leginy-jednobarevne\/","title":{"rendered":"Tmav\u011b modr\u00e9 sportovn\u00ed leg\u00edny jednobarevn\u00e9ho designu"},"content":{"rendered":"<p>Tmav\u011b modr\u00e9 sportovn\u00ed leg\u00edny jednobarevn\u00e9ho designu , bez broskvov\u00e9ho efektu. Model je vp\u0159edu beze\u0161v\u00fd, co\u017e preferuje v\u011bt\u0161ina dam, a je vybaven zpevn\u011bn\u00fdm \u0161vem v zadn\u00edm d\u00edlu. Elastick\u00fd materi\u00e1l, kter\u00fd postavu tvaruje, a \u0161irok\u00fd p\u00e1sek, kter\u00fd zv\u00fdraz\u0148uje pas. Vzadu jsou vybaveny 3D logem Peach Pump a n\u00e1pisem na kotn\u00edku. \u0160vy leg\u00edn jsou ploch\u00e9 a nedr\u00e1\u017ed\u00ed. Jsou vhodn\u00e9 pro silov\u00fd nebo aerobn\u00ed tr\u00e9nink, odv\u00e1d\u00ed pot od t\u011bla. Lze kombinovat s kr\u00e1tk\u00fdm topem vyroben\u00fdm ze stejn\u00e9 l\u00e1tky.      <\/p>\n<ul>\n<li>Elastick\u00e1 tkanina, pleten\u00e1<\/li>\n<li>Ploch\u00e9 \u0161vy<\/li>\n<li>Beze\u0161v\u00e9 vp\u0159edu<\/li>\n<li>Zes\u00edlen\u00fd \u0161ev vzadu<\/li>\n<li>\u0160irok\u00fd d\u00edl v pase, kter\u00fd pas zv\u00fdraz\u0148uje<\/li>\n<li>3D logo Peach Pump na zadn\u00ed stran\u011b leg\u00edn a n\u00e1pis na kotn\u00edku<\/li>\n<li>Tkanina, kter\u00e1 nezadr\u017euje vlhkost v t\u011ble<\/li>\n<\/ul>\n<p>Slo\u017een\u00ed: spandex a polyester<\/p>\n<p>Leg\u00edny lze pr\u00e1t na 30 stup\u0148\u016f, neb\u011blit, nesu\u0161it v su\u0161i\u010dce, ne\u010distit chemicky.<\/p>\n<p>Modelka na obr\u00e1zku je vysok\u00e1 170 cm, v\u00e1\u017e\u00ed 54 kg a p\u00f3zuje ve velikosti S.<\/p>\n<p>Pro v\u00fdb\u011br p\u0159esn\u00e9 velikosti pros\u00edm pou\u017eijte tabulek.<\/p>\n","protected":false},"excerpt":{"rendered":"<p>Tmav\u011b modr\u00e9 sportovn\u00ed leg\u00edny jednobarevn\u00e9ho designu , bez broskvov\u00e9ho efektu. Model je vp\u0159edu beze\u0161v\u00fd, co\u017e preferuje v\u011bt\u0161ina dam, a je vybaven zpevn\u011bn\u00fdm \u0161vem v zadn\u00edm d\u00edlu. Elastick\u00fd materi\u00e1l, kter\u00fd postavu tvaruje, a \u0161irok\u00fd p\u00e1sek, kter\u00fd zv\u00fdraz\u0148uje pas. Vzadu jsou vybaveny 3D logem Peach Pump a n\u00e1pisem na kotn\u00edku. \u0160vy leg\u00edn jsou ploch\u00e9 a nedr\u00e1\u017ed\u00ed. Jsou [&hellip;]<\/p>\n","protected":false},"featured_media":95059,"comment_status":"open","ping_status":"closed","template":"","meta":[],"product_brand":[],"product_cat":[296,137],"product_tag":[],"class_list":{"0":"post-96580","1":"product","2":"type-product","3":"status-publish","4":"has-post-thumbnail","6":"product_cat-damske-leginy-dlouhe","7":"product_cat-damske-sportovni-leginy","8":"pa_cviat-tmave-modra","9":"pa_razmer-l-cs","10":"pa_razmer-m-cs","11":"pa_razmer-s-cs-2","12":"pa_razmer-xl-cs","13":"inventories-world","14":"inventories-uk","16":"first","17":"instock","18":"taxable","19":"shipping-taxable","20":"purchasable","21":"product-type-variable"},"_links":{"self":[{"href":"https:\/\/staging6.peach-pump.com\/en\/wp-json\/wp\/v2\/product\/96580","targetHints":{"allow":["GET"]}}],"collection":[{"href":"https:\/\/staging6.peach-pump.com\/en\/wp-json\/wp\/v2\/product"}],"about":[{"href":"https:\/\/staging6.peach-pump.com\/en\/wp-json\/wp\/v2\/types\/product"}],"replies":[{"embeddable":true,"href":"https:\/\/staging6.peach-pump.com\/en\/wp-json\/wp\/v2\/comments?post=96580"}],"version-history":[{"count":0,"href":"https:\/\/staging6.peach-pump.com\/en\/wp-json\/wp\/v2\/product\/96580\/revisions"}],"wp:featuredmedia":[{"embeddable":true,"href":"https:\/\/staging6.peach-pump.com\/en\/wp-json\/wp\/v2\/media\/95059"}],"wp:attachment":[{"href":"https:\/\/staging6.peach-pump.com\/en\/wp-json\/wp\/v2\/media?parent=96580"}],"wp:term":[{"taxonomy":"product_brand","embeddable":true,"href":"https:\/\/staging6.peach-pump.com\/en\/wp-json\/wp\/v2\/product_brand?post=96580"},{"taxonomy":"product_cat","embeddable":true,"href":"https:\/\/staging6.peach-pump.com\/en\/wp-json\/wp\/v2\/product_cat?post=96580"},{"taxonomy":"product_tag","embeddable":true,"href":"https:\/\/staging6.peach-pump.com\/en\/wp-json\/wp\/v2\/product_tag?post=96580"}],"curies":[{"name":"wp","href":"https:\/\/api.w.org\/{rel}","templated":true}]}}