{"id":98398,"date":"2024-11-17T20:16:29","date_gmt":"2024-11-17T18:16:29","guid":{"rendered":"https:\/\/staging6.peach-pump.com\/products\/cerny-sportovni-top-dlouhy-rukav\/"},"modified":"2025-11-08T17:12:56","modified_gmt":"2025-11-08T15:12:56","slug":"cerny-sportovni-top-dlouhy-rukav","status":"publish","type":"product","link":"https:\/\/staging6.peach-pump.com\/cs\/products\/cerny-sportovni-top-dlouhy-rukav\/","title":{"rendered":"\u010cern\u00fd sportovn\u00ed p\u0159il\u00e9hav\u00fd top s dlouh\u00fdm ruk\u00e1vem"},"content":{"rendered":"<p>\u010cern\u00fd sportovn\u00ed p\u0159il\u00e9hav\u00fd top s dlouh\u00fdm ruk\u00e1vem z elastick\u00e9 , lehk\u00e9 tkaniny. Tento model m\u00e1 del\u0161\u00ed st\u0159ih , je z velmi lehk\u00e9 a m\u011bkk\u00e9 tkaniny, kter\u00e1 odv\u00e1d\u00ed vlhkost od t\u011bla. Vhodn\u00fd na fitness, b\u011bh, aerobn\u00ed cvi\u010den\u00ed nebo proch\u00e1zku v parku. Vp\u0159edu jsou dva \u0161vy, kter\u00e9 vedou po cel\u00e9 d\u00e9lce pasu a opticky jej zmen\u0161uj\u00ed. Top m\u00e1 na rameni tepeln\u00fd potisk loga Peach Pump. Skv\u011ble se kombinuje se v\u0161emi leg\u00ednami na\u0161\u00ed zna\u010dky.     <\/p>\n<ul>\n<li>Jemn\u00e1 tkanina<\/li>\n<li>Velk\u00e1 pru\u017enost<\/li>\n<li>Dlouh\u00fd st\u0159ih<\/li>\n<li>Perfektn\u011b padnouc\u00ed<\/li>\n<li>Tepeln\u00fd potisk loga Peach Pump na rameni<\/li>\n<li>Tkanina, kter\u00e1 odv\u00e1d\u00ed vlhkost od t\u011bla<\/li>\n<\/ul>\n<p>Slo\u017een\u00ed: elastan a polyester Top lze pr\u00e1t na 30 stup\u0148\u016f, nepou\u017e\u00edvat b\u011blidla, nesu\u0161it v su\u0161i\u010dce a ne\u010distit chemicky. Modelka na obr\u00e1zku m\u011b\u0159\u00ed 170 cm, v\u00e1\u017e\u00ed 54 kg a m\u00e1 na sob\u011b velikost S.<\/p>\n<p>Pro v\u00fdb\u011br p\u0159esn\u00e9 velikosti pros\u00edm pou\u017eijte tabulek.<\/p>\n<p>&nbsp;<\/p>\n","protected":false},"excerpt":{"rendered":"<p>\u010cern\u00fd sportovn\u00ed p\u0159il\u00e9hav\u00fd top s dlouh\u00fdm ruk\u00e1vem z elastick\u00e9 , lehk\u00e9 tkaniny. Tento model m\u00e1 del\u0161\u00ed st\u0159ih , je z velmi lehk\u00e9 a m\u011bkk\u00e9 tkaniny, kter\u00e1 odv\u00e1d\u00ed vlhkost od t\u011bla. Vhodn\u00fd na fitness, b\u011bh, aerobn\u00ed cvi\u010den\u00ed nebo proch\u00e1zku v parku. Vp\u0159edu jsou dva \u0161vy, kter\u00e9 vedou po cel\u00e9 d\u00e9lce pasu a opticky jej zmen\u0161uj\u00ed. Top [&hellip;]<\/p>\n","protected":false},"featured_media":95899,"comment_status":"open","ping_status":"closed","template":"","meta":[],"product_brand":[],"product_cat":[345],"product_tag":[],"class_list":{"0":"post-98398","1":"product","2":"type-product","3":"status-publish","4":"has-post-thumbnail","6":"product_cat-damske-sportovni-topy-tilko","7":"pa_cviat-cerna","8":"pa_razmer-l-cs","9":"pa_razmer-m-cs","10":"pa_razmer-s-cs-2","11":"inventories-world","12":"inventories-uk","14":"first","15":"instock","16":"taxable","17":"shipping-taxable","18":"purchasable","19":"product-type-variable"},"_links":{"self":[{"href":"https:\/\/staging6.peach-pump.com\/cs\/wp-json\/wp\/v2\/product\/98398","targetHints":{"allow":["GET"]}}],"collection":[{"href":"https:\/\/staging6.peach-pump.com\/cs\/wp-json\/wp\/v2\/product"}],"about":[{"href":"https:\/\/staging6.peach-pump.com\/cs\/wp-json\/wp\/v2\/types\/product"}],"replies":[{"embeddable":true,"href":"https:\/\/staging6.peach-pump.com\/cs\/wp-json\/wp\/v2\/comments?post=98398"}],"version-history":[{"count":0,"href":"https:\/\/staging6.peach-pump.com\/cs\/wp-json\/wp\/v2\/product\/98398\/revisions"}],"wp:featuredmedia":[{"embeddable":true,"href":"https:\/\/staging6.peach-pump.com\/cs\/wp-json\/wp\/v2\/media\/95899"}],"wp:attachment":[{"href":"https:\/\/staging6.peach-pump.com\/cs\/wp-json\/wp\/v2\/media?parent=98398"}],"wp:term":[{"taxonomy":"product_brand","embeddable":true,"href":"https:\/\/staging6.peach-pump.com\/cs\/wp-json\/wp\/v2\/product_brand?post=98398"},{"taxonomy":"product_cat","embeddable":true,"href":"https:\/\/staging6.peach-pump.com\/cs\/wp-json\/wp\/v2\/product_cat?post=98398"},{"taxonomy":"product_tag","embeddable":true,"href":"https:\/\/staging6.peach-pump.com\/cs\/wp-json\/wp\/v2\/product_tag?post=98398"}],"curies":[{"name":"wp","href":"https:\/\/api.w.org\/{rel}","templated":true}]}}