{"id":98406,"date":"2024-11-17T20:46:46","date_gmt":"2024-11-17T18:46:46","guid":{"rendered":"https:\/\/staging6.peach-pump.com\/products\/mikina-na-zip-cerna-s-kapuci\/"},"modified":"2025-09-02T23:57:45","modified_gmt":"2025-09-02T21:57:45","slug":"mikina-na-zip-cerna-s-kapuci","status":"publish","type":"product","link":"https:\/\/staging6.peach-pump.com\/cs\/products\/mikina-na-zip-cerna-s-kapuci\/","title":{"rendered":"\u010cern\u00e1 d\u00e1msk\u00e1 mikina na zip s kapuc\u00ed"},"content":{"rendered":"<p>\u010cern\u00e1 d\u00e1msk\u00e1 mikina na zip, s kapuc\u00ed a zateplenou pod\u0161\u00edvkou. Tento sportovn\u00ed model bundy , typu mikina, m\u00e1 dv\u011b bo\u010dn\u00ed klokan\u00ed kapsy, otvor na palec a vysok\u00fd l\u00edmec. Mikina m\u00e1 velkou kapuci s logem Peach Pump, del\u0161\u00ed st\u0159ih, kter\u00fd udr\u017euje teplo v pase. Vhodn\u00e1 na zah\u0159\u00e1t\u00ed p\u0159ed tr\u00e9ninkem nebo na proch\u00e1zku v parku. V pase je \u017eebrovan\u00fd d\u00edl, kter\u00fd pas opticky zmen\u0161uje, model p\u011bkn\u011b padne.    <\/p>\n<ul>\n<li>M\u011bkk\u00e1 pod\u0161\u00edvka<\/li>\n<li>Velk\u00e1 kapuce<\/li>\n<li>Vysok\u00fd l\u00edmec<\/li>\n<li>Otvor na palec<\/li>\n<li>Logo Peach Pump na kapuci a na rameni<\/li>\n<li>P\u0159il\u00e9hav\u00fd st\u0159ih se \u017eebrovan\u00fdm d\u00edlem v pase<\/li>\n<li>Del\u0161\u00ed, chr\u00e1n\u00edc\u00ed pas<\/li>\n<\/ul>\n<p>Slo\u017een\u00ed: spandex a polyester<\/p>\n<p>Bundu lze pr\u00e1t na 30 stup\u0148\u016f, nepou\u017e\u00edvejte pros\u00edm b\u011blidla, nesu\u0161te v su\u0161i\u010dce ani chemicky ne\u010dist\u011bte.<\/p>\n<p>Modelka na obr\u00e1zku je vysok\u00e1 170 cm, v\u00e1\u017e\u00ed 54 kg a p\u00f3zuje ve velikosti S.<\/p>\n<p>Pro v\u00fdb\u011br p\u0159esn\u00e9 velikosti pros\u00edm pou\u017eijte tabulek.<\/p>\n","protected":false},"excerpt":{"rendered":"<p>\u010cern\u00e1 d\u00e1msk\u00e1 mikina na zip, s kapuc\u00ed a zateplenou pod\u0161\u00edvkou. Tento sportovn\u00ed model bundy , typu mikina, m\u00e1 dv\u011b bo\u010dn\u00ed klokan\u00ed kapsy, otvor na palec a vysok\u00fd l\u00edmec. Mikina m\u00e1 velkou kapuci s logem Peach Pump, del\u0161\u00ed st\u0159ih, kter\u00fd udr\u017euje teplo v pase. Vhodn\u00e1 na zah\u0159\u00e1t\u00ed p\u0159ed tr\u00e9ninkem nebo na proch\u00e1zku v parku. V pase [&hellip;]<\/p>\n","protected":false},"featured_media":95833,"comment_status":"open","ping_status":"closed","template":"","meta":[],"product_brand":[],"product_cat":[920,1118],"product_tag":[],"class_list":{"0":"post-98406","1":"product","2":"type-product","3":"status-publish","4":"has-post-thumbnail","6":"product_cat-damske-bundy","7":"product_cat-damske-mikiny-s-kapuci","8":"pa_cviat-cerna","9":"pa_razmer-l-cs","10":"pa_razmer-m-cs","11":"pa_razmer-s-cs-2","12":"inventories-world","13":"inventories-uk","15":"first","16":"instock","17":"taxable","18":"shipping-taxable","19":"purchasable","20":"product-type-variable"},"_links":{"self":[{"href":"https:\/\/staging6.peach-pump.com\/cs\/wp-json\/wp\/v2\/product\/98406","targetHints":{"allow":["GET"]}}],"collection":[{"href":"https:\/\/staging6.peach-pump.com\/cs\/wp-json\/wp\/v2\/product"}],"about":[{"href":"https:\/\/staging6.peach-pump.com\/cs\/wp-json\/wp\/v2\/types\/product"}],"replies":[{"embeddable":true,"href":"https:\/\/staging6.peach-pump.com\/cs\/wp-json\/wp\/v2\/comments?post=98406"}],"version-history":[{"count":0,"href":"https:\/\/staging6.peach-pump.com\/cs\/wp-json\/wp\/v2\/product\/98406\/revisions"}],"wp:featuredmedia":[{"embeddable":true,"href":"https:\/\/staging6.peach-pump.com\/cs\/wp-json\/wp\/v2\/media\/95833"}],"wp:attachment":[{"href":"https:\/\/staging6.peach-pump.com\/cs\/wp-json\/wp\/v2\/media?parent=98406"}],"wp:term":[{"taxonomy":"product_brand","embeddable":true,"href":"https:\/\/staging6.peach-pump.com\/cs\/wp-json\/wp\/v2\/product_brand?post=98406"},{"taxonomy":"product_cat","embeddable":true,"href":"https:\/\/staging6.peach-pump.com\/cs\/wp-json\/wp\/v2\/product_cat?post=98406"},{"taxonomy":"product_tag","embeddable":true,"href":"https:\/\/staging6.peach-pump.com\/cs\/wp-json\/wp\/v2\/product_tag?post=98406"}],"curies":[{"name":"wp","href":"https:\/\/api.w.org\/{rel}","templated":true}]}}