{"id":98663,"date":"2024-11-17T21:06:41","date_gmt":"2024-11-17T19:06:41","guid":{"rendered":"https:\/\/staging6.peach-pump.com\/products\/modry-overal-jedeno-raminko\/"},"modified":"2025-10-29T21:38:15","modified_gmt":"2025-10-29T19:38:15","slug":"modry-overal-jedeno-raminko","status":"publish","type":"product","link":"https:\/\/staging6.peach-pump.com\/cs\/products\/modry-overal-jedeno-raminko\/","title":{"rendered":"Tmav\u011b modr\u00fd overal na jedno ram\u00ednko"},"content":{"rendered":"<p>Sportovn\u00ed tmav\u011b modr\u00fd overal na jedno ram\u00ednko. Model je mimo\u0159\u00e1dn\u011b pohodln\u00fd a efektn\u00ed, je vybaven vycp\u00e1vkami s push-up efektem, kter\u00e9 lze vyjmout. Top je na jedno ram\u00ednko a m\u00e1 rozparky v pase, kter\u00e9 p\u016fsob\u00ed velmi sexy , je lemovan\u00fd b\u00edl\u00fdm lemov\u00e1n\u00edm a m\u00e1 tepeln\u00fd potisk mal\u00e9ho loga Peach Pump. Spodn\u00ed d\u00edl je vp\u0159edu beze \u0161vu , co\u017e d\u00e1my up\u0159ednost\u0148uj\u00ed, m\u00e1 \u0161irokou gumu s n\u00e1pisem Peach Pump. Je to jedine\u010dn\u00fd overal z pru\u017en\u00e9 tkaniny, v n\u011bm\u017e nez\u016fstanete bez pov\u0161imnut\u00ed.    <\/p>\n<ul>\n<li>Jedno ram\u00ednko<\/li>\n<li>Vycp\u00e1vky s push-up efektem<\/li>\n<li>Otvory v pase<\/li>\n<li>B\u00edl\u00e9 lemov\u00e1n\u00ed<\/li>\n<li>Ploch\u00e9 \u0161vy, kter\u00e9 nedr\u00e1\u017ed\u00ed<\/li>\n<li>Pru\u017en\u00e1 tkanina<\/li>\n<li>\u0160irok\u00e1 guma<\/li>\n<li>Tepeln\u00fd potisk loga Peach Pump na p\u0159edn\u00ed spodn\u00ed \u010d\u00e1sti a v pase<\/li>\n<li>Tkanina, kter\u00e1 odv\u00e1d\u00ed vlhkost od t\u011bla<\/li>\n<\/ul>\n<p>Kombin\u00e9zu lze pr\u00e1t p\u0159i teplot\u011b do 30 stup\u0148\u016f, neb\u011blit, nesu\u0161it v su\u0161i\u010dce ani ne\u010distit chemicky.<\/p>\n<p>Modelka na obr\u00e1zku je vysok\u00e1 178 cm, v\u00e1\u017e\u00ed 56 kg a p\u00f3zuje ve velikosti S.<\/p>\n<p>Pro v\u00fdb\u011br p\u0159esn\u00e9 velikosti pros\u00edm pou\u017eijte tabulek.<\/p>\n","protected":false},"excerpt":{"rendered":"<p>Sportovn\u00ed tmav\u011b modr\u00fd overal na jedno ram\u00ednko. Model je mimo\u0159\u00e1dn\u011b pohodln\u00fd a efektn\u00ed, je vybaven vycp\u00e1vkami s push-up efektem, kter\u00e9 lze vyjmout. Top je na jedno ram\u00ednko a m\u00e1 rozparky v pase, kter\u00e9 p\u016fsob\u00ed velmi sexy , je lemovan\u00fd b\u00edl\u00fdm lemov\u00e1n\u00edm a m\u00e1 tepeln\u00fd potisk mal\u00e9ho loga Peach Pump. Spodn\u00ed d\u00edl je vp\u0159edu beze \u0161vu [&hellip;]<\/p>\n","protected":false},"featured_media":98034,"comment_status":"open","ping_status":"closed","template":"","meta":[],"product_brand":[],"product_cat":[347,1125,349],"product_tag":[],"class_list":{"0":"post-98663","1":"product","2":"type-product","3":"status-publish","4":"has-post-thumbnail","6":"product_cat-damske-sportovni-outfity","7":"product_cat-sportovni-damske-overaly","8":"product_cat-sportovni-outfity-s-leginami","9":"pa_cviat-modra","10":"pa_razmer-l-cs","11":"pa_razmer-m-cs","12":"pa_razmer-s-cs-2","13":"inventories-world","14":"inventories-uk","16":"first","17":"instock","18":"taxable","19":"shipping-taxable","20":"purchasable","21":"product-type-variable"},"_links":{"self":[{"href":"https:\/\/staging6.peach-pump.com\/cs\/wp-json\/wp\/v2\/product\/98663","targetHints":{"allow":["GET"]}}],"collection":[{"href":"https:\/\/staging6.peach-pump.com\/cs\/wp-json\/wp\/v2\/product"}],"about":[{"href":"https:\/\/staging6.peach-pump.com\/cs\/wp-json\/wp\/v2\/types\/product"}],"replies":[{"embeddable":true,"href":"https:\/\/staging6.peach-pump.com\/cs\/wp-json\/wp\/v2\/comments?post=98663"}],"version-history":[{"count":0,"href":"https:\/\/staging6.peach-pump.com\/cs\/wp-json\/wp\/v2\/product\/98663\/revisions"}],"wp:featuredmedia":[{"embeddable":true,"href":"https:\/\/staging6.peach-pump.com\/cs\/wp-json\/wp\/v2\/media\/98034"}],"wp:attachment":[{"href":"https:\/\/staging6.peach-pump.com\/cs\/wp-json\/wp\/v2\/media?parent=98663"}],"wp:term":[{"taxonomy":"product_brand","embeddable":true,"href":"https:\/\/staging6.peach-pump.com\/cs\/wp-json\/wp\/v2\/product_brand?post=98663"},{"taxonomy":"product_cat","embeddable":true,"href":"https:\/\/staging6.peach-pump.com\/cs\/wp-json\/wp\/v2\/product_cat?post=98663"},{"taxonomy":"product_tag","embeddable":true,"href":"https:\/\/staging6.peach-pump.com\/cs\/wp-json\/wp\/v2\/product_tag?post=98663"}],"curies":[{"name":"wp","href":"https:\/\/api.w.org\/{rel}","templated":true}]}}