{"id":36413,"date":"2022-06-23T07:25:12","date_gmt":"2022-06-23T05:25:12","guid":{"rendered":"https:\/\/staging6.peach-pump.com\/narudzba-i-dostava\/"},"modified":"2025-02-09T18:58:51","modified_gmt":"2025-02-09T16:58:51","slug":"narudzba-i-dostava","status":"publish","type":"page","link":"https:\/\/staging6.peach-pump.com\/hr\/narudzba-i-dostava\/","title":{"rendered":"NARUD\u017dBA I DOSTAVA"},"content":{"rendered":"\t\t<div data-elementor-type=\"wp-page\" data-elementor-id=\"36413\" class=\"elementor elementor-36413 elementor-13\" data-elementor-post-type=\"page\">\n\t\t\t\t<div class=\"elementor-element elementor-element-1ced6ef1 e-flex e-con-boxed e-con e-parent\" data-id=\"1ced6ef1\" data-element_type=\"container\">\n\t\t\t\t\t<div class=\"e-con-inner\">\n\t\t\t\t<div class=\"elementor-element elementor-element-5c5a5799 elementor-widget elementor-widget-text-editor\" data-id=\"5c5a5799\" data-element_type=\"widget\" data-widget_type=\"text-editor.default\">\n\t\t\t\t<div class=\"elementor-widget-container\">\n\t\t\t\t\t\t\t\t\t\n<p> <\/p>\n\n<h2 class=\"wp-block-heading\"><strong>NARUD\u017dBA I DOSTAVA:<\/strong><\/h2>\n\n<p>Nudimo dostavu do ureda, adresu i APS (automatskog po\u0161tanskog ureda) putem kurirskih tvrtki SPEEDY, usluga CEE Economy. <\/p>\n\n<figure class=\"wp-block-table\">\n<table>\n<tbody>\n<tr>\n<td>Zemlja<\/td>\n <td>Cijena*<\/td>\n <td>Vrijeme isporuke:<\/td> \n<\/tr>\n<tr>\n<td>Rumunija<\/td>\n <td>3 \u20ac<\/td>\n <td>3-4 radna dana<\/td>\n<\/tr>\n<tr>\n<td>Gr\u010dka<\/td>\n <td>3 \u20ac<\/td>\n <td>3-4 radna dana<\/td>\n<\/tr>\n<tr>\n<td>Poljska<\/td>\n <td>3 \u20ac<\/td>\n <td>3-4 radna dana<\/td>\n<\/tr>\n<tr>\n<td>Slova\u010dka<\/td>\n <td>3 \u20ac<\/td>\n <td>3-4 radna dana<\/td>\n<\/tr>\n<tr>\n<td>\u010ce\u0161ka<\/td>\n <td>3 \u20ac<\/td>\n <td>3-4 radna dana<\/td>\n<\/tr>\n<tr>\n<td>Slovenija<\/td>\n <td>3 \u20ac<\/td>\n <td>3-4 radna dana<\/td>\n<\/tr>\n<tr>\n<td>Ma\u0111arska<\/td>\n <td>3 \u20ac<\/td>\n <td>3-4 radna dana<\/td>\n<\/tr>\n<tr>\n<td>Hrvatska<\/td>\n <td>3 \u20ac<\/td>\n <td>3-4 radna dana<\/td>\n<\/tr>\n<\/tbody>\n<\/table>\n<figcaption class=\"wp-element-caption\"><\/figcaption>\n<\/figure>\n\n<p>*Tro\u0161kove dostave snosi kupac. Navedeni tro\u0161kovi su indikativni na temelju usluge SPEEDY usluga CEE Economy. To\u010dni tro\u0161kovi dostave automatski se izra\u010dunavaju u zadnjem koraku &#8220;Narud\u017eba&#8221;, na temelju te\u017eine, nakon odabira na\u010dina dostave i prije pla\u0107anja.<\/p>\n\n<p><strong>NA\u010cINI PLA\u0106ANJA<\/strong><\/p>\n\n<ul>\n<li>Kreditnom\/debitnom karticom &#8211; stranica Peach Pump koristi pla\u0107anje putem renomirane tvrtke STRIPE koja pru\u017ea brz, siguran i jednostavan proces pla\u0107anja.<\/li>\n\n<li>Pla\u0107anje pouze\u0107em &#8211; samo za neke zemlje, prikazano na zadnjem koraku &#8220;Naru\u010di&#8221;.<\/li>\n<\/ul>\n\n<h2 class=\"wp-block-heading\"><strong>NARUD\u017dBA I DOSTAVA U BUGARSKOJ:<\/strong><\/h2>\n<p><\/p>\n<p>Narud\u017ebe se ispunjavaju u roku od jednog do dva radna dana nakon njihove obrade. Vr\u0161imo dostavu na adresu, adresu i APS (automatski po\u0161tanski ured) putem kurirskih slu\u017ebi SPIDI i EKONT.<\/p>\n<p><\/p>\n<p><strong>CIJENA DOSTAVE U BUGARSKOJ:<\/strong><\/p>\n<p><\/p>\n<p>Tro\u0161kovi dostave idu na teret kupca i obra\u010dunavaju se automatski na zadnjem koraku &#8220;Narud\u017eba&#8221; na temelju te\u017eine nakon odabira kurirske slu\u017ebe i na\u010dina dostave.\nTrgovac zadr\u017eava pravo ponuditi promotivne uvjete u okvirima kojih \u0107e snositi tro\u0161kove dostave.\nPrije slanja naru\u010dene robe, trgovac ima pravo kontaktirati korisnika na telefonski broj koji je on naveo, radi razja\u0161njenja detalja narud\u017ebe i\/ili isporuke.  <\/p>\n<p><\/p>\n<p><strong>NA\u010cINI PLA\u0106ANJA<\/strong><\/p>\n<p><\/p>\n<ul>\n<li>Gotovina pouze\u0107em &#8211; pla\u0107anje kuriru prilikom dostave (povrh cijene dostave naplatit \u0107e vam se i COD naknada (gotovina pouze\u0107em) koju zahtijeva kurirska slu\u017eba kada pla\u0107ate ru\u010dno (u gotovini)<\/li>\n\n<li>Kreditnom\/debitnom karticom &#8211; stranica Peach Pump koristi pla\u0107anje putem renomirane tvrtke STRIPE, koja pru\u017ea brz, siguran i jednostavan proces pla\u0107anja.<\/li>\n<\/ul>\n\n<p> <\/p>\n\t\t\t\t\t\t\t\t<\/div>\n\t\t\t\t<\/div>\n\t\t\t\t\t<\/div>\n\t\t\t\t<\/div>\n\t\t<div class=\"elementor-element elementor-element-4dcbfc5 e-grid e-con-boxed e-con e-parent\" data-id=\"4dcbfc5\" data-element_type=\"container\">\n\t\t\t\t\t<div class=\"e-con-inner\">\n\t\t\t\t\t<\/div>\n\t\t\t\t<\/div>\n\t\t\t\t<\/div>\n\t\t","protected":false},"excerpt":{"rendered":"<p>NARUD\u017dBA I DOSTAVA: Nudimo dostavu do ureda, adresu i APS (automatskog po\u0161tanskog ureda) putem kurirskih tvrtki SPEEDY, usluga CEE Economy. Zemlja Cijena* Vrijeme isporuke: Rumunija 3 \u20ac 3-4 radna dana Gr\u010dka 3 \u20ac 3-4 radna dana Poljska 3 \u20ac 3-4 radna dana Slova\u010dka 3 \u20ac 3-4 radna dana \u010ce\u0161ka 3 \u20ac 3-4 radna dana Slovenija [&hellip;]<\/p>\n","protected":false},"author":1,"featured_media":0,"parent":0,"menu_order":0,"comment_status":"closed","ping_status":"closed","template":"","meta":{"footnotes":""},"class_list":["post-36413","page","type-page","status-publish","hentry"],"_links":{"self":[{"href":"https:\/\/staging6.peach-pump.com\/hr\/wp-json\/wp\/v2\/pages\/36413","targetHints":{"allow":["GET"]}}],"collection":[{"href":"https:\/\/staging6.peach-pump.com\/hr\/wp-json\/wp\/v2\/pages"}],"about":[{"href":"https:\/\/staging6.peach-pump.com\/hr\/wp-json\/wp\/v2\/types\/page"}],"author":[{"embeddable":true,"href":"https:\/\/staging6.peach-pump.com\/hr\/wp-json\/wp\/v2\/users\/1"}],"replies":[{"embeddable":true,"href":"https:\/\/staging6.peach-pump.com\/hr\/wp-json\/wp\/v2\/comments?post=36413"}],"version-history":[{"count":0,"href":"https:\/\/staging6.peach-pump.com\/hr\/wp-json\/wp\/v2\/pages\/36413\/revisions"}],"wp:attachment":[{"href":"https:\/\/staging6.peach-pump.com\/hr\/wp-json\/wp\/v2\/media?parent=36413"}],"curies":[{"name":"wp","href":"https:\/\/api.w.org\/{rel}","templated":true}]}}