{"id":100504,"date":"2024-12-17T21:58:20","date_gmt":"2024-12-17T19:58:20","guid":{"rendered":"https:\/\/staging6.peach-pump.com\/products\/crne-tajice-s-dzepovima-bez-savova\/"},"modified":"2025-11-07T13:04:27","modified_gmt":"2025-11-07T11:04:27","slug":"crne-tajice-s-dzepovima-bez-savova","status":"publish","type":"product","link":"https:\/\/staging6.peach-pump.com\/hr\/products\/crne-tajice-s-dzepovima-bez-savova\/","title":{"rendered":"Be\u0161avne crne tajice s d\u017eepovima i efektom oblikovanja"},"content":{"rendered":"<p>\u017denske be\u0161avne crne tajice s d\u017eepovima i efektom oblikovanja. Ovaj model \u017eenskih tajica izra\u0111en je od elasti\u010dnog, na dodir mekanog materijala koji savr\u0161eno zate\u017ee i oblikuje tijelo, ima dva bo\u010dna d\u017eepa, pogodna za telefon ili fitness karticu te pru\u017ea udobnost tijekom vje\u017ebanja. Tajice su izra\u0111ene od be\u0161avnog materijala, izuzetno \u010dvrste, ne zadr\u017eavaju vlagu u tijelu, podi\u017eu, oblikuju i zate\u017eu. \u0160iroki remen nje\u017eno ste\u017ee struk i oblikuje siluetu. Garantirano najudobniji model tajica. Dostupan u vi\u0161e boja, savr\u0161eno se kombinira uz sportski grudnjak u istoj boji ili uz ostale na\u0161e modele bluza i jakni.     <\/p>\n<ul>\n<li>Visok struk<\/li>\n<li>Dva bo\u010dna d\u017eepa<\/li>\n<li>Tkanina bez \u0161avova<\/li>\n<li>Podi\u017ee, oblikuje i zate\u017ee<\/li>\n<li>Skriva problemati\u010dna podru\u010dja<\/li>\n<li>Peachy efekt<\/li>\n<li>Toplinski zape\u010da\u0107eni logo Peach Pump na stra\u017enjoj strani tajice<\/li>\n<li>Toplinski zape\u010da\u0107eni logo Peach Pump na prednjem dijelu d\u017eepa tajica<\/li>\n<li>Be\u0161avni materijal koji ne zadr\u017eava vlagu u tijelu<\/li>\n<\/ul>\n<p>Sastav: 80% poliester 20% elastan<\/p>\n<p>Tajice se mogu prati na temperaturi do 30 stupnjeva, nemojte koristiti izbjeljiva\u010d \u200b\u200bniti kemijsko \u010di\u0161\u0107enje.<\/p>\n<p>Manekenka na fotografiji visoka je 178 cm i ima 55 kg. i nosi veli\u010dinu M. <\/p>\n<p>Koristite tablice za odabir to\u010dne veli\u010dine.<\/p>\n","protected":false},"excerpt":{"rendered":"<p>\u017denske be\u0161avne crne tajice s d\u017eepovima i efektom oblikovanja. Ovaj model \u017eenskih tajica izra\u0111en je od elasti\u010dnog, na dodir mekanog materijala koji savr\u0161eno zate\u017ee i oblikuje tijelo, ima dva bo\u010dna d\u017eepa, pogodna za telefon ili fitness karticu te pru\u017ea udobnost tijekom vje\u017ebanja. Tajice su izra\u0111ene od be\u0161avnog materijala, izuzetno \u010dvrste, ne zadr\u017eavaju vlagu u tijelu, [&hellip;]<\/p>\n","protected":false},"featured_media":99639,"comment_status":"open","ping_status":"closed","template":"","meta":[],"product_brand":[],"product_cat":[136,195,293],"product_tag":[],"class_list":{"0":"post-100504","1":"product","2":"type-product","3":"status-publish","4":"has-post-thumbnail","6":"product_cat-zenske-sportske-tajice","7":"product_cat-tajice-s-dzepovima","8":"product_cat-zenske-tajice-duge","9":"pa_cviat-crno","10":"pa_razmer-l-hr","11":"pa_razmer-m-hr","12":"pa_razmer-s-hr-2","13":"pa_razmer-xl-hr","14":"inventories-world","15":"inventories-uk","17":"first","18":"instock","19":"taxable","20":"shipping-taxable","21":"purchasable","22":"product-type-variable"},"_links":{"self":[{"href":"https:\/\/staging6.peach-pump.com\/hr\/wp-json\/wp\/v2\/product\/100504","targetHints":{"allow":["GET"]}}],"collection":[{"href":"https:\/\/staging6.peach-pump.com\/hr\/wp-json\/wp\/v2\/product"}],"about":[{"href":"https:\/\/staging6.peach-pump.com\/hr\/wp-json\/wp\/v2\/types\/product"}],"replies":[{"embeddable":true,"href":"https:\/\/staging6.peach-pump.com\/hr\/wp-json\/wp\/v2\/comments?post=100504"}],"version-history":[{"count":0,"href":"https:\/\/staging6.peach-pump.com\/hr\/wp-json\/wp\/v2\/product\/100504\/revisions"}],"wp:featuredmedia":[{"embeddable":true,"href":"https:\/\/staging6.peach-pump.com\/hr\/wp-json\/wp\/v2\/media\/99639"}],"wp:attachment":[{"href":"https:\/\/staging6.peach-pump.com\/hr\/wp-json\/wp\/v2\/media?parent=100504"}],"wp:term":[{"taxonomy":"product_brand","embeddable":true,"href":"https:\/\/staging6.peach-pump.com\/hr\/wp-json\/wp\/v2\/product_brand?post=100504"},{"taxonomy":"product_cat","embeddable":true,"href":"https:\/\/staging6.peach-pump.com\/hr\/wp-json\/wp\/v2\/product_cat?post=100504"},{"taxonomy":"product_tag","embeddable":true,"href":"https:\/\/staging6.peach-pump.com\/hr\/wp-json\/wp\/v2\/product_tag?post=100504"}],"curies":[{"name":"wp","href":"https:\/\/api.w.org\/{rel}","templated":true}]}}