{"id":100524,"date":"2024-12-10T18:25:06","date_gmt":"2024-12-10T16:25:06","guid":{"rendered":"https:\/\/staging6.peach-pump.com\/products\/tamnozelena-zimska-kapa\/"},"modified":"2025-10-27T17:37:50","modified_gmt":"2025-10-27T15:37:50","slug":"tamnozelena-zimska-kapa","status":"publish","type":"product","link":"https:\/\/staging6.peach-pump.com\/hr\/products\/tamnozelena-zimska-kapa\/","title":{"rendered":"Tamnozelena zimska kapa s izvezenim logom"},"content":{"rendered":"<p>Tamno zelena zimska kapa tipa &#8220;bean&#8221; iz kolekcije &#8220;Peach Pump&#8221; s izvezenim 3D logom na prednjoj strani. \u0160e\u0161ir je elasti\u010dnog dizajna, izuzetno mekan i ugodan na dodir. Preklop u donjem dijelu dodatno \u0161titi od hla\u0111enja. Kapa je dostupna u raznim aktualnim bojama za sezonu. Ovaj model \u0107e biti savr\u0161en zavr\u0161etak Va\u0161eg outfita u hladnim danima.    <\/p>\n<ul>\n<li>Elasti\u010dan materijal mekan na dodir<\/li>\n<li>Izvezeni 3D logo sprijeda<\/li>\n<li>Moderan dizajn<\/li>\n<li>Pletivo srednje debljine<\/li>\n<\/ul>\n","protected":false},"excerpt":{"rendered":"<p>Tamno zelena zimska kapa tipa &#8220;bean&#8221; iz kolekcije &#8220;Peach Pump&#8221; s izvezenim 3D logom na prednjoj strani. \u0160e\u0161ir je elasti\u010dnog dizajna, izuzetno mekan i ugodan na dodir. Preklop u donjem dijelu dodatno \u0161titi od hla\u0111enja. Kapa je dostupna u raznim aktualnim bojama za sezonu. Ovaj model \u0107e biti savr\u0161en zavr\u0161etak Va\u0161eg outfita u hladnim danima. [&hellip;]<\/p>\n","protected":false},"featured_media":98960,"comment_status":"open","ping_status":"closed","template":"","meta":[],"product_brand":[],"product_cat":[787],"product_tag":[],"class_list":{"0":"post-100524","1":"product","2":"type-product","3":"status-publish","4":"has-post-thumbnail","6":"product_cat-pribor","7":"pa_cviat-zelena","8":"pa_razmer-jedna-velicina","9":"inventories-world","10":"inventories-uk","12":"first","13":"instock","14":"taxable","15":"shipping-taxable","16":"purchasable","17":"product-type-variable"},"_links":{"self":[{"href":"https:\/\/staging6.peach-pump.com\/en\/wp-json\/wp\/v2\/product\/100524","targetHints":{"allow":["GET"]}}],"collection":[{"href":"https:\/\/staging6.peach-pump.com\/en\/wp-json\/wp\/v2\/product"}],"about":[{"href":"https:\/\/staging6.peach-pump.com\/en\/wp-json\/wp\/v2\/types\/product"}],"replies":[{"embeddable":true,"href":"https:\/\/staging6.peach-pump.com\/en\/wp-json\/wp\/v2\/comments?post=100524"}],"version-history":[{"count":0,"href":"https:\/\/staging6.peach-pump.com\/en\/wp-json\/wp\/v2\/product\/100524\/revisions"}],"wp:featuredmedia":[{"embeddable":true,"href":"https:\/\/staging6.peach-pump.com\/en\/wp-json\/wp\/v2\/media\/98960"}],"wp:attachment":[{"href":"https:\/\/staging6.peach-pump.com\/en\/wp-json\/wp\/v2\/media?parent=100524"}],"wp:term":[{"taxonomy":"product_brand","embeddable":true,"href":"https:\/\/staging6.peach-pump.com\/en\/wp-json\/wp\/v2\/product_brand?post=100524"},{"taxonomy":"product_cat","embeddable":true,"href":"https:\/\/staging6.peach-pump.com\/en\/wp-json\/wp\/v2\/product_cat?post=100524"},{"taxonomy":"product_tag","embeddable":true,"href":"https:\/\/staging6.peach-pump.com\/en\/wp-json\/wp\/v2\/product_tag?post=100524"}],"curies":[{"name":"wp","href":"https:\/\/api.w.org\/{rel}","templated":true}]}}