{"id":100532,"date":"2024-12-10T18:11:07","date_gmt":"2024-12-10T16:11:07","guid":{"rendered":"https:\/\/staging6.peach-pump.com\/products\/ruzicasta-zimska-kapa-vezeni-logo\/"},"modified":"2025-10-27T17:47:26","modified_gmt":"2025-10-27T15:47:26","slug":"ruzicasta-zimska-kapa-vezeni-logo","status":"publish","type":"product","link":"https:\/\/staging6.peach-pump.com\/hr\/products\/ruzicasta-zimska-kapa-vezeni-logo\/","title":{"rendered":"Ru\u017ei\u010dasta zimska kapa tipa Beanie s izvezenim logom"},"content":{"rendered":"<p>Ru\u017ei\u010dasta zimska beanie kapa iz kolekcije &#8220;Peach Pump&#8221; s izvezenim 3D logom sprijeda. Kapa je elasti\u010dnog dizajna, izuzetno je mekan i ugodan na dodir. Preklop na donjem dijelu dodatno \u0161titi od hla\u0111enja. Kapa je dostupna u raznim aktualnim bojama sezona. Ovaj model \u0107e biti savr\u0161en zavr\u0161etak Va\u0161eg outfita u hladnim danima.    <\/p>\n<ul>\n<li>Elasti\u010dan materijal mekan na dodir<\/li>\n<li>Izvezeni 3D logo sprijeda<\/li>\n<li>Moderan dizajn<\/li>\n<li>Pletivo srednje debljine<\/li>\n<\/ul>\n","protected":false},"excerpt":{"rendered":"<p>Ru\u017ei\u010dasta zimska beanie kapa iz kolekcije &#8220;Peach Pump&#8221; s izvezenim 3D logom sprijeda. Kapa je elasti\u010dnog dizajna, izuzetno je mekan i ugodan na dodir. Preklop na donjem dijelu dodatno \u0161titi od hla\u0111enja. Kapa je dostupna u raznim aktualnim bojama sezona. Ovaj model \u0107e biti savr\u0161en zavr\u0161etak Va\u0161eg outfita u hladnim danima. Elasti\u010dan materijal mekan na [&hellip;]<\/p>\n","protected":false},"featured_media":98824,"comment_status":"open","ping_status":"closed","template":"","meta":[],"product_brand":[],"product_cat":[787],"product_tag":[],"class_list":{"0":"post-100532","1":"product","2":"type-product","3":"status-publish","4":"has-post-thumbnail","6":"product_cat-pribor","7":"pa_cviat-ruzicasta","8":"pa_razmer-jedna-velicina","9":"inventories-world","10":"inventories-uk","12":"first","13":"instock","14":"taxable","15":"shipping-taxable","16":"purchasable","17":"product-type-variable"},"_links":{"self":[{"href":"https:\/\/staging6.peach-pump.com\/hr\/wp-json\/wp\/v2\/product\/100532","targetHints":{"allow":["GET"]}}],"collection":[{"href":"https:\/\/staging6.peach-pump.com\/hr\/wp-json\/wp\/v2\/product"}],"about":[{"href":"https:\/\/staging6.peach-pump.com\/hr\/wp-json\/wp\/v2\/types\/product"}],"replies":[{"embeddable":true,"href":"https:\/\/staging6.peach-pump.com\/hr\/wp-json\/wp\/v2\/comments?post=100532"}],"version-history":[{"count":0,"href":"https:\/\/staging6.peach-pump.com\/hr\/wp-json\/wp\/v2\/product\/100532\/revisions"}],"wp:featuredmedia":[{"embeddable":true,"href":"https:\/\/staging6.peach-pump.com\/hr\/wp-json\/wp\/v2\/media\/98824"}],"wp:attachment":[{"href":"https:\/\/staging6.peach-pump.com\/hr\/wp-json\/wp\/v2\/media?parent=100532"}],"wp:term":[{"taxonomy":"product_brand","embeddable":true,"href":"https:\/\/staging6.peach-pump.com\/hr\/wp-json\/wp\/v2\/product_brand?post=100532"},{"taxonomy":"product_cat","embeddable":true,"href":"https:\/\/staging6.peach-pump.com\/hr\/wp-json\/wp\/v2\/product_cat?post=100532"},{"taxonomy":"product_tag","embeddable":true,"href":"https:\/\/staging6.peach-pump.com\/hr\/wp-json\/wp\/v2\/product_tag?post=100532"}],"curies":[{"name":"wp","href":"https:\/\/api.w.org\/{rel}","templated":true}]}}