{"id":105777,"date":"2025-02-03T22:28:35","date_gmt":"2025-02-03T20:28:35","guid":{"rendered":"https:\/\/staging6.peach-pump.com\/products\/zelena-sportska-jakna-korzet\/"},"modified":"2025-10-15T14:02:42","modified_gmt":"2025-10-15T12:02:42","slug":"zelena-sportska-jakna-korzet","status":"publish","type":"product","link":"https:\/\/staging6.peach-pump.com\/hr\/products\/zelena-sportska-jakna-korzet\/","title":{"rendered":"Tamnozelena sportska jakna tipa korzeta"},"content":{"rendered":"<p>Tamnozelena sportska jakna uz tijelo s krojem tipa korzeta. Ovaj model \u010dini struk opti\u010dki manjim, materijal je kvalitetan, mekan i elasti\u010dan, savr\u0161eno stoji i daje lijepe, \u017eenstvene obline. Model ima vi\u0161i ovratnik, kop\u010da se prednjim patentnim zatvara\u010dem s ugraviranim logom, a na rukavima su otvori za pala\u010deve. Donji dio jakne ima skrivene duboke bo\u010dne d\u017eepove koji se zatvaraju skrivenim patentnim zatvara\u010dem. Mo\u017eete jednostavno staviti klju\u010deve ili telefon. Na gornjem ramenu nalazi se izvezeni 3D logo Peach Pump. Pogodan je i za \u0161etnju parkom i za intenzivne vje\u017ebe jer materijal ne dopu\u0161ta zadr\u017eavanje vlage u tijelu. Dostupan u pet boja, trendi sezone, mo\u017eete ga kombinirati uz tajice i grudnjaka. Pogledajte odjeljak gotovih vizija na na\u0161oj web stranici i stvorite svoju savr\u0161enu odje\u0107u za \u0161etnju ili vje\u017ebanje.        <\/p>\n<ul>\n<li>3D izvezen logo Peach Pump na ramenu<\/li>\n<li>Kop\u010danje patentnim zatvara\u010dem, ugravirani logo Peach Pump<\/li>\n<li>Skriveni d\u017eepovi na bo\u010dnoj strani jakne, diskretno kop\u010danje s diskretnim patentnim zatvara\u010dem<\/li>\n<li>Otvore za pal\u010deve<\/li>\n<li>Model koji oblikuje figuru<\/li>\n<li>Prozra\u010dan materijal, ne zadr\u017eava vlagu u tijelu<\/li>\n<\/ul>\n<p>Sastav: 72% najlon 28% spandex<\/p>\n<p>Jakna se mo\u017ee prati na temperaturama do 30 stupnjeva, nemojte koristiti izbjeljiva\u010d ili kemijsko \u010di\u0161\u0107enje.<\/p>\n<p>Manekenka na fotografiji visoka je 179 cm, te\u0161ka 56 kg i nosi veli\u010dinu S.<\/p>\n","protected":false},"excerpt":{"rendered":"<p>Tamnozelena sportska jakna uz tijelo s krojem tipa korzeta. Ovaj model \u010dini struk opti\u010dki manjim, materijal je kvalitetan, mekan i elasti\u010dan, savr\u0161eno stoji i daje lijepe, \u017eenstvene obline. Model ima vi\u0161i ovratnik, kop\u010da se prednjim patentnim zatvara\u010dem s ugraviranim logom, a na rukavima su otvori za pala\u010deve. Donji dio jakne ima skrivene duboke bo\u010dne d\u017eepove [&hellip;]<\/p>\n","protected":false},"featured_media":104895,"comment_status":"open","ping_status":"closed","template":"","meta":[],"product_brand":[],"product_cat":[919],"product_tag":[],"class_list":{"0":"post-105777","1":"product","2":"type-product","3":"status-publish","4":"has-post-thumbnail","6":"product_cat-zenske-jakne","7":"pa_cviat-zelena","8":"pa_razmer-l-hr","9":"pa_razmer-m-hr","10":"pa_razmer-s-hr-2","11":"inventories-world","12":"inventories-uk","14":"first","15":"instock","16":"taxable","17":"shipping-taxable","18":"purchasable","19":"product-type-variable"},"_links":{"self":[{"href":"https:\/\/staging6.peach-pump.com\/hr\/wp-json\/wp\/v2\/product\/105777","targetHints":{"allow":["GET"]}}],"collection":[{"href":"https:\/\/staging6.peach-pump.com\/hr\/wp-json\/wp\/v2\/product"}],"about":[{"href":"https:\/\/staging6.peach-pump.com\/hr\/wp-json\/wp\/v2\/types\/product"}],"replies":[{"embeddable":true,"href":"https:\/\/staging6.peach-pump.com\/hr\/wp-json\/wp\/v2\/comments?post=105777"}],"version-history":[{"count":0,"href":"https:\/\/staging6.peach-pump.com\/hr\/wp-json\/wp\/v2\/product\/105777\/revisions"}],"wp:featuredmedia":[{"embeddable":true,"href":"https:\/\/staging6.peach-pump.com\/hr\/wp-json\/wp\/v2\/media\/104895"}],"wp:attachment":[{"href":"https:\/\/staging6.peach-pump.com\/hr\/wp-json\/wp\/v2\/media?parent=105777"}],"wp:term":[{"taxonomy":"product_brand","embeddable":true,"href":"https:\/\/staging6.peach-pump.com\/hr\/wp-json\/wp\/v2\/product_brand?post=105777"},{"taxonomy":"product_cat","embeddable":true,"href":"https:\/\/staging6.peach-pump.com\/hr\/wp-json\/wp\/v2\/product_cat?post=105777"},{"taxonomy":"product_tag","embeddable":true,"href":"https:\/\/staging6.peach-pump.com\/hr\/wp-json\/wp\/v2\/product_tag?post=105777"}],"curies":[{"name":"wp","href":"https:\/\/api.w.org\/{rel}","templated":true}]}}