{"id":110919,"date":"2025-03-29T11:47:23","date_gmt":"2025-03-29T09:47:23","guid":{"rendered":"https:\/\/staging6.peach-pump.com\/products\/bijela-majica-s-patentnim-zatvaracem-i-natpisom-peach-pump\/"},"modified":"2025-11-10T19:09:22","modified_gmt":"2025-11-10T17:09:22","slug":"bijela-majica-s-patentnim-zatvaracem-i-natpisom-peach-pump","status":"publish","type":"product","link":"https:\/\/staging6.peach-pump.com\/hr\/products\/bijela-majica-s-patentnim-zatvaracem-i-natpisom-peach-pump\/","title":{"rendered":"Bijela majica s patentnim zatvara\u010dem i natpisom Peach Pump"},"content":{"rendered":"<p>Bijela majica s patentnim zatvara\u010dem i natpisom &#8220;Peach Pump&#8221; po cijeloj du\u017eini. Model ima visoki ovratnik, rukave s otvorima za pal\u010deve, prednji klokanski d\u017eep i probu\u0161eni 3D logo &#8220;Peach Pump&#8221; na ramenu. Kroj mu je \u0161irok, ima elasti\u010dan pojas. Majica je izra\u0111ena od prozra\u010dnog materijala koji ne zadr\u017eava vlagu u tijelu, pogodna za tr\u010danje, trening snage i anaerobni trening za hodanje ili park. Mo\u017ee se upariti s tajicama i \u0161iljastom kapom za savr\u0161en zavr\u0161etak va\u0161e Peach Pump odjevne kombinacije.    <\/p>\n<ul>\n<li>Visoki ovratnik s patentnim zatvara\u010dem i natpisom &#8220;Peach Pump&#8221; po du\u017eini<\/li>\n<li>Slobodan kroj<\/li>\n<li>Elasti\u010dna gumica za pritezanje struka<\/li>\n<li>Prednji d\u017eep<\/li>\n<li>Rukavi s otvorima za pal\u010deve<\/li>\n<li>3D izvezen logo &#8220;Peach Pump&#8221; na ramenu<\/li>\n<li>Materijal koji ne zadr\u017eava vlagu u tijelu<\/li>\n<\/ul>\n<p>Sastav: 74% pamuk \/ 20% poliester \/ 6% spandex<\/p>\n<p>Majica se mo\u017ee prati na temperaturi do 30 stupnjeva, nemojte koristiti izbjeljiva\u010d ili kemijsko \u010di\u0161\u0107enje.<\/p>\n<p>Manekenka na fotografiji je visoka 170 cm, te\u0161ka 49 kg i nosi veli\u010dinu S.<\/p>\n","protected":false},"excerpt":{"rendered":"<p>Bijela majica s patentnim zatvara\u010dem i natpisom &#8220;Peach Pump&#8221; po cijeloj du\u017eini. Model ima visoki ovratnik, rukave s otvorima za pal\u010deve, prednji klokanski d\u017eep i probu\u0161eni 3D logo &#8220;Peach Pump&#8221; na ramenu. Kroj mu je \u0161irok, ima elasti\u010dan pojas. Majica je izra\u0111ena od prozra\u010dnog materijala koji ne zadr\u017eava vlagu u tijelu, pogodna za tr\u010danje, trening [&hellip;]<\/p>\n","protected":false},"featured_media":110380,"comment_status":"open","ping_status":"closed","template":"","meta":[],"product_brand":[],"product_cat":[340,1119],"product_tag":[],"class_list":{"0":"post-110919","1":"product","2":"type-product","3":"status-publish","4":"has-post-thumbnail","6":"product_cat-zenske-bluze-sportske","7":"product_cat-zenske-majice-s-kapuljacom-hoodies","8":"pa_cviat-bijel","9":"pa_razmer-l-hr","10":"pa_razmer-m-hr","11":"pa_razmer-s-hr-2","12":"inventories-world","13":"inventories-uk","15":"first","16":"instock","17":"taxable","18":"shipping-taxable","19":"purchasable","20":"product-type-variable"},"_links":{"self":[{"href":"https:\/\/staging6.peach-pump.com\/hr\/wp-json\/wp\/v2\/product\/110919","targetHints":{"allow":["GET"]}}],"collection":[{"href":"https:\/\/staging6.peach-pump.com\/hr\/wp-json\/wp\/v2\/product"}],"about":[{"href":"https:\/\/staging6.peach-pump.com\/hr\/wp-json\/wp\/v2\/types\/product"}],"replies":[{"embeddable":true,"href":"https:\/\/staging6.peach-pump.com\/hr\/wp-json\/wp\/v2\/comments?post=110919"}],"version-history":[{"count":0,"href":"https:\/\/staging6.peach-pump.com\/hr\/wp-json\/wp\/v2\/product\/110919\/revisions"}],"wp:featuredmedia":[{"embeddable":true,"href":"https:\/\/staging6.peach-pump.com\/hr\/wp-json\/wp\/v2\/media\/110380"}],"wp:attachment":[{"href":"https:\/\/staging6.peach-pump.com\/hr\/wp-json\/wp\/v2\/media?parent=110919"}],"wp:term":[{"taxonomy":"product_brand","embeddable":true,"href":"https:\/\/staging6.peach-pump.com\/hr\/wp-json\/wp\/v2\/product_brand?post=110919"},{"taxonomy":"product_cat","embeddable":true,"href":"https:\/\/staging6.peach-pump.com\/hr\/wp-json\/wp\/v2\/product_cat?post=110919"},{"taxonomy":"product_tag","embeddable":true,"href":"https:\/\/staging6.peach-pump.com\/hr\/wp-json\/wp\/v2\/product_tag?post=110919"}],"curies":[{"name":"wp","href":"https:\/\/api.w.org\/{rel}","templated":true}]}}