{"id":110924,"date":"2025-03-29T11:35:04","date_gmt":"2025-03-29T09:35:04","guid":{"rendered":"https:\/\/staging6.peach-pump.com\/products\/crna-sportska-jakna-s-kapuljacom\/"},"modified":"2025-11-09T14:08:37","modified_gmt":"2025-11-09T12:08:37","slug":"crna-sportska-jakna-s-kapuljacom","status":"publish","type":"product","link":"https:\/\/staging6.peach-pump.com\/hr\/products\/crna-sportska-jakna-s-kapuljacom\/","title":{"rendered":"Crna sportska jakna s kapulja\u010dom."},"content":{"rendered":"<p>Crna sportska jakna s kapulja\u010dom i dva diskretna bo\u010dna d\u017eepa koja se zatvaraju patentnim zatvara\u010dem. Model je kroja koji nagla\u0161ava struk, ima patentni zatvara\u010d, sa natpisima po du\u017eini &#8220;Peach Pump&#8221; i bo\u010dne d\u017eepove koji se zatvaraju na patentni zatvara\u010d, dovoljno dubok da u njega stane telefon ili nov\u010danik. Jakna ima kapulja\u010du koja se mo\u017ee skupiti vezicama sprijeda. Model ima rukave s otvorima za palac i izvezen 3D logo &#8220;Peach Pump&#8221; na ramenu. Materijal je ugodan na dodir i ne zadr\u017eava vlagu u tijelu pa je jakna idealna za tr\u010danje, trening snage ili anaerobne treninge te \u0161etnju u parku.    <\/p>\n<ul>\n<li>Kroj uz tijelu<\/li>\n<li>Kapulja\u010da s vezicama<\/li>\n<li>Rukavi s otvorima za palac<\/li>\n<li>Prednji patentni zatvara\u010d s natpisom &#8220;Peach Pump&#8221; du\u017e duljine<\/li>\n<li>Dva bo\u010dna d\u017eepa s patentnim zatvara\u010dem<\/li>\n<li>Izvezen 3D logotip &#8220;Peach Pump&#8221; na ramenu<\/li>\n<li>Materijal koji ne zadr\u017eava vlagu u tijelu<\/li>\n<\/ul>\n<p>Sastav:<\/p>\n<p>Jakna se mo\u017ee prati na temperaturama do 30 stupnjeva, nemojte koristiti izbjeljiva\u010d ili kemijsko \u010di\u0161\u0107enje.<\/p>\n<p>Manekenka na fotografiji je visoka 178 cm, te\u0161ka 58 kg i nosi veli\u010dinu S.<\/p>\n","protected":false},"excerpt":{"rendered":"<p>Crna sportska jakna s kapulja\u010dom i dva diskretna bo\u010dna d\u017eepa koja se zatvaraju patentnim zatvara\u010dem. Model je kroja koji nagla\u0161ava struk, ima patentni zatvara\u010d, sa natpisima po du\u017eini &#8220;Peach Pump&#8221; i bo\u010dne d\u017eepove koji se zatvaraju na patentni zatvara\u010d, dovoljno dubok da u njega stane telefon ili nov\u010danik. Jakna ima kapulja\u010du koja se mo\u017ee skupiti [&hellip;]<\/p>\n","protected":false},"featured_media":110409,"comment_status":"open","ping_status":"closed","template":"","meta":[],"product_brand":[],"product_cat":[919,1119],"product_tag":[],"class_list":{"0":"post-110924","1":"product","2":"type-product","3":"status-publish","4":"has-post-thumbnail","6":"product_cat-zenske-jakne","7":"product_cat-zenske-majice-s-kapuljacom-hoodies","8":"pa_cviat-crno","9":"pa_razmer-l-hr","10":"pa_razmer-m-hr","11":"pa_razmer-s-hr-2","12":"inventories-world","13":"inventories-uk","15":"first","16":"instock","17":"taxable","18":"shipping-taxable","19":"purchasable","20":"product-type-variable"},"_links":{"self":[{"href":"https:\/\/staging6.peach-pump.com\/en\/wp-json\/wp\/v2\/product\/110924","targetHints":{"allow":["GET"]}}],"collection":[{"href":"https:\/\/staging6.peach-pump.com\/en\/wp-json\/wp\/v2\/product"}],"about":[{"href":"https:\/\/staging6.peach-pump.com\/en\/wp-json\/wp\/v2\/types\/product"}],"replies":[{"embeddable":true,"href":"https:\/\/staging6.peach-pump.com\/en\/wp-json\/wp\/v2\/comments?post=110924"}],"version-history":[{"count":0,"href":"https:\/\/staging6.peach-pump.com\/en\/wp-json\/wp\/v2\/product\/110924\/revisions"}],"wp:featuredmedia":[{"embeddable":true,"href":"https:\/\/staging6.peach-pump.com\/en\/wp-json\/wp\/v2\/media\/110409"}],"wp:attachment":[{"href":"https:\/\/staging6.peach-pump.com\/en\/wp-json\/wp\/v2\/media?parent=110924"}],"wp:term":[{"taxonomy":"product_brand","embeddable":true,"href":"https:\/\/staging6.peach-pump.com\/en\/wp-json\/wp\/v2\/product_brand?post=110924"},{"taxonomy":"product_cat","embeddable":true,"href":"https:\/\/staging6.peach-pump.com\/en\/wp-json\/wp\/v2\/product_cat?post=110924"},{"taxonomy":"product_tag","embeddable":true,"href":"https:\/\/staging6.peach-pump.com\/en\/wp-json\/wp\/v2\/product_tag?post=110924"}],"curies":[{"name":"wp","href":"https:\/\/api.w.org\/{rel}","templated":true}]}}