{"id":110932,"date":"2025-03-29T11:14:46","date_gmt":"2025-03-29T09:14:46","guid":{"rendered":"https:\/\/staging6.peach-pump.com\/products\/crni-sportski-grudnjak-s-crnim-naramenicama\/"},"modified":"2025-11-09T00:00:04","modified_gmt":"2025-11-08T22:00:04","slug":"crni-sportski-grudnjak-s-crnim-naramenicama","status":"publish","type":"product","link":"https:\/\/staging6.peach-pump.com\/hr\/products\/crni-sportski-grudnjak-s-crnim-naramenicama\/","title":{"rendered":"Crni sportski grudnjak s crnim naramenicama"},"content":{"rendered":"<p>Crni sportski grudnjak s crnim naramenicama i podstavom s efektom podizanja. Ovaj model je stvoren \u043ed rastezive disajne tkanine, \u043a\u043eja odvodi vlagu od tijela te pru\u017ea potpunu slobodu kretanja za vrijeme vje\u017ebanja. Podstava grudnjaka se mo\u017ee uklanjati, ima termi\u010dki zape\u010da\u0107eni logo \u201cPeach Pump\u201d sprijeda. \u041c\u043e\u017ee se kombinovati s kratkim tajicama istog dezena ili s jednobojnim duga\u010dkim tajicama.   <\/p>\n<p>Svje\u017ei prijedlog uz koji \u0107ete se osje\u0107ati lijepo i seksi.<\/p>\n<ul>\n<li> Podstava koja se mo\u017ee ukloniti<\/li>\n<li> Push-up efekt<\/li>\n<li> Velika elasti\u010dnost<\/li>\n<li> Toplinski zape\u010da\u0107eni logo Peach Pump na prednjem dijelu grudnjaka<\/li>\n<li> Materijal koji odvodi vlagu od tijela<\/li>\n<\/ul>\n<p>Sastav: 80% poliester 20% elastan<\/p>\n<p>Grudnjak se mo\u017ee prati na temperaturi do 30 stupnjeva, preporu\u010dljivo ga je okrenuti naopa\u010dke prilikom pranja, nemojte koristiti izbjeljiva\u010d ili kemijsko \u010di\u0161\u0107enje.<\/p>\n<p>Manekenka na fotografiji visoka je 170 cm, te\u0161ka 49 kg i pozira u grudnjaku veli\u010dine S.<\/p>\n<p>Koristite tablice za odabir to\u010dne veli\u010dine.<\/p>\n","protected":false},"excerpt":{"rendered":"<p>Crni sportski grudnjak s crnim naramenicama i podstavom s efektom podizanja. Ovaj model je stvoren \u043ed rastezive disajne tkanine, \u043a\u043eja odvodi vlagu od tijela te pru\u017ea potpunu slobodu kretanja za vrijeme vje\u017ebanja. Podstava grudnjaka se mo\u017ee uklanjati, ima termi\u010dki zape\u010da\u0107eni logo \u201cPeach Pump\u201d sprijeda. \u041c\u043e\u017ee se kombinovati s kratkim tajicama istog dezena ili s jednobojnim [&hellip;]<\/p>\n","protected":false},"featured_media":110087,"comment_status":"open","ping_status":"closed","template":"","meta":[],"product_brand":[],"product_cat":[341],"product_tag":[],"class_list":{"0":"post-110932","1":"product","2":"type-product","3":"status-publish","4":"has-post-thumbnail","6":"product_cat-sportski-grudnjaci","7":"pa_cviat-crno-bijelo","8":"pa_razmer-l-hr","9":"pa_razmer-m-hr","10":"pa_razmer-s-hr-2","11":"inventories-world","12":"inventories-uk","14":"first","15":"instock","16":"taxable","17":"shipping-taxable","18":"purchasable","19":"product-type-variable"},"_links":{"self":[{"href":"https:\/\/staging6.peach-pump.com\/en\/wp-json\/wp\/v2\/product\/110932","targetHints":{"allow":["GET"]}}],"collection":[{"href":"https:\/\/staging6.peach-pump.com\/en\/wp-json\/wp\/v2\/product"}],"about":[{"href":"https:\/\/staging6.peach-pump.com\/en\/wp-json\/wp\/v2\/types\/product"}],"replies":[{"embeddable":true,"href":"https:\/\/staging6.peach-pump.com\/en\/wp-json\/wp\/v2\/comments?post=110932"}],"version-history":[{"count":0,"href":"https:\/\/staging6.peach-pump.com\/en\/wp-json\/wp\/v2\/product\/110932\/revisions"}],"wp:featuredmedia":[{"embeddable":true,"href":"https:\/\/staging6.peach-pump.com\/en\/wp-json\/wp\/v2\/media\/110087"}],"wp:attachment":[{"href":"https:\/\/staging6.peach-pump.com\/en\/wp-json\/wp\/v2\/media?parent=110932"}],"wp:term":[{"taxonomy":"product_brand","embeddable":true,"href":"https:\/\/staging6.peach-pump.com\/en\/wp-json\/wp\/v2\/product_brand?post=110932"},{"taxonomy":"product_cat","embeddable":true,"href":"https:\/\/staging6.peach-pump.com\/en\/wp-json\/wp\/v2\/product_cat?post=110932"},{"taxonomy":"product_tag","embeddable":true,"href":"https:\/\/staging6.peach-pump.com\/en\/wp-json\/wp\/v2\/product_tag?post=110932"}],"curies":[{"name":"wp","href":"https:\/\/api.w.org\/{rel}","templated":true}]}}