{"id":114844,"date":"2025-04-21T11:47:28","date_gmt":"2025-04-21T09:47:28","guid":{"rendered":"https:\/\/staging6.peach-pump.com\/products\/crna-majica-bez-rukava-s-podstavom\/"},"modified":"2025-11-02T20:29:29","modified_gmt":"2025-11-02T18:29:29","slug":"crna-majica-bez-rukava-s-podstavom","status":"publish","type":"product","link":"https:\/\/staging6.peach-pump.com\/hr\/products\/crna-majica-bez-rukava-s-podstavom\/","title":{"rendered":"Kratka majica bez rukava s podstavom"},"content":{"rendered":"<p>\u017denska kratka crna majica bez rukava s odvojivim podstavom koja se mo\u017ee uklanjati. Materijal modela je izra\u0111en od rips s nje\u017enom podlogom i modernog je dizajna, izrezan sprijeda i straga. Pogodan je za vje\u017ebe ili slobodno vrijeme, pru\u017ea potpunu slobodu kretanja i seksi izgled. Dostupan je u dvije boje: bijeloj i crnoj.   <\/p>\n<ul>\n<li>Podstava s lifting efektom<\/li>\n<li>Rips tkanina uz tijelu<\/li>\n<li>Unutarnja podloga<\/li>\n<li>Izrezana sprijeda i straga<\/li>\n<li>Toplinski zape\u010da\u0107eni logo &#8220;Peach Pump&#8221;<\/li>\n<\/ul>\n<p>Sastav: 80% poliester 20% elastan<\/p>\n<p>Grudnjak se mo\u017ee prati na temperaturi do 30 stupnjeva, molimo nemojte koristiti izbjeljiva\u010d niti kemijsko \u010di\u0161\u0107enje.<\/p>\n<p>Model na fotografiji je visok 167 cm, te\u017eak 50 kg i nosi veli\u010dinu M.<\/p>\n<p>Koristite tablice za odabir to\u010dne veli\u010dine.<\/p>\n","protected":false},"excerpt":{"rendered":"<p>\u017denska kratka crna majica bez rukava s odvojivim podstavom koja se mo\u017ee uklanjati. Materijal modela je izra\u0111en od rips s nje\u017enom podlogom i modernog je dizajna, izrezan sprijeda i straga. Pogodan je za vje\u017ebe ili slobodno vrijeme, pru\u017ea potpunu slobodu kretanja i seksi izgled. Dostupan je u dvije boje: bijeloj i crnoj. Podstava s lifting [&hellip;]<\/p>\n","protected":false},"featured_media":112672,"comment_status":"open","ping_status":"closed","template":"","meta":[],"product_brand":[],"product_cat":[341],"product_tag":[],"class_list":{"0":"post-114844","1":"product","2":"type-product","3":"status-publish","4":"has-post-thumbnail","6":"product_cat-sportski-grudnjaci","7":"pa_cviat-crno","8":"pa_razmer-l-hr","9":"pa_razmer-m-hr","10":"pa_razmer-s-hr-2","11":"inventories-world","13":"first","14":"instock","15":"sale","16":"taxable","17":"shipping-taxable","18":"purchasable","19":"product-type-variable"},"_links":{"self":[{"href":"https:\/\/staging6.peach-pump.com\/en\/wp-json\/wp\/v2\/product\/114844","targetHints":{"allow":["GET"]}}],"collection":[{"href":"https:\/\/staging6.peach-pump.com\/en\/wp-json\/wp\/v2\/product"}],"about":[{"href":"https:\/\/staging6.peach-pump.com\/en\/wp-json\/wp\/v2\/types\/product"}],"replies":[{"embeddable":true,"href":"https:\/\/staging6.peach-pump.com\/en\/wp-json\/wp\/v2\/comments?post=114844"}],"version-history":[{"count":0,"href":"https:\/\/staging6.peach-pump.com\/en\/wp-json\/wp\/v2\/product\/114844\/revisions"}],"wp:featuredmedia":[{"embeddable":true,"href":"https:\/\/staging6.peach-pump.com\/en\/wp-json\/wp\/v2\/media\/112672"}],"wp:attachment":[{"href":"https:\/\/staging6.peach-pump.com\/en\/wp-json\/wp\/v2\/media?parent=114844"}],"wp:term":[{"taxonomy":"product_brand","embeddable":true,"href":"https:\/\/staging6.peach-pump.com\/en\/wp-json\/wp\/v2\/product_brand?post=114844"},{"taxonomy":"product_cat","embeddable":true,"href":"https:\/\/staging6.peach-pump.com\/en\/wp-json\/wp\/v2\/product_cat?post=114844"},{"taxonomy":"product_tag","embeddable":true,"href":"https:\/\/staging6.peach-pump.com\/en\/wp-json\/wp\/v2\/product_tag?post=114844"}],"curies":[{"name":"wp","href":"https:\/\/api.w.org\/{rel}","templated":true}]}}