{"id":114859,"date":"2025-04-21T12:13:49","date_gmt":"2025-04-21T10:13:49","guid":{"rendered":"https:\/\/staging6.peach-pump.com\/products\/plave-kratke-hlace-s-tajicama-dzepovi\/"},"modified":"2025-11-01T16:30:44","modified_gmt":"2025-11-01T14:30:44","slug":"plave-kratke-hlace-s-tajicama-dzepovi","status":"publish","type":"product","link":"https:\/\/staging6.peach-pump.com\/hr\/products\/plave-kratke-hlace-s-tajicama-dzepovi\/","title":{"rendered":"Plave kratke hla\u010de s tajicama i d\u017eepovima"},"content":{"rendered":"<p>\u017denske plave kratke hla\u010de s tajicama i bo\u010dnim d\u017eepovima. Model je izra\u0111en od mekane tkanine, slobodnog kroja sa \u0161irokim pojasom i unutarnjim tajicama, \u0161to \u0107e Vam pru\u017eiti udobnost i potpunu slobodu kretanja. Kratke hla\u010de su savr\u0161ene za vru\u0107e ljetne dane, tr\u010danje, teretanu ili \u0161etnju parkom. Srednji struk, novo na pupku, bo\u010dni prorezi koji daju seksi izgled. Dostupno u nekoliko boja, relevantnih za sezonu.    <\/p>\n<ul>\n<li>Tkanina mekana na dodir<\/li>\n<li>\u0160iroka elasti\u010dna gumica<\/li>\n<li>Unutarnje tajice<\/li>\n<li>Dva bo\u010dna d\u017eepa<\/li>\n<li>Termi\u010dki zape\u010da\u0107eni logo &#8220;Peach Pump&#8221; na kratkim hla\u010dama<\/li>\n<li>Toplinski zape\u010da\u0107eni natpis &#8220;Peach Pump&#8221; na unutarnjeim tajicama<\/li>\n<\/ul>\n<p>Sastav: 80% poliester 20% elastan<\/p>\n<p>Kratke hla\u010de se mogu prati na temperaturi do 30 stupnjeva, molimo vas da ne koristite izbjeljiva\u010d ili kemijsko \u010di\u0161\u0107enje.<\/p>\n<p>Model na fotografiji je visok 169 cm, te\u017eak 50 kg i nosi veli\u010dinu S.<\/p>\n<p>Koristite tablice za odabir to\u010dne veli\u010dine.<\/p>\n","protected":false},"excerpt":{"rendered":"<p>\u017denske plave kratke hla\u010de s tajicama i bo\u010dnim d\u017eepovima. Model je izra\u0111en od mekane tkanine, slobodnog kroja sa \u0161irokim pojasom i unutarnjim tajicama, \u0161to \u0107e Vam pru\u017eiti udobnost i potpunu slobodu kretanja. Kratke hla\u010de su savr\u0161ene za vru\u0107e ljetne dane, tr\u010danje, teretanu ili \u0161etnju parkom. Srednji struk, novo na pupku, bo\u010dni prorezi koji daju seksi [&hellip;]<\/p>\n","protected":false},"featured_media":112902,"comment_status":"open","ping_status":"closed","template":"","meta":[],"product_brand":[],"product_cat":[196,136],"product_tag":[],"class_list":{"0":"post-114859","1":"product","2":"type-product","3":"status-publish","4":"has-post-thumbnail","6":"product_cat-kratke-tajice","7":"product_cat-zenske-sportske-tajice","8":"pa_cviat-plava","9":"pa_razmer-l-hr","10":"pa_razmer-m-hr","11":"pa_razmer-s-hr-2","12":"inventories-world","14":"first","15":"instock","16":"taxable","17":"shipping-taxable","18":"purchasable","19":"product-type-variable"},"_links":{"self":[{"href":"https:\/\/staging6.peach-pump.com\/hr\/wp-json\/wp\/v2\/product\/114859","targetHints":{"allow":["GET"]}}],"collection":[{"href":"https:\/\/staging6.peach-pump.com\/hr\/wp-json\/wp\/v2\/product"}],"about":[{"href":"https:\/\/staging6.peach-pump.com\/hr\/wp-json\/wp\/v2\/types\/product"}],"replies":[{"embeddable":true,"href":"https:\/\/staging6.peach-pump.com\/hr\/wp-json\/wp\/v2\/comments?post=114859"}],"version-history":[{"count":0,"href":"https:\/\/staging6.peach-pump.com\/hr\/wp-json\/wp\/v2\/product\/114859\/revisions"}],"wp:featuredmedia":[{"embeddable":true,"href":"https:\/\/staging6.peach-pump.com\/hr\/wp-json\/wp\/v2\/media\/112902"}],"wp:attachment":[{"href":"https:\/\/staging6.peach-pump.com\/hr\/wp-json\/wp\/v2\/media?parent=114859"}],"wp:term":[{"taxonomy":"product_brand","embeddable":true,"href":"https:\/\/staging6.peach-pump.com\/hr\/wp-json\/wp\/v2\/product_brand?post=114859"},{"taxonomy":"product_cat","embeddable":true,"href":"https:\/\/staging6.peach-pump.com\/hr\/wp-json\/wp\/v2\/product_cat?post=114859"},{"taxonomy":"product_tag","embeddable":true,"href":"https:\/\/staging6.peach-pump.com\/hr\/wp-json\/wp\/v2\/product_tag?post=114859"}],"curies":[{"name":"wp","href":"https:\/\/api.w.org\/{rel}","templated":true}]}}