{"id":115536,"date":"2025-05-09T13:34:37","date_gmt":"2025-05-09T11:34:37","guid":{"rendered":"https:\/\/staging6.peach-pump.com\/products\/bijele-tajice-s-dzepovima-kratke\/"},"modified":"2025-11-01T16:23:54","modified_gmt":"2025-11-01T14:23:54","slug":"bijele-tajice-s-dzepovima-kratke","status":"publish","type":"product","link":"https:\/\/staging6.peach-pump.com\/hr\/products\/bijele-tajice-s-dzepovima-kratke\/","title":{"rendered":"Kratke bijele tajice s d\u017eepovima i efektom oblikovanja"},"content":{"rendered":"<p>Kratke bijele tajice s d\u017eepovima i efektom oblikovanja. Ovaj model kratkih \u017eenskih tajica izra\u0111en je od elasti\u010dnog, mekog na dodir materijala s elasti\u010dnim \u0161avom straga, tipa &#8220;invisible scrunch&#8221;, koji savr\u0161eno oblikuje tijelo, ima dva bo\u010dna d\u017eepa, pogodna za telefon ili fitness karticu i pru\u017ea udobnost tijekom vje\u017ebanja. Tajice su izra\u0111ene od be\u0161avnog materijala, izuzetno izdr\u017eljive, ne zadr\u017eavaju vlagu u tijelu, podi\u017eu, oblikuju i zate\u017eu. \u0160iroki pojas nje\u017eno zate\u017ee struk i oblikuje siluetu. Zajam\u010deno najudobniji model tajica u kojem \u0107ete se osje\u0107ati ugodno tijekom bilo koje vrste sporta. Dostupan u nekoliko boja, savr\u0161eno se sla\u017ee sa sportskim grudnjakom iste boje ili s na\u0161im drugim bluzama i jaknama.     <\/p>\n<ul>\n<li>Visok struk<\/li>\n<li>Dva bo\u010dna d\u017eepa<\/li>\n<li>Tkanina bez \u0161avova<\/li>\n<li>Podi\u017ee, oblikuje i zate\u017ee<\/li>\n<li>Skriva problemati\u010dna podru\u010dja<\/li>\n<li>Peach efekt tipa &#8220;invisible scrunch&#8221;<\/li>\n<li>Toplinski zape\u010da\u0107eni logo Peach Pump na stra\u017enjoj strani tajice<\/li>\n<li>Toplinski zape\u010da\u0107eni logo Peach Pump na prednjem dijelu d\u017eepa tajica<\/li>\n<li>Be\u0161avni materijal koji ne zadr\u017eava vlagu u tijelu<\/li>\n<\/ul>\n<p>Sastav: 92% najlon; 8% spandeksa<\/p>\n<p>Tajice se mogu prati na temperaturi do 30 stupnjeva, nemojte koristiti izbjeljiva\u010d \u200b\u200bniti kemijsko \u010di\u0161\u0107enje.<\/p>\n<p>Model na fotografiji je visok 168 cm i te\u017eak 51 kg. i pozira u veli\u010dini S.<\/p>\n<p>Koristite tablice za odabir to\u010dne veli\u010dine.<\/p>\n","protected":false},"excerpt":{"rendered":"<p>Kratke bijele tajice s d\u017eepovima i efektom oblikovanja. Ovaj model kratkih \u017eenskih tajica izra\u0111en je od elasti\u010dnog, mekog na dodir materijala s elasti\u010dnim \u0161avom straga, tipa &#8220;invisible scrunch&#8221;, koji savr\u0161eno oblikuje tijelo, ima dva bo\u010dna d\u017eepa, pogodna za telefon ili fitness karticu i pru\u017ea udobnost tijekom vje\u017ebanja. Tajice su izra\u0111ene od be\u0161avnog materijala, izuzetno izdr\u017eljive, [&hellip;]<\/p>\n","protected":false},"featured_media":114462,"comment_status":"open","ping_status":"closed","template":"","meta":[],"product_brand":[],"product_cat":[196,136,195],"product_tag":[],"class_list":{"0":"post-115536","1":"product","2":"type-product","3":"status-publish","4":"has-post-thumbnail","6":"product_cat-kratke-tajice","7":"product_cat-zenske-sportske-tajice","8":"product_cat-tajice-s-dzepovima","9":"pa_cviat-bijel","10":"pa_razmer-m-hr","11":"pa_razmer-s-hr-2","12":"inventories-world","14":"first","15":"instock","16":"taxable","17":"shipping-taxable","18":"purchasable","19":"product-type-variable"},"_links":{"self":[{"href":"https:\/\/staging6.peach-pump.com\/hr\/wp-json\/wp\/v2\/product\/115536","targetHints":{"allow":["GET"]}}],"collection":[{"href":"https:\/\/staging6.peach-pump.com\/hr\/wp-json\/wp\/v2\/product"}],"about":[{"href":"https:\/\/staging6.peach-pump.com\/hr\/wp-json\/wp\/v2\/types\/product"}],"replies":[{"embeddable":true,"href":"https:\/\/staging6.peach-pump.com\/hr\/wp-json\/wp\/v2\/comments?post=115536"}],"version-history":[{"count":0,"href":"https:\/\/staging6.peach-pump.com\/hr\/wp-json\/wp\/v2\/product\/115536\/revisions"}],"wp:featuredmedia":[{"embeddable":true,"href":"https:\/\/staging6.peach-pump.com\/hr\/wp-json\/wp\/v2\/media\/114462"}],"wp:attachment":[{"href":"https:\/\/staging6.peach-pump.com\/hr\/wp-json\/wp\/v2\/media?parent=115536"}],"wp:term":[{"taxonomy":"product_brand","embeddable":true,"href":"https:\/\/staging6.peach-pump.com\/hr\/wp-json\/wp\/v2\/product_brand?post=115536"},{"taxonomy":"product_cat","embeddable":true,"href":"https:\/\/staging6.peach-pump.com\/hr\/wp-json\/wp\/v2\/product_cat?post=115536"},{"taxonomy":"product_tag","embeddable":true,"href":"https:\/\/staging6.peach-pump.com\/hr\/wp-json\/wp\/v2\/product_tag?post=115536"}],"curies":[{"name":"wp","href":"https:\/\/api.w.org\/{rel}","templated":true}]}}