{"id":115543,"date":"2025-05-09T14:06:00","date_gmt":"2025-05-09T12:06:00","guid":{"rendered":"https:\/\/staging6.peach-pump.com\/products\/kratka-bijela-sportska-haljina-s-tajicama\/"},"modified":"2025-11-01T16:22:28","modified_gmt":"2025-11-01T14:22:28","slug":"kratka-bijela-sportska-haljina-s-tajicama","status":"publish","type":"product","link":"https:\/\/staging6.peach-pump.com\/hr\/products\/kratka-bijela-sportska-haljina-s-tajicama\/","title":{"rendered":"Kratka bijela sportska haljina s tajicama"},"content":{"rendered":"<p>Kratka bijela sportska haljina s tajicama i crnim obrubom na krajievima. Model ima podstavu s efektom podizanja koja se mo\u017ee ukloniti. Haljina ima izrezane detalje u podru\u010dju struka, \u0161to je opti\u010dki smanjuje i daje joj siluetu &#8220;pje\u0161\u010danog sata&#8221;. Haljina je kra\u0107i model, ali ima tajice na donjem kraju, \u0161to \u0107e Vam dati potpunu slobodu kretanja. Model je prikladan za tenis, vje\u017ebanje ili \u0161etnju parkom, a s njim ne mo\u017eete pro\u0107i nezapa\u017eeno.    <\/p>\n<ul>\n<li>Kratki model<\/li>\n<li>Donje tajice<\/li>\n<li>Podstava s lifting efektom<\/li>\n<li>Djelomi\u010dni crni porub<\/li>\n<li>Elasti\u010dna tkanina<\/li>\n<li>Toplinski zape\u010da\u0107eni logo &#8220;Peach Pump&#8221; na stra\u017enjoj strani<\/li>\n<li>Termi\u010dki zape\u010da\u0107eni logo &#8220;Peach Pump&#8221; na prednjoj strani haljine ispod poprsja<\/li>\n<li>Otvori na struku<\/li>\n<li>Materijal koji odvodi vlagu od tijela<\/li>\n<\/ul>\n<p>Sastav: 92% najlon; 8% spandeksa<\/p>\n<p>Haljina se mo\u017ee prati na temperaturi do 30 stupnjeva, molimo vas da ne koristite izbjeljiva\u010d ili kemijsko \u010di\u0161\u0107enje.<\/p>\n<p>Model na fotografiji je visok 168 cm, te\u017eak 51 kg i nosi veli\u010dinu S.<\/p>\n<p>Koristite tablice za odabir to\u010dne veli\u010dine.<\/p>\n","protected":false},"excerpt":{"rendered":"<p>Kratka bijela sportska haljina s tajicama i crnim obrubom na krajievima. Model ima podstavu s efektom podizanja koja se mo\u017ee ukloniti. Haljina ima izrezane detalje u podru\u010dju struka, \u0161to je opti\u010dki smanjuje i daje joj siluetu &#8220;pje\u0161\u010danog sata&#8221;. Haljina je kra\u0107i model, ali ima tajice na donjem kraju, \u0161to \u0107e Vam dati potpunu slobodu kretanja. [&hellip;]<\/p>\n","protected":false},"featured_media":114703,"comment_status":"open","ping_status":"closed","template":"","meta":[],"product_brand":[],"product_cat":[343,342,1174,1126],"product_tag":[],"class_list":{"0":"post-115543","1":"product","2":"type-product","3":"status-publish","4":"has-post-thumbnail","6":"product_cat-kratke-sportske-kombinacije","7":"product_cat-zenska-sportska-kombinacije","8":"product_cat-sportske-haljine-i-suknje","9":"product_cat-sportski-kombinezoni","10":"pa_cviat-bijel","11":"pa_razmer-m-hr","12":"pa_razmer-s-hr-2","13":"inventories-world","15":"first","16":"instock","17":"taxable","18":"shipping-taxable","19":"purchasable","20":"product-type-variable"},"_links":{"self":[{"href":"https:\/\/staging6.peach-pump.com\/en\/wp-json\/wp\/v2\/product\/115543","targetHints":{"allow":["GET"]}}],"collection":[{"href":"https:\/\/staging6.peach-pump.com\/en\/wp-json\/wp\/v2\/product"}],"about":[{"href":"https:\/\/staging6.peach-pump.com\/en\/wp-json\/wp\/v2\/types\/product"}],"replies":[{"embeddable":true,"href":"https:\/\/staging6.peach-pump.com\/en\/wp-json\/wp\/v2\/comments?post=115543"}],"version-history":[{"count":0,"href":"https:\/\/staging6.peach-pump.com\/en\/wp-json\/wp\/v2\/product\/115543\/revisions"}],"wp:featuredmedia":[{"embeddable":true,"href":"https:\/\/staging6.peach-pump.com\/en\/wp-json\/wp\/v2\/media\/114703"}],"wp:attachment":[{"href":"https:\/\/staging6.peach-pump.com\/en\/wp-json\/wp\/v2\/media?parent=115543"}],"wp:term":[{"taxonomy":"product_brand","embeddable":true,"href":"https:\/\/staging6.peach-pump.com\/en\/wp-json\/wp\/v2\/product_brand?post=115543"},{"taxonomy":"product_cat","embeddable":true,"href":"https:\/\/staging6.peach-pump.com\/en\/wp-json\/wp\/v2\/product_cat?post=115543"},{"taxonomy":"product_tag","embeddable":true,"href":"https:\/\/staging6.peach-pump.com\/en\/wp-json\/wp\/v2\/product_tag?post=115543"}],"curies":[{"name":"wp","href":"https:\/\/api.w.org\/{rel}","templated":true}]}}