{"id":115552,"date":"2025-05-13T19:00:56","date_gmt":"2025-05-13T17:00:56","guid":{"rendered":"https:\/\/staging6.peach-pump.com\/products\/sive-sportske-carape-bijele-linije\/"},"modified":"2025-11-08T19:24:06","modified_gmt":"2025-11-08T17:24:06","slug":"sive-sportske-carape-bijele-linije","status":"publish","type":"product","link":"https:\/\/staging6.peach-pump.com\/hr\/products\/sive-sportske-carape-bijele-linije\/","title":{"rendered":"Sive sportske \u010darape s bijelim linijama Peach Pump"},"content":{"rendered":"<p>Sive sportske \u010darape s bijelim linijama i utkanim logom Peach Pump imaju oja\u010dani donji dio te pru\u017eaju izdr\u017eljivost, stabilnost i ubla\u017eavanje pri kretanju. Izra\u0111ene su od materijala koji isparava vlagu i odr\u017eava Vas svje\u017eima. <\/p>\n<ul>\n<li>Mekani materijal<\/li>\n<li>visok kvalitet<\/li>\n<li>Elasti\u010dnost<\/li>\n<li>80% pamuk<\/li>\n<li>Utkani logo Peach Pump<\/li>\n<li>Poja\u010dane na potplatu za izdr\u017eljivost<\/li>\n<li>\u201eCrew size\u201c \u2013 duljina do potkoljenice<\/li>\n<\/ul>\n<p>Sastav: 80% pamuk, 17% poliester, 3% spandeks<\/p>\n<p>Mogu se prati na 40 \u00b0C bez kemijskog \u010di\u0161\u0107enja, su\u0161iti na niskoj temperaturi.<\/p>\n<p>\u010carape se ne mogu vratiti niti zamijeniti!<\/p>\n","protected":false},"excerpt":{"rendered":"<p>Sive sportske \u010darape s bijelim linijama i utkanim logom Peach Pump imaju oja\u010dani donji dio te pru\u017eaju izdr\u017eljivost, stabilnost i ubla\u017eavanje pri kretanju. Izra\u0111ene su od materijala koji isparava vlagu i odr\u017eava Vas svje\u017eima. Mekani materijal visok kvalitet Elasti\u010dnost 80% pamuk Utkani logo Peach Pump Poja\u010dane na potplatu za izdr\u017eljivost \u201eCrew size\u201c \u2013 duljina do [&hellip;]<\/p>\n","protected":false},"featured_media":115196,"comment_status":"open","ping_status":"closed","template":"","meta":[],"product_brand":[],"product_cat":[787],"product_tag":[],"class_list":{"0":"post-115552","1":"product","2":"type-product","3":"status-publish","4":"has-post-thumbnail","6":"product_cat-pribor","7":"pa_cviat-sivo","8":"pa_razmer-jedna-velicina","9":"inventories-world","11":"first","12":"instock","13":"sale","14":"taxable","15":"shipping-taxable","16":"purchasable","17":"product-type-variable"},"_links":{"self":[{"href":"https:\/\/staging6.peach-pump.com\/hr\/wp-json\/wp\/v2\/product\/115552","targetHints":{"allow":["GET"]}}],"collection":[{"href":"https:\/\/staging6.peach-pump.com\/hr\/wp-json\/wp\/v2\/product"}],"about":[{"href":"https:\/\/staging6.peach-pump.com\/hr\/wp-json\/wp\/v2\/types\/product"}],"replies":[{"embeddable":true,"href":"https:\/\/staging6.peach-pump.com\/hr\/wp-json\/wp\/v2\/comments?post=115552"}],"version-history":[{"count":0,"href":"https:\/\/staging6.peach-pump.com\/hr\/wp-json\/wp\/v2\/product\/115552\/revisions"}],"wp:featuredmedia":[{"embeddable":true,"href":"https:\/\/staging6.peach-pump.com\/hr\/wp-json\/wp\/v2\/media\/115196"}],"wp:attachment":[{"href":"https:\/\/staging6.peach-pump.com\/hr\/wp-json\/wp\/v2\/media?parent=115552"}],"wp:term":[{"taxonomy":"product_brand","embeddable":true,"href":"https:\/\/staging6.peach-pump.com\/hr\/wp-json\/wp\/v2\/product_brand?post=115552"},{"taxonomy":"product_cat","embeddable":true,"href":"https:\/\/staging6.peach-pump.com\/hr\/wp-json\/wp\/v2\/product_cat?post=115552"},{"taxonomy":"product_tag","embeddable":true,"href":"https:\/\/staging6.peach-pump.com\/hr\/wp-json\/wp\/v2\/product_tag?post=115552"}],"curies":[{"name":"wp","href":"https:\/\/api.w.org\/{rel}","templated":true}]}}