{"id":117333,"date":"2025-05-29T11:45:48","date_gmt":"2025-05-29T09:45:48","guid":{"rendered":"https:\/\/staging6.peach-pump.com\/products\/sportska-bluza-bez\/"},"modified":"2025-11-10T16:40:09","modified_gmt":"2025-11-10T14:40:09","slug":"sportska-bluza-bez","status":"publish","type":"product","link":"https:\/\/staging6.peach-pump.com\/hr\/products\/sportska-bluza-bez\/","title":{"rendered":"Kratka be\u017e sportska bluza s podstavom uz tijelu"},"content":{"rendered":"<p>Be\u017e, boja &#8220;Slonova\u010de&#8221; sportska bluza s podstavom uz tijelu. Savr\u0161eno pristaje, a njen kroj \u010dini je neizostavnim dijelom i sportske, i svakodnevne odje\u0107e. Prikladna je za fitness, tr\u010danje, aerobne vje\u017ebe ili \u0161etnju parkom, ima skrivenu gumici na donjem kraju, uklonjivu podstavu i materijal koji ne zadr\u017eava vlagu u tijelu. Majica ima toplinski zape\u010da\u0107eni logo \u201ePeach Pump\u201d na ramenu, koji je minimalisti\u010dki i nje\u017eno prianja. Zaljubit \u0107ete se u ovaj model i na\u010din na koji pristaje Va\u0161em tijelu. Savr\u0161eno se sla\u017ee sa svim na\u0161im modelima kratkih i dugih tajica.     <\/p>\n<ul>\n<li>Podstava koja se mo\u017ee ukloniti<\/li>\n<li>Skrivenu gumicu na donjem dijelu<\/li>\n<li>Savr\u0161eno pristaje uz tijelo<\/li>\n<li>Toplinski zape\u010da\u0107en logotip &#8220;Peach Pump&#8221; na ramenu<\/li>\n<li>Materijal koji ne zadr\u017eava vlagu u tijelu<\/li>\n<\/ul>\n<p>Sastav: elastin i poliester<\/p>\n<p>Bluza se mo\u017ee prati na temperaturi do 30 stupnjeva, nemojte koristiti izbjeljiva\u010d, su\u0161iti u su\u0161ilici rublja ili kemijski \u010distiti.<\/p>\n<p>Model na fotografiji je visok 178 cm, te\u017eak 55 kg, ima opseg prsa 90 cm i nosi veli\u010dinu M.<\/p>\n<p>Koristite tablice za odabir to\u010dne veli\u010dine.<\/p>\n","protected":false},"excerpt":{"rendered":"<p>Be\u017e, boja &#8220;Slonova\u010de&#8221; sportska bluza s podstavom uz tijelu. Savr\u0161eno pristaje, a njen kroj \u010dini je neizostavnim dijelom i sportske, i svakodnevne odje\u0107e. Prikladna je za fitness, tr\u010danje, aerobne vje\u017ebe ili \u0161etnju parkom, ima skrivenu gumici na donjem kraju, uklonjivu podstavu i materijal koji ne zadr\u017eava vlagu u tijelu. Majica ima toplinski zape\u010da\u0107eni logo \u201ePeach [&hellip;]<\/p>\n","protected":false},"featured_media":116817,"comment_status":"open","ping_status":"closed","template":"","meta":[],"product_brand":[],"product_cat":[340],"product_tag":[],"class_list":{"0":"post-117333","1":"product","2":"type-product","3":"status-publish","4":"has-post-thumbnail","6":"product_cat-zenske-bluze-sportske","7":"pa_cviat-bez","8":"pa_razmer-l-hr","9":"pa_razmer-m-hr","10":"pa_razmer-s-hr-2","11":"inventories-world","13":"first","14":"instock","15":"sale","16":"taxable","17":"shipping-taxable","18":"purchasable","19":"product-type-variable"},"_links":{"self":[{"href":"https:\/\/staging6.peach-pump.com\/en\/wp-json\/wp\/v2\/product\/117333","targetHints":{"allow":["GET"]}}],"collection":[{"href":"https:\/\/staging6.peach-pump.com\/en\/wp-json\/wp\/v2\/product"}],"about":[{"href":"https:\/\/staging6.peach-pump.com\/en\/wp-json\/wp\/v2\/types\/product"}],"replies":[{"embeddable":true,"href":"https:\/\/staging6.peach-pump.com\/en\/wp-json\/wp\/v2\/comments?post=117333"}],"version-history":[{"count":0,"href":"https:\/\/staging6.peach-pump.com\/en\/wp-json\/wp\/v2\/product\/117333\/revisions"}],"wp:featuredmedia":[{"embeddable":true,"href":"https:\/\/staging6.peach-pump.com\/en\/wp-json\/wp\/v2\/media\/116817"}],"wp:attachment":[{"href":"https:\/\/staging6.peach-pump.com\/en\/wp-json\/wp\/v2\/media?parent=117333"}],"wp:term":[{"taxonomy":"product_brand","embeddable":true,"href":"https:\/\/staging6.peach-pump.com\/en\/wp-json\/wp\/v2\/product_brand?post=117333"},{"taxonomy":"product_cat","embeddable":true,"href":"https:\/\/staging6.peach-pump.com\/en\/wp-json\/wp\/v2\/product_cat?post=117333"},{"taxonomy":"product_tag","embeddable":true,"href":"https:\/\/staging6.peach-pump.com\/en\/wp-json\/wp\/v2\/product_tag?post=117333"}],"curies":[{"name":"wp","href":"https:\/\/api.w.org\/{rel}","templated":true}]}}