{"id":117346,"date":"2025-05-28T15:02:28","date_gmt":"2025-05-28T13:02:28","guid":{"rendered":"https:\/\/staging6.peach-pump.com\/products\/kratke-tajice-zelene\/"},"modified":"2025-11-01T16:16:33","modified_gmt":"2025-11-01T14:16:33","slug":"kratke-tajice-zelene","status":"publish","type":"product","link":"https:\/\/staging6.peach-pump.com\/hr\/products\/kratke-tajice-zelene\/","title":{"rendered":"Zelene tajice sa srednjim strukom i efektom oblikovanja"},"content":{"rendered":"<p>Zelene sportske tajice sa srednjim strukom i oblikovanjem tijela, izra\u0111ene od be\u0161avne, elasti\u010dne i mekane tkanine na dodir. Ovaj model savr\u0161eno oblikuje tijelo, ima rips pojas sa sredinom struka koji se lagano zate\u017ee. Tkanina tajica skriva problemati\u010dna podru\u010dja i odvodi vlagu s tijela za lijepu i elegantnu siluetu.   Uz ovaj model osje\u0107at \u0107ete se udobno i samouvjereno. Tajice mo\u017eete kombinirati sa sportskim grudnjakom ili sportskom bluzom ovog brenda.<\/p>\n<ul>\n<li>Srednji struk<\/li>\n<li>Tkanina bez \u0161avova<\/li>\n<li>Podi\u017ee, s efektom oblikovanja, prikriva problemati\u010dna podru\u010dja<\/li>\n<li>Rips pojas koji omotava ki\u010dmu.<\/li>\n<li>Peachy efekt<\/li>\n<li>Toplinski zape\u010da\u0107eni natpis &#8220;Peach Pump&#8221; sprijeda<\/li>\n<li>Bez \u0161avova sprijeda<\/li>\n<li>Toplinski zape\u010da\u0107eni logo Peach Pump na stra\u017enjoj strani tajice<\/li>\n<li>Tkanina koja odvodi vlagu s tijela<\/li>\n<\/ul>\n<p>Sastav: 80% poliester 20% elastan<\/p>\n<p>Proizvod se mo\u017ee prati na temperaturi do 30 stupnjeva, molimo nemojte koristiti izbjeljiva\u010d niti kemijsko \u010di\u0161\u0107enje.<\/p>\n<p>Model na fotografiji je visok 178 cm, te\u017eak 55 kg i nosi veli\u010dinu S.<\/p>\n<p>Koristite tablice za odabir to\u010dne veli\u010dine.<\/p>\n","protected":false},"excerpt":{"rendered":"<p>Zelene sportske tajice sa srednjim strukom i oblikovanjem tijela, izra\u0111ene od be\u0161avne, elasti\u010dne i mekane tkanine na dodir. Ovaj model savr\u0161eno oblikuje tijelo, ima rips pojas sa sredinom struka koji se lagano zate\u017ee. Tkanina tajica skriva problemati\u010dna podru\u010dja i odvodi vlagu s tijela za lijepu i elegantnu siluetu. Uz ovaj model osje\u0107at \u0107ete se udobno [&hellip;]<\/p>\n","protected":false},"featured_media":116480,"comment_status":"open","ping_status":"closed","template":"","meta":[],"product_brand":[],"product_cat":[196,136],"product_tag":[],"class_list":{"0":"post-117346","1":"product","2":"type-product","3":"status-publish","4":"has-post-thumbnail","6":"product_cat-kratke-tajice","7":"product_cat-zenske-sportske-tajice","8":"pa_cviat-zelena","9":"pa_razmer-l-hr","10":"pa_razmer-m-hr","11":"pa_razmer-s-hr-2","12":"pa_razmer-xs-hr","13":"inventories-world","15":"first","16":"instock","17":"taxable","18":"shipping-taxable","19":"purchasable","20":"product-type-variable"},"_links":{"self":[{"href":"https:\/\/staging6.peach-pump.com\/hr\/wp-json\/wp\/v2\/product\/117346","targetHints":{"allow":["GET"]}}],"collection":[{"href":"https:\/\/staging6.peach-pump.com\/hr\/wp-json\/wp\/v2\/product"}],"about":[{"href":"https:\/\/staging6.peach-pump.com\/hr\/wp-json\/wp\/v2\/types\/product"}],"replies":[{"embeddable":true,"href":"https:\/\/staging6.peach-pump.com\/hr\/wp-json\/wp\/v2\/comments?post=117346"}],"version-history":[{"count":0,"href":"https:\/\/staging6.peach-pump.com\/hr\/wp-json\/wp\/v2\/product\/117346\/revisions"}],"wp:featuredmedia":[{"embeddable":true,"href":"https:\/\/staging6.peach-pump.com\/hr\/wp-json\/wp\/v2\/media\/116480"}],"wp:attachment":[{"href":"https:\/\/staging6.peach-pump.com\/hr\/wp-json\/wp\/v2\/media?parent=117346"}],"wp:term":[{"taxonomy":"product_brand","embeddable":true,"href":"https:\/\/staging6.peach-pump.com\/hr\/wp-json\/wp\/v2\/product_brand?post=117346"},{"taxonomy":"product_cat","embeddable":true,"href":"https:\/\/staging6.peach-pump.com\/hr\/wp-json\/wp\/v2\/product_cat?post=117346"},{"taxonomy":"product_tag","embeddable":true,"href":"https:\/\/staging6.peach-pump.com\/hr\/wp-json\/wp\/v2\/product_tag?post=117346"}],"curies":[{"name":"wp","href":"https:\/\/api.w.org\/{rel}","templated":true}]}}