{"id":117363,"date":"2025-05-28T13:49:18","date_gmt":"2025-05-28T11:49:18","guid":{"rendered":"https:\/\/staging6.peach-pump.com\/products\/plavo-siva-kapa-sa-siltom\/"},"modified":"2025-11-01T16:19:39","modified_gmt":"2025-11-01T14:19:39","slug":"plavo-siva-kapa-sa-siltom","status":"publish","type":"product","link":"https:\/\/staging6.peach-pump.com\/hr\/products\/plavo-siva-kapa-sa-siltom\/","title":{"rendered":"Plavo-siva kapa sa \u0161iltom Peach Pump"},"content":{"rendered":"<p>Uparite svoje omiljene tajice i sportske grudnjake s plavo-sivom \u0161ilterskom kapom Peach Pump. U vru\u0107im ljetnim mjesecima bit \u0107e savr\u0161en dodatak va\u0161em izgledu, a ujedno \u0107e za\u0161tititi lice od jakog sunca. Kapa ima spektakularan izvezeni trodimenzionalni dizajn s bijelim logo s plavim obrubom i izvezenim natpisom \u201ePeach Pump\u201d na stra\u017enjoj strani. \u0160e\u0161ir je u jednoj veli\u010dini se pode\u0161ava metalnim komp\u010danjem, a \u0161ilt je zakrivljen. Budite moderni i druga\u010diji s ovim savr\u0161enim zavr\u0161etkom svoje sportske odje\u0107e.<\/p>\n","protected":false},"excerpt":{"rendered":"<p>Uparite svoje omiljene tajice i sportske grudnjake s plavo-sivom \u0161ilterskom kapom Peach Pump. U vru\u0107im ljetnim mjesecima bit \u0107e savr\u0161en dodatak va\u0161em izgledu, a ujedno \u0107e za\u0161tititi lice od jakog sunca. Kapa ima spektakularan izvezeni trodimenzionalni dizajn s bijelim logo s plavim obrubom i izvezenim natpisom \u201ePeach Pump\u201d na stra\u017enjoj strani. \u0160e\u0161ir je u jednoj [&hellip;]<\/p>\n","protected":false},"featured_media":116247,"comment_status":"open","ping_status":"closed","template":"","meta":[],"product_brand":[],"product_cat":[787],"product_tag":[],"class_list":{"0":"post-117363","1":"product","2":"type-product","3":"status-publish","4":"has-post-thumbnail","6":"product_cat-pribor","7":"pa_cviat-sivo","8":"pa_razmer-jedna-velicina","9":"inventories-world","11":"first","12":"instock","13":"taxable","14":"shipping-taxable","15":"purchasable","16":"product-type-variable"},"_links":{"self":[{"href":"https:\/\/staging6.peach-pump.com\/en\/wp-json\/wp\/v2\/product\/117363","targetHints":{"allow":["GET"]}}],"collection":[{"href":"https:\/\/staging6.peach-pump.com\/en\/wp-json\/wp\/v2\/product"}],"about":[{"href":"https:\/\/staging6.peach-pump.com\/en\/wp-json\/wp\/v2\/types\/product"}],"replies":[{"embeddable":true,"href":"https:\/\/staging6.peach-pump.com\/en\/wp-json\/wp\/v2\/comments?post=117363"}],"version-history":[{"count":0,"href":"https:\/\/staging6.peach-pump.com\/en\/wp-json\/wp\/v2\/product\/117363\/revisions"}],"wp:featuredmedia":[{"embeddable":true,"href":"https:\/\/staging6.peach-pump.com\/en\/wp-json\/wp\/v2\/media\/116247"}],"wp:attachment":[{"href":"https:\/\/staging6.peach-pump.com\/en\/wp-json\/wp\/v2\/media?parent=117363"}],"wp:term":[{"taxonomy":"product_brand","embeddable":true,"href":"https:\/\/staging6.peach-pump.com\/en\/wp-json\/wp\/v2\/product_brand?post=117363"},{"taxonomy":"product_cat","embeddable":true,"href":"https:\/\/staging6.peach-pump.com\/en\/wp-json\/wp\/v2\/product_cat?post=117363"},{"taxonomy":"product_tag","embeddable":true,"href":"https:\/\/staging6.peach-pump.com\/en\/wp-json\/wp\/v2\/product_tag?post=117363"}],"curies":[{"name":"wp","href":"https:\/\/api.w.org\/{rel}","templated":true}]}}