{"id":118637,"date":"2025-06-11T11:07:35","date_gmt":"2025-06-11T09:07:35","guid":{"rendered":"https:\/\/staging6.peach-pump.com\/products\/kratki-sportski-kombinezon-zelene-boje\/"},"modified":"2025-11-01T16:03:27","modified_gmt":"2025-11-01T14:03:27","slug":"kratki-sportski-kombinezon-zelene-boje","status":"publish","type":"product","link":"https:\/\/staging6.peach-pump.com\/hr\/products\/kratki-sportski-kombinezon-zelene-boje\/","title":{"rendered":"Be\u0161avni zeleni kratki sportski kombinezon"},"content":{"rendered":"<p>Zeleni kratki sportski kombinezon izra\u0111en od be\u0161avnog, elasti\u010dnog materijala koji savr\u0161eno pristaje tijelu. Model ima podesive naramenice na le\u0111ima, vi\u0161i struk na le\u0111ima, \u0161to pru\u017ea udobnost tijekom vje\u017ebanja. Ima podstava s efektom podizanja koji fiksiraju poprsje i lijepo stoji bez grudnjaka. Struk kombinezona je rips, koji ga prikupljuje i oblikuje, ima utkani natpis Peach Pump. Donji dio kombinezona ima peachy efekt i savr\u0161eno ga oblikuje. Dostupan u vi\u0161e boja, relevantnih za sezonu.     <\/p>\n<ul>\n<li>Tkanina bez \u0161avova<\/li>\n<li>Utkani natpis Peach Pump na struku<\/li>\n<li>Podesive naramenice<\/li>\n<li>Podstava s Push-Up efektom<\/li>\n<li>Rips struk, skuplja i oblikuje<\/li>\n<li>Peachy efekt<\/li>\n<li>Toplinski zape\u010da\u0107eni logo Peach Pump na bo\u010dnim i stra\u017enjim stranama kombinezona<\/li>\n<\/ul>\n<p>Sastav: 80% poliester 20% elastan.<\/p>\n<p>Manekenka na fotografiji visoka je 164 cm, te\u0161ka 52 kg i nosi veli\u010dinu S.<\/p>\n<p>Kombinezon se mo\u017ee prati na temperaturi do 30 stupnjeva, nemojte koristiti izbjeljiva\u010d ili kemijsko \u010di\u0161\u0107enje.<\/p>\n<p>Koristite tablice za odabir to\u010dne veli\u010dine.<\/p>\n","protected":false},"excerpt":{"rendered":"<p>Zeleni kratki sportski kombinezon izra\u0111en od be\u0161avnog, elasti\u010dnog materijala koji savr\u0161eno pristaje tijelu. Model ima podesive naramenice na le\u0111ima, vi\u0161i struk na le\u0111ima, \u0161to pru\u017ea udobnost tijekom vje\u017ebanja. Ima podstava s efektom podizanja koji fiksiraju poprsje i lijepo stoji bez grudnjaka. Struk kombinezona je rips, koji ga prikupljuje i oblikuje, ima utkani natpis Peach Pump. [&hellip;]<\/p>\n","protected":false},"featured_media":118247,"comment_status":"open","ping_status":"closed","template":"","meta":[],"product_brand":[],"product_cat":[343,1126],"product_tag":[],"class_list":{"0":"post-118637","1":"product","2":"type-product","3":"status-publish","4":"has-post-thumbnail","6":"product_cat-kratke-sportske-kombinacije","7":"product_cat-sportski-kombinezoni","8":"pa_cviat-zelena","9":"pa_razmer-m-hr","10":"pa_razmer-s-hr-2","11":"inventories-world","13":"first","14":"instock","15":"taxable","16":"shipping-taxable","17":"purchasable","18":"product-type-variable"},"_links":{"self":[{"href":"https:\/\/staging6.peach-pump.com\/en\/wp-json\/wp\/v2\/product\/118637","targetHints":{"allow":["GET"]}}],"collection":[{"href":"https:\/\/staging6.peach-pump.com\/en\/wp-json\/wp\/v2\/product"}],"about":[{"href":"https:\/\/staging6.peach-pump.com\/en\/wp-json\/wp\/v2\/types\/product"}],"replies":[{"embeddable":true,"href":"https:\/\/staging6.peach-pump.com\/en\/wp-json\/wp\/v2\/comments?post=118637"}],"version-history":[{"count":0,"href":"https:\/\/staging6.peach-pump.com\/en\/wp-json\/wp\/v2\/product\/118637\/revisions"}],"wp:featuredmedia":[{"embeddable":true,"href":"https:\/\/staging6.peach-pump.com\/en\/wp-json\/wp\/v2\/media\/118247"}],"wp:attachment":[{"href":"https:\/\/staging6.peach-pump.com\/en\/wp-json\/wp\/v2\/media?parent=118637"}],"wp:term":[{"taxonomy":"product_brand","embeddable":true,"href":"https:\/\/staging6.peach-pump.com\/en\/wp-json\/wp\/v2\/product_brand?post=118637"},{"taxonomy":"product_cat","embeddable":true,"href":"https:\/\/staging6.peach-pump.com\/en\/wp-json\/wp\/v2\/product_cat?post=118637"},{"taxonomy":"product_tag","embeddable":true,"href":"https:\/\/staging6.peach-pump.com\/en\/wp-json\/wp\/v2\/product_tag?post=118637"}],"curies":[{"name":"wp","href":"https:\/\/api.w.org\/{rel}","templated":true}]}}