{"id":120851,"date":"2025-06-18T18:40:33","date_gmt":"2025-06-18T16:40:33","guid":{"rendered":"https:\/\/staging6.peach-pump.com\/products\/bijeli-sportski-grudnjak-v-dekoltea\/"},"modified":"2025-11-01T15:46:16","modified_gmt":"2025-11-01T13:46:16","slug":"bijeli-sportski-grudnjak-v-dekoltea","status":"publish","type":"product","link":"https:\/\/staging6.peach-pump.com\/hr\/products\/bijeli-sportski-grudnjak-v-dekoltea\/","title":{"rendered":"Seksi bijeli sportski grudnjak s dubokim V dekolteom"},"content":{"rendered":"<p>Sportski bijeli sportski grudnjak s dubokim V dekolteom i uklonjivom podstavom. Model je izra\u0111en od mekanog, visoko elasti\u010dnog, disajnog materijala koji odvodi vlagu od tijela. Grudnjak ima seksi V dizajn, savr\u0161en za vru\u0107e ljetne dane, a mo\u017ee se nositi ispod odje\u0107e, ostaju\u0107i neprimjetan, dok \u0107ete se osje\u0107ati ugodno i slobodno. Dostupan je i u crnoj boji. <\/p>\n<ul>\n<li> Podstava koja se mo\u017ee ukloniti<\/li>\n<li> Push-up efekt<\/li>\n<li> Velika elasti\u010dnost<\/li>\n<li> Toplinski zape\u010da\u0107eni logo Peach Pump na bo\u010dnoj strani grudnjaka<\/li>\n<li> Tehnologija za odvo\u0111enje vlage iz tijela<\/li>\n<\/ul>\n<p>Sastav: 80% poliester 20% elastan<\/p>\n<p>Grudnjak se mo\u017ee prati na temperaturi do 30 stupnjeva, molimo nemojte koristiti izbjeljiva\u010d niti kemijsko \u010di\u0161\u0107enje.<\/p>\n<p>Model na fotografiji je visok 166 cm, te\u017eak 52 kg i nosi veli\u010dinu S.<\/p>\n<p>Koristite tablice za odabir to\u010dne veli\u010dine.<\/p>\n","protected":false},"excerpt":{"rendered":"<p>Sportski bijeli sportski grudnjak s dubokim V dekolteom i uklonjivom podstavom. Model je izra\u0111en od mekanog, visoko elasti\u010dnog, disajnog materijala koji odvodi vlagu od tijela. Grudnjak ima seksi V dizajn, savr\u0161en za vru\u0107e ljetne dane, a mo\u017ee se nositi ispod odje\u0107e, ostaju\u0107i neprimjetan, dok \u0107ete se osje\u0107ati ugodno i slobodno. Dostupan je i u crnoj [&hellip;]<\/p>\n","protected":false},"featured_media":120127,"comment_status":"open","ping_status":"closed","template":"","meta":[],"product_brand":[],"product_cat":[341],"product_tag":[],"class_list":{"0":"post-120851","1":"product","2":"type-product","3":"status-publish","4":"has-post-thumbnail","6":"product_cat-sportski-grudnjaci","7":"pa_cviat-bijel","8":"pa_razmer-l-hr","9":"pa_razmer-m-hr","10":"pa_razmer-s-hr-2","11":"inventories-world","13":"first","14":"instock","15":"taxable","16":"shipping-taxable","17":"purchasable","18":"product-type-variable"},"_links":{"self":[{"href":"https:\/\/staging6.peach-pump.com\/hr\/wp-json\/wp\/v2\/product\/120851","targetHints":{"allow":["GET"]}}],"collection":[{"href":"https:\/\/staging6.peach-pump.com\/hr\/wp-json\/wp\/v2\/product"}],"about":[{"href":"https:\/\/staging6.peach-pump.com\/hr\/wp-json\/wp\/v2\/types\/product"}],"replies":[{"embeddable":true,"href":"https:\/\/staging6.peach-pump.com\/hr\/wp-json\/wp\/v2\/comments?post=120851"}],"version-history":[{"count":0,"href":"https:\/\/staging6.peach-pump.com\/hr\/wp-json\/wp\/v2\/product\/120851\/revisions"}],"wp:featuredmedia":[{"embeddable":true,"href":"https:\/\/staging6.peach-pump.com\/hr\/wp-json\/wp\/v2\/media\/120127"}],"wp:attachment":[{"href":"https:\/\/staging6.peach-pump.com\/hr\/wp-json\/wp\/v2\/media?parent=120851"}],"wp:term":[{"taxonomy":"product_brand","embeddable":true,"href":"https:\/\/staging6.peach-pump.com\/hr\/wp-json\/wp\/v2\/product_brand?post=120851"},{"taxonomy":"product_cat","embeddable":true,"href":"https:\/\/staging6.peach-pump.com\/hr\/wp-json\/wp\/v2\/product_cat?post=120851"},{"taxonomy":"product_tag","embeddable":true,"href":"https:\/\/staging6.peach-pump.com\/hr\/wp-json\/wp\/v2\/product_tag?post=120851"}],"curies":[{"name":"wp","href":"https:\/\/api.w.org\/{rel}","templated":true}]}}