{"id":121925,"date":"2025-06-24T10:30:54","date_gmt":"2025-06-24T08:30:54","guid":{"rendered":"https:\/\/staging6.peach-pump.com\/products\/bijele-sportske-carape-ruzicasti-antislip\/"},"modified":"2025-11-10T18:56:32","modified_gmt":"2025-11-10T16:56:32","slug":"bijele-sportske-carape-ruzicasti-antislip","status":"publish","type":"product","link":"https:\/\/staging6.peach-pump.com\/hr\/products\/bijele-sportske-carape-ruzicasti-antislip\/","title":{"rendered":"Bijele sportske \u010darape s ru\u017ei\u010dastim Antislipom Peach Pump"},"content":{"rendered":"<p>Bijele sportske \u010darape s ru\u017ei\u010dastim Antislipom Peach Pump imaju oja\u010dani donji dio i pru\u017eaju izdr\u017eljivost i ubla\u017eavanje pri kretanju. Antislip srca pru\u017eaju stabilnost tijekom joge, pilatesa i bilo kojeg sporta, a njihova ravna povr\u0161ina omogu\u0107uje no\u0161enje s tenisicama bez da se osje\u0107aju. Imaju crni izvezeni Peach Pump logo. \u010carape su pamu\u010dne i mekane, odvode vlagu.   <\/p>\n<ul>\n<li>Mekani materijal<\/li>\n<li>Antislip<\/li>\n<li>Visoka kvaliteta<\/li>\n<li>Elasti\u010dnost<\/li>\n<li>80% pamuk<\/li>\n<li>Izvezeni logo Peach Pump<\/li>\n<li>Poja\u010dane na potplatu za izdr\u017eljivost<\/li>\n<\/ul>\n<p>Sastav: 80% pamuk, 17% poliester, 3% spandeks<\/p>\n<p>Mogu se prati na 40 \u00b0C bez kemijskog \u010di\u0161\u0107enja, su\u0161iti na niskoj temperaturi.<\/p>\n<p>\u010carape se ne mogu vratiti niti zamijeniti!<\/p>\n","protected":false},"excerpt":{"rendered":"<p>Bijele sportske \u010darape s ru\u017ei\u010dastim Antislipom Peach Pump imaju oja\u010dani donji dio i pru\u017eaju izdr\u017eljivost i ubla\u017eavanje pri kretanju. Antislip srca pru\u017eaju stabilnost tijekom joge, pilatesa i bilo kojeg sporta, a njihova ravna povr\u0161ina omogu\u0107uje no\u0161enje s tenisicama bez da se osje\u0107aju. Imaju crni izvezeni Peach Pump logo. \u010carape su pamu\u010dne i mekane, odvode vlagu. [&hellip;]<\/p>\n","protected":false},"featured_media":121321,"comment_status":"open","ping_status":"closed","template":"","meta":[],"product_brand":[],"product_cat":[787],"product_tag":[],"class_list":{"0":"post-121925","1":"product","2":"type-product","3":"status-publish","4":"has-post-thumbnail","6":"product_cat-pribor","7":"pa_cviat-bijela-ruzicasta","8":"pa_razmer-jedna-velicina","9":"inventories-world","11":"first","12":"instock","13":"taxable","14":"shipping-taxable","15":"purchasable","16":"product-type-variable"},"_links":{"self":[{"href":"https:\/\/staging6.peach-pump.com\/hr\/wp-json\/wp\/v2\/product\/121925","targetHints":{"allow":["GET"]}}],"collection":[{"href":"https:\/\/staging6.peach-pump.com\/hr\/wp-json\/wp\/v2\/product"}],"about":[{"href":"https:\/\/staging6.peach-pump.com\/hr\/wp-json\/wp\/v2\/types\/product"}],"replies":[{"embeddable":true,"href":"https:\/\/staging6.peach-pump.com\/hr\/wp-json\/wp\/v2\/comments?post=121925"}],"version-history":[{"count":0,"href":"https:\/\/staging6.peach-pump.com\/hr\/wp-json\/wp\/v2\/product\/121925\/revisions"}],"wp:featuredmedia":[{"embeddable":true,"href":"https:\/\/staging6.peach-pump.com\/hr\/wp-json\/wp\/v2\/media\/121321"}],"wp:attachment":[{"href":"https:\/\/staging6.peach-pump.com\/hr\/wp-json\/wp\/v2\/media?parent=121925"}],"wp:term":[{"taxonomy":"product_brand","embeddable":true,"href":"https:\/\/staging6.peach-pump.com\/hr\/wp-json\/wp\/v2\/product_brand?post=121925"},{"taxonomy":"product_cat","embeddable":true,"href":"https:\/\/staging6.peach-pump.com\/hr\/wp-json\/wp\/v2\/product_cat?post=121925"},{"taxonomy":"product_tag","embeddable":true,"href":"https:\/\/staging6.peach-pump.com\/hr\/wp-json\/wp\/v2\/product_tag?post=121925"}],"curies":[{"name":"wp","href":"https:\/\/api.w.org\/{rel}","templated":true}]}}