{"id":121927,"date":"2025-06-24T10:55:37","date_gmt":"2025-06-24T08:55:37","guid":{"rendered":"https:\/\/staging6.peach-pump.com\/products\/bijele-sportske-carape-crni-kovrcavi-obrub\/"},"modified":"2025-11-03T20:35:11","modified_gmt":"2025-11-03T18:35:11","slug":"bijele-sportske-carape-crni-kovrcavi-obrub","status":"publish","type":"product","link":"https:\/\/staging6.peach-pump.com\/hr\/products\/bijele-sportske-carape-crni-kovrcavi-obrub\/","title":{"rendered":"Bijele sportske \u010darape Peach Pump s crnim kovr\u010davim obrubom"},"content":{"rendered":"<p>Bijele sportske \u010darape s crnim kovr\u010davim obrubom i crnim vezom Peach Pump. Imaju oja\u010dani donji dio i pru\u017eaju izdr\u017eljivost, stabilnost i ubla\u017eavanje pri kretanju. Prikladne su za bilo koju vrstu sporta &#8211; jogu, pilates, fitness, tr\u010danje ili \u0161etnju parkom. \u010carape su pamu\u010dne i mekane, odvode vlagu. Izvrstan zavr\u0161etak va\u0161eg sportskog izgleda.    <\/p>\n<ul>\n<li>Mekani materijal<\/li>\n<li>Kovr\u010davi izvezeni obrub<\/li>\n<li>Visoka kvaliteta<\/li>\n<li>Elasti\u010dnost<\/li>\n<li>80% pamuk<\/li>\n<li>Izvezeni logo Peach Pump<\/li>\n<li>Poja\u010dane na stopalu za izdr\u017eljivost<\/li>\n<\/ul>\n<p>Sastav: 80% pamuk, 17% poliester, 3% spandeks<\/p>\n<p>Mogu se prati na 40 \u00b0C bez kemijskog \u010di\u0161\u0107enja, su\u0161iti na niskoj temperaturi.<\/p>\n<p>\u010carape se ne mogu vratiti niti zamijeniti!<\/p>\n","protected":false},"excerpt":{"rendered":"<p>Bijele sportske \u010darape s crnim kovr\u010davim obrubom i crnim vezom Peach Pump. Imaju oja\u010dani donji dio i pru\u017eaju izdr\u017eljivost, stabilnost i ubla\u017eavanje pri kretanju. Prikladne su za bilo koju vrstu sporta &#8211; jogu, pilates, fitness, tr\u010danje ili \u0161etnju parkom. \u010carape su pamu\u010dne i mekane, odvode vlagu. Izvrstan zavr\u0161etak va\u0161eg sportskog izgleda. Mekani materijal Kovr\u010davi izvezeni [&hellip;]<\/p>\n","protected":false},"featured_media":121339,"comment_status":"open","ping_status":"closed","template":"","meta":[],"product_brand":[],"product_cat":[787],"product_tag":[],"class_list":{"0":"post-121927","1":"product","2":"type-product","3":"status-publish","4":"has-post-thumbnail","6":"product_cat-pribor","7":"pa_cviat-bijelo-crno","8":"pa_razmer-jedna-velicina","9":"inventories-world","11":"first","12":"instock","13":"taxable","14":"shipping-taxable","15":"purchasable","16":"product-type-variable"},"_links":{"self":[{"href":"https:\/\/staging6.peach-pump.com\/en\/wp-json\/wp\/v2\/product\/121927","targetHints":{"allow":["GET"]}}],"collection":[{"href":"https:\/\/staging6.peach-pump.com\/en\/wp-json\/wp\/v2\/product"}],"about":[{"href":"https:\/\/staging6.peach-pump.com\/en\/wp-json\/wp\/v2\/types\/product"}],"replies":[{"embeddable":true,"href":"https:\/\/staging6.peach-pump.com\/en\/wp-json\/wp\/v2\/comments?post=121927"}],"version-history":[{"count":0,"href":"https:\/\/staging6.peach-pump.com\/en\/wp-json\/wp\/v2\/product\/121927\/revisions"}],"wp:featuredmedia":[{"embeddable":true,"href":"https:\/\/staging6.peach-pump.com\/en\/wp-json\/wp\/v2\/media\/121339"}],"wp:attachment":[{"href":"https:\/\/staging6.peach-pump.com\/en\/wp-json\/wp\/v2\/media?parent=121927"}],"wp:term":[{"taxonomy":"product_brand","embeddable":true,"href":"https:\/\/staging6.peach-pump.com\/en\/wp-json\/wp\/v2\/product_brand?post=121927"},{"taxonomy":"product_cat","embeddable":true,"href":"https:\/\/staging6.peach-pump.com\/en\/wp-json\/wp\/v2\/product_cat?post=121927"},{"taxonomy":"product_tag","embeddable":true,"href":"https:\/\/staging6.peach-pump.com\/en\/wp-json\/wp\/v2\/product_tag?post=121927"}],"curies":[{"name":"wp","href":"https:\/\/api.w.org\/{rel}","templated":true}]}}