{"id":124300,"date":"2025-07-04T12:14:21","date_gmt":"2025-07-04T10:14:21","guid":{"rendered":"https:\/\/staging6.peach-pump.com\/products\/bijela-sportska-suknja-mali-prorez-2\/"},"modified":"2025-11-01T15:33:57","modified_gmt":"2025-11-01T13:33:57","slug":"bijela-sportska-suknja-mali-prorez-2","status":"publish","type":"product","link":"https:\/\/staging6.peach-pump.com\/hr\/products\/bijela-sportska-suknja-mali-prorez-2\/","title":{"rendered":"Bijela sportska suknja s malim prorezom i sivim obrubom"},"content":{"rendered":"<p>Bijela sportska suknja s malim prorezom, sivim obrubom i donjim tajicama s bo\u010dnim d\u017eepovima. Suknja ima svijetlosivi diskretan obrub na rubovima i elastiku koja ste\u017ee struk, ima natpis \u201ePeach Pump\u201c na stra\u017enjoj strani i toplinski zape\u010da\u0107eni logo na prednjoj lijevoj strani. Model ima struk iznad pupka, oblikuje siluetu, a umetak ispod suknje daje potpunu slobodu pokreta dok vje\u017ebate svoj omiljeni sport. D\u017eepovi na tajicama su duboki i lako mo\u017eete staviti telefon. Suknja je prikladna za \u0161etnju parkom, fitness, tenis ili odbojku. Model mo\u017eete kombinirati sa sportskim grudnjakom iz na\u0161e kolekcije u istom dezenu.     <\/p>\n<ul>\n<li>Visok struk<\/li>\n<li>Diskretni prorez<\/li>\n<li>Donje tajice s bo\u010dnim d\u017eepovima<\/li>\n<li>Natpis &#8220;Peach Pump&#8221; na stra\u017enjoj strani elasti\u010dne trake<\/li>\n<li>Toplinski zape\u010da\u0107eni logo &#8220;Peach Pump&#8221; na prednjoj strani suknje<\/li>\n<li>Materijal koji ne zadr\u017eava vlagu u tijelu<\/li>\n<\/ul>\n<p>Sastav: 70% najlon 30% spandex<\/p>\n<p>Suknja se mo\u017ee prati na temperaturi do 30 stupnjeva, molimo vas da ne koristite izbjeljiva\u010d ili kemijsko \u010di\u0161\u0107enje.<\/p>\n<p>Model na fotografiji je visok 179 cm, te\u017eak 58 kg i nosi veli\u010dinu M.<\/p>\n","protected":false},"excerpt":{"rendered":"<p>Bijela sportska suknja s malim prorezom, sivim obrubom i donjim tajicama s bo\u010dnim d\u017eepovima. Suknja ima svijetlosivi diskretan obrub na rubovima i elastiku koja ste\u017ee struk, ima natpis \u201ePeach Pump\u201c na stra\u017enjoj strani i toplinski zape\u010da\u0107eni logo na prednjoj lijevoj strani. Model ima struk iznad pupka, oblikuje siluetu, a umetak ispod suknje daje potpunu slobodu [&hellip;]<\/p>\n","protected":false},"featured_media":123324,"comment_status":"open","ping_status":"closed","template":"","meta":[],"product_brand":[],"product_cat":[196,1174,195],"product_tag":[],"class_list":{"0":"post-124300","1":"product","2":"type-product","3":"status-publish","4":"has-post-thumbnail","6":"product_cat-kratke-tajice","7":"product_cat-sportske-haljine-i-suknje","8":"product_cat-tajice-s-dzepovima","9":"pa_cviat-bijel","10":"pa_razmer-l-hr","11":"pa_razmer-m-hr","12":"pa_razmer-s-hr-2","13":"inventories-world","15":"first","16":"instock","17":"taxable","18":"shipping-taxable","19":"purchasable","20":"product-type-variable"},"_links":{"self":[{"href":"https:\/\/staging6.peach-pump.com\/hr\/wp-json\/wp\/v2\/product\/124300","targetHints":{"allow":["GET"]}}],"collection":[{"href":"https:\/\/staging6.peach-pump.com\/hr\/wp-json\/wp\/v2\/product"}],"about":[{"href":"https:\/\/staging6.peach-pump.com\/hr\/wp-json\/wp\/v2\/types\/product"}],"replies":[{"embeddable":true,"href":"https:\/\/staging6.peach-pump.com\/hr\/wp-json\/wp\/v2\/comments?post=124300"}],"version-history":[{"count":0,"href":"https:\/\/staging6.peach-pump.com\/hr\/wp-json\/wp\/v2\/product\/124300\/revisions"}],"wp:featuredmedia":[{"embeddable":true,"href":"https:\/\/staging6.peach-pump.com\/hr\/wp-json\/wp\/v2\/media\/123324"}],"wp:attachment":[{"href":"https:\/\/staging6.peach-pump.com\/hr\/wp-json\/wp\/v2\/media?parent=124300"}],"wp:term":[{"taxonomy":"product_brand","embeddable":true,"href":"https:\/\/staging6.peach-pump.com\/hr\/wp-json\/wp\/v2\/product_brand?post=124300"},{"taxonomy":"product_cat","embeddable":true,"href":"https:\/\/staging6.peach-pump.com\/hr\/wp-json\/wp\/v2\/product_cat?post=124300"},{"taxonomy":"product_tag","embeddable":true,"href":"https:\/\/staging6.peach-pump.com\/hr\/wp-json\/wp\/v2\/product_tag?post=124300"}],"curies":[{"name":"wp","href":"https:\/\/api.w.org\/{rel}","templated":true}]}}