{"id":124311,"date":"2025-07-04T14:17:53","date_gmt":"2025-07-04T12:17:53","guid":{"rendered":"https:\/\/staging6.peach-pump.com\/products\/plavi-sportski-grudnjak-v-dekolte\/"},"modified":"2025-11-01T15:27:13","modified_gmt":"2025-11-01T13:27:13","slug":"plavi-sportski-grudnjak-v-dekolte","status":"publish","type":"product","link":"https:\/\/staging6.peach-pump.com\/hr\/products\/plavi-sportski-grudnjak-v-dekolte\/","title":{"rendered":"Plavi sportski grudnjak s V-dekolteom i bijelim obrubom"},"content":{"rendered":"<p>Plavi sportski grudnjak s V-dekolteom i bijelim obrubom koji se mo\u017ee skupiti. Model ima super push-up podsava koja se mo\u017ee skinuti. Materijal grudnjaka je izuzetno mekan i elasti\u010dan te ne zadr\u017eava vlagu u tijelu, pogodan je za tr\u010danje, fitness, jogu, tenis ili druge vrste sporta. Ispod poprsja nalazi se \u0161iroka elastika koja pru\u017ea udobnost i slobodu pokreta. Dizajn modela je vrlo aktualan, dostupan je u nekoliko boja i mo\u017ee se kombinirati s kratkom suknjom ili tajicama. Na prednjoj i stra\u017enjoj strani grudnjaka nalazi se termi\u010dki zape\u010da\u0107eni bijeli logo.     <\/p>\n<ul>\n<li>Zanimljiv dizajn<\/li>\n<li>Duboki V-dekolte<\/li>\n<li>Super push-up podstava koja se mo\u017ee skinuti<\/li>\n<li>\u0160iroka elastika ispod poprsja<\/li>\n<li>Toplinski zape\u010da\u0107eni logo &#8220;Peach Pump&#8221; na prednjoj i stra\u017enjoj strani grudnjaka<\/li>\n<li>Materijal koji ne zadr\u017eava vlagu u tijelu<\/li>\n<\/ul>\n<p>Sastav: 70% poliester 30% elastan<\/p>\n<p>Grudnjak se mo\u017ee prati na temperaturi do 30 stupnjeva, molimo nemojte koristiti izbjeljiva\u010d niti kemijsko \u010di\u0161\u0107enje.<\/p>\n<p>Model na fotografiji je visok 179 cm, te\u017eak 58 kg i nosi veli\u010dinu M.<\/p>\n<p>Koristite tablice za odabir to\u010dne veli\u010dine.<\/p>\n","protected":false},"excerpt":{"rendered":"<p>Plavi sportski grudnjak s V-dekolteom i bijelim obrubom koji se mo\u017ee skupiti. Model ima super push-up podsava koja se mo\u017ee skinuti. Materijal grudnjaka je izuzetno mekan i elasti\u010dan te ne zadr\u017eava vlagu u tijelu, pogodan je za tr\u010danje, fitness, jogu, tenis ili druge vrste sporta. Ispod poprsja nalazi se \u0161iroka elastika koja pru\u017ea udobnost i [&hellip;]<\/p>\n","protected":false},"featured_media":133401,"comment_status":"open","ping_status":"closed","template":"","meta":[],"product_brand":[],"product_cat":[341],"product_tag":[],"class_list":{"0":"post-124311","1":"product","2":"type-product","3":"status-publish","4":"has-post-thumbnail","6":"product_cat-sportski-grudnjaci","7":"pa_cviat-plava","8":"pa_razmer-l-hr","9":"pa_razmer-m-hr","10":"pa_razmer-s-hr-2","11":"inventories-world","13":"first","14":"instock","15":"taxable","16":"shipping-taxable","17":"purchasable","18":"product-type-variable"},"_links":{"self":[{"href":"https:\/\/staging6.peach-pump.com\/en\/wp-json\/wp\/v2\/product\/124311","targetHints":{"allow":["GET"]}}],"collection":[{"href":"https:\/\/staging6.peach-pump.com\/en\/wp-json\/wp\/v2\/product"}],"about":[{"href":"https:\/\/staging6.peach-pump.com\/en\/wp-json\/wp\/v2\/types\/product"}],"replies":[{"embeddable":true,"href":"https:\/\/staging6.peach-pump.com\/en\/wp-json\/wp\/v2\/comments?post=124311"}],"version-history":[{"count":0,"href":"https:\/\/staging6.peach-pump.com\/en\/wp-json\/wp\/v2\/product\/124311\/revisions"}],"wp:featuredmedia":[{"embeddable":true,"href":"https:\/\/staging6.peach-pump.com\/en\/wp-json\/wp\/v2\/media\/133401"}],"wp:attachment":[{"href":"https:\/\/staging6.peach-pump.com\/en\/wp-json\/wp\/v2\/media?parent=124311"}],"wp:term":[{"taxonomy":"product_brand","embeddable":true,"href":"https:\/\/staging6.peach-pump.com\/en\/wp-json\/wp\/v2\/product_brand?post=124311"},{"taxonomy":"product_cat","embeddable":true,"href":"https:\/\/staging6.peach-pump.com\/en\/wp-json\/wp\/v2\/product_cat?post=124311"},{"taxonomy":"product_tag","embeddable":true,"href":"https:\/\/staging6.peach-pump.com\/en\/wp-json\/wp\/v2\/product_tag?post=124311"}],"curies":[{"name":"wp","href":"https:\/\/api.w.org\/{rel}","templated":true}]}}