{"id":126892,"date":"2025-08-02T14:35:31","date_gmt":"2025-08-02T12:35:31","guid":{"rendered":"https:\/\/staging6.peach-pump.com\/products\/kratka-sportska-haljina-crna\/"},"modified":"2025-11-10T17:02:31","modified_gmt":"2025-11-10T15:02:31","slug":"kratka-sportska-haljina-crna","status":"publish","type":"product","link":"https:\/\/staging6.peach-pump.com\/hr\/products\/kratka-sportska-haljina-crna\/","title":{"rendered":"Crna kratka sportska haljina s tajicama i bijelim obrubom"},"content":{"rendered":"<p>Crna kratka sportska haljina s tajicama i bijelim obrubom na krajevima. Model ima uklonjivu postavu s efektom podizanja. Haljina ima izrezane detalje u podru\u010dju struka, \u0161to je opti\u010dki smanjuje i daje siluetu \u201epje\u0161\u010danog sata\u201c. Haljina je kra\u0107i model, ali ima tajice na donjem dijelu, \u0161to \u0107e vam dati potpunu slobodu kretanja. Model je prikladan za tenis, fitness ili \u0161etnju parkom, jer s njim ne mo\u017eete pro\u0107i nezapa\u017eeno.    <\/p>\n<ul>\n<li>Kratki model<\/li>\n<li>Donje tajice<\/li>\n<li>Podstava s lifting efektom<\/li>\n<li>Bijeli rub<\/li>\n<li>Elasti\u010dna tkanina<\/li>\n<li>Toplinski zape\u010da\u0107eni logo &#8220;Peach Pump&#8221; na stra\u017enjoj strani<\/li>\n<li>Termi\u010dki zape\u010da\u0107eni logo &#8220;Peach Pump&#8221; na prednjoj strani haljine ispod poprsja<\/li>\n<li>Otvori na struku<\/li>\n<li>Materijal koji odvodi vlagu od tijela<\/li>\n<\/ul>\n<p>Sastav: 92% najlon; 8% spandeksa<\/p>\n<p>Haljina se mo\u017ee prati na temperaturi do 30 stupnjeva, molimo vas da ne koristite izbjeljiva\u010d ili kemijsko \u010di\u0161\u0107enje.<\/p>\n<p>Model na fotografiji je visok 179 cm, te\u017eak 60 kg i nosi veli\u010dinu M.<\/p>\n<p>Koristite tablice za odabir to\u010dne veli\u010dine<\/p>\n","protected":false},"excerpt":{"rendered":"<p>Crna kratka sportska haljina s tajicama i bijelim obrubom na krajevima. Model ima uklonjivu postavu s efektom podizanja. Haljina ima izrezane detalje u podru\u010dju struka, \u0161to je opti\u010dki smanjuje i daje siluetu \u201epje\u0161\u010danog sata\u201c. Haljina je kra\u0107i model, ali ima tajice na donjem dijelu, \u0161to \u0107e vam dati potpunu slobodu kretanja. Model je prikladan za [&hellip;]<\/p>\n","protected":false},"featured_media":125940,"comment_status":"open","ping_status":"closed","template":"","meta":[],"product_brand":[],"product_cat":[342,1174],"product_tag":[],"class_list":{"0":"post-126892","1":"product","2":"type-product","3":"status-publish","4":"has-post-thumbnail","6":"product_cat-zenska-sportska-kombinacije","7":"product_cat-sportske-haljine-i-suknje","8":"pa_cviat-crno","9":"pa_razmer-m-hr","10":"pa_razmer-s-hr-2","11":"inventories-world","13":"first","14":"instock","15":"taxable","16":"shipping-taxable","17":"purchasable","18":"product-type-variable"},"_links":{"self":[{"href":"https:\/\/staging6.peach-pump.com\/en\/wp-json\/wp\/v2\/product\/126892","targetHints":{"allow":["GET"]}}],"collection":[{"href":"https:\/\/staging6.peach-pump.com\/en\/wp-json\/wp\/v2\/product"}],"about":[{"href":"https:\/\/staging6.peach-pump.com\/en\/wp-json\/wp\/v2\/types\/product"}],"replies":[{"embeddable":true,"href":"https:\/\/staging6.peach-pump.com\/en\/wp-json\/wp\/v2\/comments?post=126892"}],"version-history":[{"count":0,"href":"https:\/\/staging6.peach-pump.com\/en\/wp-json\/wp\/v2\/product\/126892\/revisions"}],"wp:featuredmedia":[{"embeddable":true,"href":"https:\/\/staging6.peach-pump.com\/en\/wp-json\/wp\/v2\/media\/125940"}],"wp:attachment":[{"href":"https:\/\/staging6.peach-pump.com\/en\/wp-json\/wp\/v2\/media?parent=126892"}],"wp:term":[{"taxonomy":"product_brand","embeddable":true,"href":"https:\/\/staging6.peach-pump.com\/en\/wp-json\/wp\/v2\/product_brand?post=126892"},{"taxonomy":"product_cat","embeddable":true,"href":"https:\/\/staging6.peach-pump.com\/en\/wp-json\/wp\/v2\/product_cat?post=126892"},{"taxonomy":"product_tag","embeddable":true,"href":"https:\/\/staging6.peach-pump.com\/en\/wp-json\/wp\/v2\/product_tag?post=126892"}],"curies":[{"name":"wp","href":"https:\/\/api.w.org\/{rel}","templated":true}]}}