{"id":126931,"date":"2025-07-29T11:50:52","date_gmt":"2025-07-29T09:50:52","guid":{"rendered":"https:\/\/staging6.peach-pump.com\/products\/bijela-sportska-suknja-set\/"},"modified":"2025-11-01T15:22:42","modified_gmt":"2025-11-01T13:22:42","slug":"bijela-sportska-suknja-set","status":"publish","type":"product","link":"https:\/\/staging6.peach-pump.com\/hr\/products\/bijela-sportska-suknja-set\/","title":{"rendered":"Bijela sportska suknja s dubokim prorezom i grudnjakom"},"content":{"rendered":"<p>Bijeli sportski set suknje s dubokim prorezom i donjim tajicama s bo\u010dnim d\u017eepovima. Suknja ima svijetlosivi obrub i sivu elastiku koja ste\u017ee struk, ima diskretan natpis \u201ePeach Pump\u201c straga i toplinski zape\u010da\u0107eni logo sprijeda lijevo. Model je sa strukom iznad pupka i prorez koji izdu\u017euje noge, a tajice ispod suknje daju potpunu slobodu pokreta dok vje\u017ebate svoj omiljeni sport. D\u017eepovi tajica su duboki i lako mo\u017eete staviti telefon. Grudnjak ima sivi obrub ispod poprsja i podesive naramenice. Model ima super push-up podstavu. koja se mo\u017ee skinuti. Materijal grudnjaka je izuzetno mekan i elasti\u010dan te ne zadr\u017eava vlagu u tijelu, pogodan je za tr\u010danje, fitness, jogu, tenis ili druge vrste sportova. Na prednjoj i stra\u017enjoj strani grudnjaka nalazi se toplinski zalijepljeni sivi logo. Set je pogodan za \u0161etnju parkom, fitness, tenis ili odbojku.<\/p>\n<p>O sportskom grudnjaku:<\/p>\n<ul>\n<li>Zanimljiv dizajn<\/li>\n<li>Podesive naramenice<\/li>\n<li>Super push-up podstava koja se mo\u017ee skinuti<\/li>\n<li>Toplinski zape\u010da\u0107eni logo &#8220;Peach Pump&#8221; na prednjoj i stra\u017enjoj strani grudnjaka<\/li>\n<li>Materijal koji ne zadr\u017eava vlagu u tijelu<\/li>\n<\/ul>\n<p>O suknji:<\/p>\n<ul>\n<li>Visok struk<\/li>\n<li>Duboki prorez<\/li>\n<li>Donje tajice s bo\u010dnim d\u017eepovima<\/li>\n<li>Diskretan natpis &#8220;Peach Pump&#8221; na stra\u017enjoj strani elasti\u010dne trake<\/li>\n<li>Toplinski zape\u010da\u0107eni logo &#8220;Peach Pump&#8221; na prednjoj strani suknje<\/li>\n<li>Materijal koji ne zadr\u017eava vlagu u tijelu<\/li>\n<\/ul>\n<p>Sastav: 70% najlon 30% spandex<\/p>\n<p>Suknja i grudnjak se mogu prati na temperaturi do 30 stupnjeva, molimo vas da ne koristite izbjeljiva\u010d ili kemijsko \u010di\u0161\u0107enje.<\/p>\n<p>Model na fotografiji je visok 168 cm, te\u017eak 54 kg i pozira u suknji veli\u010dine S i grudnjak veli\u010dine S.<\/p>\n","protected":false},"excerpt":{"rendered":"<p>Bijeli sportski set suknje s dubokim prorezom i donjim tajicama s bo\u010dnim d\u017eepovima. Suknja ima svijetlosivi obrub i sivu elastiku koja ste\u017ee struk, ima diskretan natpis \u201ePeach Pump\u201c straga i toplinski zape\u010da\u0107eni logo sprijeda lijevo. Model je sa strukom iznad pupka i prorez koji izdu\u017euje noge, a tajice ispod suknje daju potpunu slobodu pokreta dok [&hellip;]<\/p>\n","protected":false},"featured_media":125459,"comment_status":"open","ping_status":"closed","template":"","meta":[],"product_brand":[],"product_cat":[343,342],"product_tag":[],"class_list":{"0":"post-126931","1":"product","2":"type-product","3":"status-publish","4":"has-post-thumbnail","6":"product_cat-kratke-sportske-kombinacije","7":"product_cat-zenska-sportska-kombinacije","8":"pa_cviat-bijel","9":"inventories-world","11":"first","12":"instock","13":"taxable","14":"shipping-taxable","15":"purchasable","16":"product-type-yith_bundle"},"_links":{"self":[{"href":"https:\/\/staging6.peach-pump.com\/hr\/wp-json\/wp\/v2\/product\/126931","targetHints":{"allow":["GET"]}}],"collection":[{"href":"https:\/\/staging6.peach-pump.com\/hr\/wp-json\/wp\/v2\/product"}],"about":[{"href":"https:\/\/staging6.peach-pump.com\/hr\/wp-json\/wp\/v2\/types\/product"}],"replies":[{"embeddable":true,"href":"https:\/\/staging6.peach-pump.com\/hr\/wp-json\/wp\/v2\/comments?post=126931"}],"version-history":[{"count":0,"href":"https:\/\/staging6.peach-pump.com\/hr\/wp-json\/wp\/v2\/product\/126931\/revisions"}],"wp:featuredmedia":[{"embeddable":true,"href":"https:\/\/staging6.peach-pump.com\/hr\/wp-json\/wp\/v2\/media\/125459"}],"wp:attachment":[{"href":"https:\/\/staging6.peach-pump.com\/hr\/wp-json\/wp\/v2\/media?parent=126931"}],"wp:term":[{"taxonomy":"product_brand","embeddable":true,"href":"https:\/\/staging6.peach-pump.com\/hr\/wp-json\/wp\/v2\/product_brand?post=126931"},{"taxonomy":"product_cat","embeddable":true,"href":"https:\/\/staging6.peach-pump.com\/hr\/wp-json\/wp\/v2\/product_cat?post=126931"},{"taxonomy":"product_tag","embeddable":true,"href":"https:\/\/staging6.peach-pump.com\/hr\/wp-json\/wp\/v2\/product_tag?post=126931"}],"curies":[{"name":"wp","href":"https:\/\/api.w.org\/{rel}","templated":true}]}}