{"id":128429,"date":"2025-08-31T15:20:07","date_gmt":"2025-08-31T13:20:07","guid":{"rendered":"https:\/\/staging6.peach-pump.com\/products\/crna-majica-s-kapuljacom-i-patentnim-zatvaracem-kratka\/"},"modified":"2025-11-10T19:57:26","modified_gmt":"2025-11-10T17:57:26","slug":"crna-majica-s-kapuljacom-i-patentnim-zatvaracem-kratka","status":"publish","type":"product","link":"https:\/\/staging6.peach-pump.com\/hr\/products\/crna-majica-s-kapuljacom-i-patentnim-zatvaracem-kratka\/","title":{"rendered":"Kratka crna majica s kapulja\u010dom (skra\u0107eni kroj) i patentnim zatvara\u010dem"},"content":{"rendered":"<p>Kratka crna majica s patentnim zatvara\u010dem i kapulja\u010dom. Ovaj model ima skra\u0107eni kroj, nagla\u0161ava struk, ima izrezane detalje i daje izuzetno \u017eenstven i elegantan izgled. Majica ima zanimljiv detalj &#8211; mre\u017eastu tkaninu sa strane, koja daje sportski izgled i omogu\u0107uje ko\u017ei da di\u0161e. Ima prednji patentni zatvara\u010d s ugraviranim logom, \u0161iroku kapulja\u010du i vezice s natpisima \u201ePeach Pump\u201c du\u017e cijele duljine i metalne krajeve. Crna boja je univerzalna i lako se kombinira s tamnom ili svijetlom odje\u0107om.    <\/p>\n<p>Majica je izra\u0111ena od mekane, disajne tkanine koja pru\u017ea udobnost tijekom cijelog dana. Prikladna je za sportske vje\u017ebe, \u0161etnje i izlete, kao i za svakodnevnije urbane izglede. S ovom majicom izgledat \u0107ete svje\u017ee, moderno i istovremeno s osje\u0107ajem udobnosti, dostupna je u nekoliko boja koje su aktualne za sezonu.  <\/p>\n<ul>\n<li>Moderan dizajn s naglaskom na detalje<\/li>\n<li>Skra\u0107eni kroj koji nagla\u0161ava struk<\/li>\n<li>Patentni zatvara\u010d s ugraviranim logom<\/li>\n<li>Velika kapulja\u010da s vezicama i natpisom &#8220;Peach Pump&#8221; po cijeloj duljini<\/li>\n<li>Mre\u017easta tkanina sa strane koja omogu\u0107uje ko\u017ei da di\u0161e<\/li>\n<li>Vezeni logo na ramenu<\/li>\n<li>Izrezani detalji u podru\u010dju struka<\/li>\n<\/ul>\n<p>Sastav: 71% pamuk \/ 29% poliester<\/p>\n<p>Majica se mo\u017ee prati na temperaturi do 30 stupnjeva, molimo vas da ne koristite izbjeljiva\u010d ili kemijsko \u010di\u0161\u0107enje.<\/p>\n<p>Model na fotografiji je visok 179 cm, te\u017eak 57 kg i nosi veli\u010dinu S.<\/p>\n","protected":false},"excerpt":{"rendered":"<p>Kratka crna majica s patentnim zatvara\u010dem i kapulja\u010dom. Ovaj model ima skra\u0107eni kroj, nagla\u0161ava struk, ima izrezane detalje i daje izuzetno \u017eenstven i elegantan izgled. Majica ima zanimljiv detalj &#8211; mre\u017eastu tkaninu sa strane, koja daje sportski izgled i omogu\u0107uje ko\u017ei da di\u0161e. Ima prednji patentni zatvara\u010d s ugraviranim logom, \u0161iroku kapulja\u010du i vezice s [&hellip;]<\/p>\n","protected":false},"featured_media":127854,"comment_status":"open","ping_status":"closed","template":"","meta":[],"product_brand":[],"product_cat":[919,1119],"product_tag":[],"class_list":{"0":"post-128429","1":"product","2":"type-product","3":"status-publish","4":"has-post-thumbnail","6":"product_cat-zenske-jakne","7":"product_cat-zenske-majice-s-kapuljacom-hoodies","8":"pa_cviat-crno","9":"pa_razmer-m-hr","10":"pa_razmer-s-hr-2","11":"inventories-world","13":"first","14":"instock","15":"taxable","16":"shipping-taxable","17":"purchasable","18":"product-type-variable"},"_links":{"self":[{"href":"https:\/\/staging6.peach-pump.com\/hr\/wp-json\/wp\/v2\/product\/128429","targetHints":{"allow":["GET"]}}],"collection":[{"href":"https:\/\/staging6.peach-pump.com\/hr\/wp-json\/wp\/v2\/product"}],"about":[{"href":"https:\/\/staging6.peach-pump.com\/hr\/wp-json\/wp\/v2\/types\/product"}],"replies":[{"embeddable":true,"href":"https:\/\/staging6.peach-pump.com\/hr\/wp-json\/wp\/v2\/comments?post=128429"}],"version-history":[{"count":0,"href":"https:\/\/staging6.peach-pump.com\/hr\/wp-json\/wp\/v2\/product\/128429\/revisions"}],"wp:featuredmedia":[{"embeddable":true,"href":"https:\/\/staging6.peach-pump.com\/hr\/wp-json\/wp\/v2\/media\/127854"}],"wp:attachment":[{"href":"https:\/\/staging6.peach-pump.com\/hr\/wp-json\/wp\/v2\/media?parent=128429"}],"wp:term":[{"taxonomy":"product_brand","embeddable":true,"href":"https:\/\/staging6.peach-pump.com\/hr\/wp-json\/wp\/v2\/product_brand?post=128429"},{"taxonomy":"product_cat","embeddable":true,"href":"https:\/\/staging6.peach-pump.com\/hr\/wp-json\/wp\/v2\/product_cat?post=128429"},{"taxonomy":"product_tag","embeddable":true,"href":"https:\/\/staging6.peach-pump.com\/hr\/wp-json\/wp\/v2\/product_tag?post=128429"}],"curies":[{"name":"wp","href":"https:\/\/api.w.org\/{rel}","templated":true}]}}