{"id":128440,"date":"2025-08-03T11:32:06","date_gmt":"2025-08-03T09:32:06","guid":{"rendered":"https:\/\/staging6.peach-pump.com\/products\/crni-set-suknja-i-sportski-grudnjak\/"},"modified":"2025-11-01T15:19:39","modified_gmt":"2025-11-01T13:19:39","slug":"crni-set-suknja-i-sportski-grudnjak","status":"publish","type":"product","link":"https:\/\/staging6.peach-pump.com\/hr\/products\/crni-set-suknja-i-sportski-grudnjak\/","title":{"rendered":"Crna sportska suknja i sportski grudnjak s prekri\u017eenim le\u0111ima"},"content":{"rendered":"<p>Crni teniski kompet od sportske suknje s prorezom i donjim tajicama s bo\u010dnim d\u017eepovima i grudnjak s prekri\u017eenim naramenicama. Suknja ima diskretan bijeli obrub na rubovima i elasti\u010dnu traku koja ste\u017ee struk, natpis \u201ePeach Pump\u201c na stra\u017enjoj strani i toplinski zape\u010da\u0107eni logo na prednjoj lijevoj strani. Model je sa strukom iznad pupka, oblikuje siluetu, a tajice ispod suknje daju potpunu slobodu kretanja dok vje\u017ebate svoj omiljeni sport. D\u017eepovi na umetku su duboki i lako mo\u017eete staviti telefon.   <\/p>\n<p>Grudnjak ima prekri\u017eene naramenice u bijeloj i crnoj boji. Model grudnjaka je izrezan i ima super push-up podstavu koja se mo\u017ee skinuti. Materijal je izuzetno mekan i elasti\u010dan, ne zadr\u017eava vlagu u tijelu, pogodan je za tr\u010danje, fitness, jogu, tenis ili druge vrste sporta. Dizajn modela je vrlo relevantan za ljeto, dostupan je u nekoliko boja i mo\u017ee se kombinirati s kratkom suknjom ili tajicama. Na prednjoj strani grudnjaka nalazi se termi\u010dki zape\u010da\u0107eni bijeli logo. Komplet je prikladan za \u0161etnju parkom, fitness, tenis ili odbojku.     <\/p>\n<p>O sportskom grudnjaku:<\/p>\n<ul>\n<li>Zanimljiv dizajn<\/li>\n<li>Prekri\u017eene naramenice na le\u0111ima<\/li>\n<li>Super push-up podstava koja se mo\u017ee skinuti<\/li>\n<li>Toplinski zape\u010da\u0107eni logotip &#8220;Peach Pump&#8221; na prednjoj strani grudnjaka<\/li>\n<li>Materijal koji ne zadr\u017eava vlagu u tijelu<\/li>\n<\/ul>\n<p>O suknji:<\/p>\n<ul>\n<li>Visok struk<\/li>\n<li>Diskretni prorez<\/li>\n<li>Donje tajice s bo\u010dnim d\u017eepovima<\/li>\n<li>Natpis &#8220;Peach Pump&#8221; na stra\u017enjoj strani elasti\u010dne trake<\/li>\n<li>Toplinski zape\u010da\u0107eni logo &#8220;Peach Pump&#8221; na prednjoj strani suknje<\/li>\n<li>Materijal koji ne zadr\u017eava vlagu u tijelu<\/li>\n<\/ul>\n<p>Sastav: 70% najlon 30% spandex<\/p>\n<p>Suknja i grudnjak se mogu prati na temperaturi do 30 stupnjeva, molimo vas da ne koristite izbjeljiva\u010d ili kemijsko \u010di\u0161\u0107enje.<\/p>\n<p>Model na fotografiji je visok 169 cm, te\u017eak 53 kg i pozira u suknji veli\u010dine S i grudnjak veli\u010dine S.<\/p>\n","protected":false},"excerpt":{"rendered":"<p>Crni teniski kompet od sportske suknje s prorezom i donjim tajicama s bo\u010dnim d\u017eepovima i grudnjak s prekri\u017eenim naramenicama. Suknja ima diskretan bijeli obrub na rubovima i elasti\u010dnu traku koja ste\u017ee struk, natpis \u201ePeach Pump\u201c na stra\u017enjoj strani i toplinski zape\u010da\u0107eni logo na prednjoj lijevoj strani. Model je sa strukom iznad pupka, oblikuje siluetu, a [&hellip;]<\/p>\n","protected":false},"featured_media":126188,"comment_status":"open","ping_status":"closed","template":"","meta":[],"product_brand":[],"product_cat":[343,342],"product_tag":[],"class_list":{"0":"post-128440","1":"product","2":"type-product","3":"status-publish","4":"has-post-thumbnail","6":"product_cat-kratke-sportske-kombinacije","7":"product_cat-zenska-sportska-kombinacije","8":"pa_cviat-crno","9":"inventories-world","11":"first","12":"instock","13":"taxable","14":"shipping-taxable","15":"purchasable","16":"product-type-simple"},"_links":{"self":[{"href":"https:\/\/staging6.peach-pump.com\/hr\/wp-json\/wp\/v2\/product\/128440","targetHints":{"allow":["GET"]}}],"collection":[{"href":"https:\/\/staging6.peach-pump.com\/hr\/wp-json\/wp\/v2\/product"}],"about":[{"href":"https:\/\/staging6.peach-pump.com\/hr\/wp-json\/wp\/v2\/types\/product"}],"replies":[{"embeddable":true,"href":"https:\/\/staging6.peach-pump.com\/hr\/wp-json\/wp\/v2\/comments?post=128440"}],"version-history":[{"count":0,"href":"https:\/\/staging6.peach-pump.com\/hr\/wp-json\/wp\/v2\/product\/128440\/revisions"}],"wp:featuredmedia":[{"embeddable":true,"href":"https:\/\/staging6.peach-pump.com\/hr\/wp-json\/wp\/v2\/media\/126188"}],"wp:attachment":[{"href":"https:\/\/staging6.peach-pump.com\/hr\/wp-json\/wp\/v2\/media?parent=128440"}],"wp:term":[{"taxonomy":"product_brand","embeddable":true,"href":"https:\/\/staging6.peach-pump.com\/hr\/wp-json\/wp\/v2\/product_brand?post=128440"},{"taxonomy":"product_cat","embeddable":true,"href":"https:\/\/staging6.peach-pump.com\/hr\/wp-json\/wp\/v2\/product_cat?post=128440"},{"taxonomy":"product_tag","embeddable":true,"href":"https:\/\/staging6.peach-pump.com\/hr\/wp-json\/wp\/v2\/product_tag?post=128440"}],"curies":[{"name":"wp","href":"https:\/\/api.w.org\/{rel}","templated":true}]}}