{"id":132654,"date":"2025-09-27T12:13:11","date_gmt":"2025-09-27T10:13:11","guid":{"rendered":"https:\/\/staging6.peach-pump.com\/products\/ruzicasta-majica-patentni-zatvarac\/"},"modified":"2025-11-10T12:06:24","modified_gmt":"2025-11-10T10:06:24","slug":"ruzicasta-majica-patentni-zatvarac","status":"publish","type":"product","link":"https:\/\/staging6.peach-pump.com\/hr\/products\/ruzicasta-majica-patentni-zatvarac\/","title":{"rendered":"Ru\u017ei\u010dasta majica s patentnim zatvara\u010dem i natpisom Peach Pump"},"content":{"rendered":"<p>Ru\u017ei\u010dasta majica s patentnim zatvara\u010dem i natpisima \u201ePeach Pump\u201c po cijeloj duljini. Model ima visoki ovratnik, rukave s otvorima za pal\u010deve, prednji klokanski d\u017eep i izvezeni 3D logo \u201ePeach Pump\u201c na ramenu. Kroj je \u0161irok, ima elastiku koja ste\u017ee struk. Majica je izra\u0111ena od disajnog materijala koji ne zadr\u017eava vlagu u tijelu, pogodna je za tr\u010danje, vje\u017ebanje i anaerobni trening za \u0161etnju ili park. Mo\u017ee se kombinirati s tajicama i \u0161ilterskom kapom, za savr\u0161en zavr\u0161etak va\u0161e Peach Pump odjevne kombinacije.    <\/p>\n<ul>\n<li>Visoki ovratnik s patentnim zatvara\u010dem i natpisom &#8220;Peach Pump&#8221; po duljini<\/li>\n<li>Slobodan kroj<\/li>\n<li>Elasti\u010dna gumica za pritezanje struka<\/li>\n<li>Prednji d\u017eep<\/li>\n<li>Rukavi s otvorima za pal\u010deve<\/li>\n<li>3D izvezen logo &#8220;Peach Pump&#8221; na ramenu<\/li>\n<li>Materijal koji ne zadr\u017eava vlagu u tijelu<\/li>\n<\/ul>\n<p>Sastav: 74% pamuk \/ 20% poliester \/ 6% spandex<\/p>\n<p>Majica se mo\u017ee prati na temperaturi do 30 stupnjeva, nemojte koristiti izbjeljiva\u010d ili kemijsko \u010di\u0161\u0107enje.<\/p>\n<p>Manekenka na fotografiji je visoka 170 cm, te\u0161ka 49 kg i nosi veli\u010dinu S.<\/p>\n","protected":false},"excerpt":{"rendered":"<p>Ru\u017ei\u010dasta majica s patentnim zatvara\u010dem i natpisima \u201ePeach Pump\u201c po cijeloj duljini. Model ima visoki ovratnik, rukave s otvorima za pal\u010deve, prednji klokanski d\u017eep i izvezeni 3D logo \u201ePeach Pump\u201c na ramenu. Kroj je \u0161irok, ima elastiku koja ste\u017ee struk. Majica je izra\u0111ena od disajnog materijala koji ne zadr\u017eava vlagu u tijelu, pogodna je za [&hellip;]<\/p>\n","protected":false},"featured_media":130153,"comment_status":"open","ping_status":"closed","template":"","meta":[],"product_brand":[],"product_cat":[340,1119],"product_tag":[],"class_list":{"0":"post-132654","1":"product","2":"type-product","3":"status-publish","4":"has-post-thumbnail","6":"product_cat-zenske-bluze-sportske","7":"product_cat-zenske-majice-s-kapuljacom-hoodies","8":"pa_cviat-ruzicasta","9":"pa_razmer-m-hr","10":"pa_razmer-s-hr-2","11":"inventories-world","13":"first","14":"instock","15":"taxable","16":"shipping-taxable","17":"purchasable","18":"product-type-variable"},"_links":{"self":[{"href":"https:\/\/staging6.peach-pump.com\/hr\/wp-json\/wp\/v2\/product\/132654","targetHints":{"allow":["GET"]}}],"collection":[{"href":"https:\/\/staging6.peach-pump.com\/hr\/wp-json\/wp\/v2\/product"}],"about":[{"href":"https:\/\/staging6.peach-pump.com\/hr\/wp-json\/wp\/v2\/types\/product"}],"replies":[{"embeddable":true,"href":"https:\/\/staging6.peach-pump.com\/hr\/wp-json\/wp\/v2\/comments?post=132654"}],"version-history":[{"count":0,"href":"https:\/\/staging6.peach-pump.com\/hr\/wp-json\/wp\/v2\/product\/132654\/revisions"}],"wp:featuredmedia":[{"embeddable":true,"href":"https:\/\/staging6.peach-pump.com\/hr\/wp-json\/wp\/v2\/media\/130153"}],"wp:attachment":[{"href":"https:\/\/staging6.peach-pump.com\/hr\/wp-json\/wp\/v2\/media?parent=132654"}],"wp:term":[{"taxonomy":"product_brand","embeddable":true,"href":"https:\/\/staging6.peach-pump.com\/hr\/wp-json\/wp\/v2\/product_brand?post=132654"},{"taxonomy":"product_cat","embeddable":true,"href":"https:\/\/staging6.peach-pump.com\/hr\/wp-json\/wp\/v2\/product_cat?post=132654"},{"taxonomy":"product_tag","embeddable":true,"href":"https:\/\/staging6.peach-pump.com\/hr\/wp-json\/wp\/v2\/product_tag?post=132654"}],"curies":[{"name":"wp","href":"https:\/\/api.w.org\/{rel}","templated":true}]}}