{"id":34563,"date":"2023-03-02T14:57:01","date_gmt":"2023-03-02T12:57:01","guid":{"rendered":"https:\/\/staging6.peach-pump.com\/products\/besavne-zenske-tajice-u-zasiceno-narancastoj-boji\/"},"modified":"2025-11-04T17:08:37","modified_gmt":"2025-11-04T15:08:37","slug":"besavne-zenske-tajice-narancaste","status":"publish","type":"product","link":"https:\/\/staging6.peach-pump.com\/hr\/products\/besavne-zenske-tajice-narancaste\/","title":{"rendered":"Be\u0161avne \u017eenske tajice u zasi\u0107eno naran\u010dastoj boji"},"content":{"rendered":"<p>\u017denske be\u0161avne tajice visokog struka u zasi\u0107eno naran\u010dastoj boji. Model je izra\u0111en od elasti\u010dne, disajne tkanine, oblikuje tijelo s Peach Pump efektom. Pogodan je za sna\u017ene i aerobne vje\u017ebe. Tajice imaju \u0161iroki pojas koji nje\u017eno ste\u017ee i oblikuje struk, a dostupne su u nekoliko prekrasnih boja.  <\/p>\n<ul>\n<li> Visok struk<\/li>\n<li> Tkanina bez \u0161avova<\/li>\n<li> Podi\u017ee, oblikuje, prikriva problemati\u010dna podru\u010dja<\/li>\n<li> Rips pojas koji omotava ki\u010dmu<\/li>\n<li> Peachy efekt<\/li>\n<li> Bez \u0161avova sprijeda<\/li>\n<li> Toplinski zape\u010da\u0107eni logo Peach Pump na stra\u017enjoj strani tajice<\/li>\n<li> Tehnologija za odvo\u0111enje znoja<\/li>\n<\/ul>\n<p>  Sastav 80% poliester 20% elastan Wedge se mo\u017ee prati na temperaturi do 30 stupnjeva, nemojte izbjeljivati \u200b\u200bniti \u010distiti na kemijsko pranje. Model na fotografiji je visok 178 cm, te\u017eak 54 kg i nosi veli\u010dinu M (wedge je u\u017ei tkanina) Koristite tablice za odabir to\u010dne veli\u010dine  \t\t<div id=\"sbi_mod_error\" >\n\t\t\t<span>This error message is only visible to WordPress admins<\/span><br\/>\n\t\t\t<p><strong>Error: No connected account.<\/strong>\n\t\t\t<p>Please go to the Instagram Feed settings page to connect an account.<\/p>\n\t\t<\/div>\n\t\t<\/p>\n","protected":false},"excerpt":{"rendered":"<p>\u017denske be\u0161avne tajice visokog struka u zasi\u0107eno naran\u010dastoj boji. Model je izra\u0111en od elasti\u010dne, disajne tkanine, oblikuje tijelo s Peach Pump efektom. Pogodan je za sna\u017ene i aerobne vje\u017ebe. Tajice imaju \u0161iroki pojas koji nje\u017eno ste\u017ee i oblikuje struk, a dostupne su u nekoliko prekrasnih boja. Visok struk Tkanina bez \u0161avova Podi\u017ee, oblikuje, prikriva problemati\u010dna [&hellip;]<\/p>\n","protected":false},"featured_media":30568,"comment_status":"open","ping_status":"closed","template":"","meta":[],"product_brand":[],"product_cat":[136,293],"product_tag":[],"class_list":{"0":"post-34563","1":"product","2":"type-product","3":"status-publish","4":"has-post-thumbnail","6":"product_cat-zenske-sportske-tajice","7":"product_cat-zenske-tajice-duge","8":"pa_cviat-naranca","9":"pa_razmer-l-hr","10":"pa_razmer-m-hr","11":"pa_razmer-s-hr-2","12":"inventories-world","13":"inventories-uk","15":"first","16":"instock","17":"taxable","18":"shipping-taxable","19":"purchasable","20":"product-type-variable"},"_links":{"self":[{"href":"https:\/\/staging6.peach-pump.com\/hr\/wp-json\/wp\/v2\/product\/34563","targetHints":{"allow":["GET"]}}],"collection":[{"href":"https:\/\/staging6.peach-pump.com\/hr\/wp-json\/wp\/v2\/product"}],"about":[{"href":"https:\/\/staging6.peach-pump.com\/hr\/wp-json\/wp\/v2\/types\/product"}],"replies":[{"embeddable":true,"href":"https:\/\/staging6.peach-pump.com\/hr\/wp-json\/wp\/v2\/comments?post=34563"}],"version-history":[{"count":0,"href":"https:\/\/staging6.peach-pump.com\/hr\/wp-json\/wp\/v2\/product\/34563\/revisions"}],"wp:featuredmedia":[{"embeddable":true,"href":"https:\/\/staging6.peach-pump.com\/hr\/wp-json\/wp\/v2\/media\/30568"}],"wp:attachment":[{"href":"https:\/\/staging6.peach-pump.com\/hr\/wp-json\/wp\/v2\/media?parent=34563"}],"wp:term":[{"taxonomy":"product_brand","embeddable":true,"href":"https:\/\/staging6.peach-pump.com\/hr\/wp-json\/wp\/v2\/product_brand?post=34563"},{"taxonomy":"product_cat","embeddable":true,"href":"https:\/\/staging6.peach-pump.com\/hr\/wp-json\/wp\/v2\/product_cat?post=34563"},{"taxonomy":"product_tag","embeddable":true,"href":"https:\/\/staging6.peach-pump.com\/hr\/wp-json\/wp\/v2\/product_tag?post=34563"}],"curies":[{"name":"wp","href":"https:\/\/api.w.org\/{rel}","templated":true}]}}