{"id":34747,"date":"2022-09-25T11:10:21","date_gmt":"2022-09-25T09:10:21","guid":{"rendered":"https:\/\/staging6.peach-pump.com\/products\/besavni-crni-sportski-grudnjak-s-ugradenom-podstavom\/"},"modified":"2025-11-03T18:47:11","modified_gmt":"2025-11-03T16:47:11","slug":"besavni-crni-sportski-grudnjak-podstava","status":"publish","type":"product","link":"https:\/\/staging6.peach-pump.com\/hr\/products\/besavni-crni-sportski-grudnjak-podstava\/","title":{"rendered":"Be\u0161avni crni sportski grudnjak s ugra\u0111enom podstavom"},"content":{"rendered":"<p>Be\u0161avni crni sportski grudnjak s ugra\u0111enom podstavom koja se ne mo\u017ee ukloniti. Model je izra\u0111en od elasti\u010dnog, prozra\u010dnog materijala koji uklanja znoj s tijela i ne ostavlja mrlje.  Sportski grudnjak se mo\u017ee nositi ispod odje\u0107e, bluze, d\u017eempera ili jakne, njegov dizajn je neprimjetan, a osje\u0107at \u0107ete potpunu udobnost i slobodu kretanja. Veli\u010dina je univerzalna, ima kop\u010danje u 4 razine i \u0161iroku gumicu. Model je dostupan u razli\u010ditim bojama, mo\u017eete ga kombinirati s tajicama iste ili druge boje. Pogledajte u rubriku &#8211; &#8220;Sportski kompleti&#8221;. <\/p>\n<ul>\n<li> Ugra\u0111ena podstava<\/li>\n<li> Push-up efekt<\/li>\n<li> Duboko izrezan stra\u017enji dio.<\/li>\n<li> Velika elasti\u010dnost<\/li>\n<li> \u010cetverorazinsko kop\u010danje<\/li>\n<li> Toplinski zape\u010da\u0107eni logo Peach Pump na bo\u010dnoj strani grudnjaka<\/li>\n<li> Tehnologija za odvo\u0111enje znoja<\/li>\n<\/ul>\n<p> Sastav: 80% poliester 20% elastan. Grudnjak se mo\u017ee prati na temperaturi do 30 stupnjeva, molimo nemojte koristiti izbjeljiva\u010d niti kemijsko \u010di\u0161\u0107enje. Model na fotografiji je visok 178 cm, te\u017eak 54 kg i nosi veli\u010dinu M. Molimo koristite tablicu veli\u010dina za odabir to\u010dne veli\u010dine.<\/p>\n","protected":false},"excerpt":{"rendered":"<p>Be\u0161avni crni sportski grudnjak s ugra\u0111enom podstavom koja se ne mo\u017ee ukloniti. Model je izra\u0111en od elasti\u010dnog, prozra\u010dnog materijala koji uklanja znoj s tijela i ne ostavlja mrlje. Sportski grudnjak se mo\u017ee nositi ispod odje\u0107e, bluze, d\u017eempera ili jakne, njegov dizajn je neprimjetan, a osje\u0107at \u0107ete potpunu udobnost i slobodu kretanja. Veli\u010dina je univerzalna, ima [&hellip;]<\/p>\n","protected":false},"featured_media":20667,"comment_status":"open","ping_status":"closed","template":"","meta":[],"product_brand":[],"product_cat":[341],"product_tag":[],"class_list":{"0":"post-34747","1":"product","2":"type-product","3":"status-publish","4":"has-post-thumbnail","6":"product_cat-sportski-grudnjaci","7":"pa_cviat-crno","8":"pa_razmer-l-hr","9":"pa_razmer-m-hr","10":"pa_razmer-s-hr-2","11":"inventories-world","12":"inventories-uk","14":"first","15":"instock","16":"taxable","17":"shipping-taxable","18":"purchasable","19":"product-type-variable"},"_links":{"self":[{"href":"https:\/\/staging6.peach-pump.com\/hr\/wp-json\/wp\/v2\/product\/34747","targetHints":{"allow":["GET"]}}],"collection":[{"href":"https:\/\/staging6.peach-pump.com\/hr\/wp-json\/wp\/v2\/product"}],"about":[{"href":"https:\/\/staging6.peach-pump.com\/hr\/wp-json\/wp\/v2\/types\/product"}],"replies":[{"embeddable":true,"href":"https:\/\/staging6.peach-pump.com\/hr\/wp-json\/wp\/v2\/comments?post=34747"}],"version-history":[{"count":0,"href":"https:\/\/staging6.peach-pump.com\/hr\/wp-json\/wp\/v2\/product\/34747\/revisions"}],"wp:featuredmedia":[{"embeddable":true,"href":"https:\/\/staging6.peach-pump.com\/hr\/wp-json\/wp\/v2\/media\/20667"}],"wp:attachment":[{"href":"https:\/\/staging6.peach-pump.com\/hr\/wp-json\/wp\/v2\/media?parent=34747"}],"wp:term":[{"taxonomy":"product_brand","embeddable":true,"href":"https:\/\/staging6.peach-pump.com\/hr\/wp-json\/wp\/v2\/product_brand?post=34747"},{"taxonomy":"product_cat","embeddable":true,"href":"https:\/\/staging6.peach-pump.com\/hr\/wp-json\/wp\/v2\/product_cat?post=34747"},{"taxonomy":"product_tag","embeddable":true,"href":"https:\/\/staging6.peach-pump.com\/hr\/wp-json\/wp\/v2\/product_tag?post=34747"}],"curies":[{"name":"wp","href":"https:\/\/api.w.org\/{rel}","templated":true}]}}